{"id":58346,"date":"2025-06-25T10:06:09","date_gmt":"2025-06-25T08:06:09","guid":{"rendered":"https:\/\/www.fleurop-home.ch\/de-ch\/p\/gardenwool-winterschutzmatte-farbig-rot"},"modified":"2025-07-30T09:08:00","modified_gmt":"2025-07-30T07:08:00","slug":"gardenwool-winterschutzmatte-farbig-rot","status":"publish","type":"product","link":"https:\/\/www.fleurop-home.ch\/de-ch\/p\/gardenwool-winterschutzmatte-farbig-rot","title":{"rendered":"GardenWool Winterschutzmatte farbig rot"},"content":{"rendered":"<p>Mit der farbigen GardenWool Winterschutzmatte in Rot musst du dich w\u00e4hrend st\u00fcrmischer und verschneiter Tage keine Sorgen mehr um deine Pflanzen machen. Genau wie Schafe im Winter sch\u00fctzt dieser Wollfilz deine Pflanzen vor K\u00e4lte und Frost. Die Anwendung ist denkbar einfach: Lege die Filzmatte um den Baum oder Strauch und binde sie mit einer Bindeschnur oder Kordel fest. Die Matten sind individuell zuschneidbar, um sich perfekt an deine Bed\u00fcrfnisse anzupassen. GardenWool bietet dir die \u00d6kologische und praktische L\u00f6sung f\u00fcr den Winter. Dekoratives und w\u00e4rmeisolierendes Schafwollvlies in verschiedenen Farben f\u00fcr unterschiedliche Anwendungsm\u00f6glichkeiten im Garten, Wintergarten und Wohnraum. Perfekt geeignet f\u00fcr deine Weihnachts- und Oster-Dekoration!<\/p>\n<p>200 x 20 x 0.3 cm, 300 g\/m2<\/p>\n","protected":false},"excerpt":{"rendered":"<p>Natur pur aus 100 % Schafwolle Mit der farbigen GardenWool Winterschutzmatte<\/p>\n","protected":false},"featured_media":58486,"template":"","meta":[],"product_brand":[],"product_cat":[39,34,1124],"product_tag":[973],"woo-feed-brand":[],"class_list":{"0":"post-58346","1":"product","2":"type-product","3":"status-publish","4":"has-post-thumbnail","6":"product_cat-gartenzubehoer","7":"product_cat-garten-balkon","8":"product_cat-schutz","9":"product_tag-samen-mauser","11":"first","12":"instock","13":"taxable","14":"shipping-taxable","15":"purchasable","16":"product-type-simple"},"_links":{"self":[{"href":"https:\/\/www.fleurop-home.ch\/de-ch\/wp-json\/wp\/v2\/product\/58346","targetHints":{"allow":["GET"]}}],"collection":[{"href":"https:\/\/www.fleurop-home.ch\/de-ch\/wp-json\/wp\/v2\/product"}],"about":[{"href":"https:\/\/www.fleurop-home.ch\/de-ch\/wp-json\/wp\/v2\/types\/product"}],"wp:featuredmedia":[{"embeddable":true,"href":"https:\/\/www.fleurop-home.ch\/de-ch\/wp-json\/wp\/v2\/media\/58486"}],"wp:attachment":[{"href":"https:\/\/www.fleurop-home.ch\/de-ch\/wp-json\/wp\/v2\/media?parent=58346"}],"wp:term":[{"taxonomy":"product_brand","embeddable":true,"href":"https:\/\/www.fleurop-home.ch\/de-ch\/wp-json\/wp\/v2\/product_brand?post=58346"},{"taxonomy":"product_cat","embeddable":true,"href":"https:\/\/www.fleurop-home.ch\/de-ch\/wp-json\/wp\/v2\/product_cat?post=58346"},{"taxonomy":"product_tag","embeddable":true,"href":"https:\/\/www.fleurop-home.ch\/de-ch\/wp-json\/wp\/v2\/product_tag?post=58346"},{"taxonomy":"woo-feed-brand","embeddable":true,"href":"https:\/\/www.fleurop-home.ch\/de-ch\/wp-json\/wp\/v2\/woo-feed-brand?post=58346"}],"curies":[{"name":"wp","href":"https:\/\/api.w.org\/{rel}","templated":true}]}}