{"id":58340,"date":"2025-06-25T10:06:07","date_gmt":"2025-06-25T08:06:07","guid":{"rendered":"https:\/\/www.fleurop-home.ch\/de-ch\/p\/gardenwool-winterschutzmatte-naturweiss"},"modified":"2025-07-30T09:08:27","modified_gmt":"2025-07-30T07:08:27","slug":"gardenwool-winterschutzmatte-naturweiss-200-x-100cm","status":"publish","type":"product","link":"https:\/\/www.fleurop-home.ch\/de-ch\/p\/gardenwool-winterschutzmatte-naturweiss-200-x-100cm","title":{"rendered":"GardenWool Winterschutzmatte naturweiss, 200 x 100cm"},"content":{"rendered":"<p>Mit der farbigen GardenWool Winterschutzmatte in naturweiss musst du dich w\u00e4hrend st\u00fcrmischer und verschneiter Tage keine Sorgen mehr um deine Pflanzen machen. Genau wie Schafe im Winter sch\u00fctzt dieser Wollfilz deine Pflanzen vor K\u00e4lte und Frost. Die Anwendung ist denkbar einfach: Lege die Filzmatte um den Baum oder Strauch und binde sie mit einer Bindeschnur oder Kordel fest. Die Matten sind individuell zuschneidbar, um sich perfekt an deine Bed\u00fcrfnisse anzupassen. GardenWool bietet dir die nat\u00fcrliche Schutzh\u00fclle, die deine Pflanzen im Winter ben\u00f6tigen. Winterschutz f\u00fcr B\u00e4ume, Str\u00e4ucher und Topfpflanzen.<\/p>\n<p>200 x 100 x 0.5 cm, 500 g\/m2<\/p>\n","protected":false},"excerpt":{"rendered":"<p>Mit der GardenWool Winterschutzmatte in naturweiss musst du dich w\u00e4hrend st\u00fcrmischer und verschneiter Tage keine Sorgen mehr um deine Pflanzen machen.<\/p>\n","protected":false},"featured_media":58505,"template":"","meta":[],"product_brand":[],"product_cat":[39,34,1124],"product_tag":[973],"woo-feed-brand":[],"class_list":{"0":"post-58340","1":"product","2":"type-product","3":"status-publish","4":"has-post-thumbnail","6":"product_cat-gartenzubehoer","7":"product_cat-garten-balkon","8":"product_cat-schutz","9":"product_tag-samen-mauser","11":"first","12":"instock","13":"taxable","14":"shipping-taxable","15":"purchasable","16":"product-type-simple"},"_links":{"self":[{"href":"https:\/\/www.fleurop-home.ch\/de-ch\/wp-json\/wp\/v2\/product\/58340","targetHints":{"allow":["GET"]}}],"collection":[{"href":"https:\/\/www.fleurop-home.ch\/de-ch\/wp-json\/wp\/v2\/product"}],"about":[{"href":"https:\/\/www.fleurop-home.ch\/de-ch\/wp-json\/wp\/v2\/types\/product"}],"wp:featuredmedia":[{"embeddable":true,"href":"https:\/\/www.fleurop-home.ch\/de-ch\/wp-json\/wp\/v2\/media\/58505"}],"wp:attachment":[{"href":"https:\/\/www.fleurop-home.ch\/de-ch\/wp-json\/wp\/v2\/media?parent=58340"}],"wp:term":[{"taxonomy":"product_brand","embeddable":true,"href":"https:\/\/www.fleurop-home.ch\/de-ch\/wp-json\/wp\/v2\/product_brand?post=58340"},{"taxonomy":"product_cat","embeddable":true,"href":"https:\/\/www.fleurop-home.ch\/de-ch\/wp-json\/wp\/v2\/product_cat?post=58340"},{"taxonomy":"product_tag","embeddable":true,"href":"https:\/\/www.fleurop-home.ch\/de-ch\/wp-json\/wp\/v2\/product_tag?post=58340"},{"taxonomy":"woo-feed-brand","embeddable":true,"href":"https:\/\/www.fleurop-home.ch\/de-ch\/wp-json\/wp\/v2\/woo-feed-brand?post=58340"}],"curies":[{"name":"wp","href":"https:\/\/api.w.org\/{rel}","templated":true}]}}