{"id":58339,"date":"2025-06-25T10:06:07","date_gmt":"2025-06-25T08:06:07","guid":{"rendered":"https:\/\/www.fleurop-home.ch\/de-ch\/p\/gardenwool-frostschutzmatte-naturweiss"},"modified":"2025-07-30T09:08:21","modified_gmt":"2025-07-30T07:08:21","slug":"gardenwool-frostschutzmatte-naturweiss-200-x-100cm","status":"publish","type":"product","link":"https:\/\/www.fleurop-home.ch\/de-ch\/p\/gardenwool-frostschutzmatte-naturweiss-200-x-100cm","title":{"rendered":"GardenWool Frostschutzmatte naturweiss, 200 x 100cm"},"content":{"rendered":"<p>Die GardenWool Frostschutzmatte in Naturweiss besteht aus Natur pur, zu 100 % aus Schafwolle. Diese Wolldecke ist ideal f\u00fcr alle Gartenpflanzen und bietet einen zuverl\u00e4ssigen Schutz vor Frost, K\u00e4lte und Wind. Das Schafwollvlies eignet sich besonders f\u00fcr Jungpflanzen. Die Anwendung ist denkbar einfach: Lege die Filzmatte um den Baum oder Strauch und binde sie mit einer Bindeschnur oder Kordel fest. Die Matten sind individuell zuschneidbar, um sich perfekt an deine Bed\u00fcrfnisse anzupassen.<\/p>\n<p>200 x 100 x 0.2 cm, 150 g\/m2<\/p>\n<p>&nbsp;<\/p>\n","protected":false},"excerpt":{"rendered":"<p>Die GardenWool Frostschutzmatte in Naturweiss besteht aus Natur pur, zu 100 % aus Schafwolle. Diese Wolldecke ist ideal f\u00fcr alle Gartenpflanzen und bietet einen zuverl\u00e4ssigen Schutz vor Frost, K\u00e4lte und Wind.<\/p>\n","protected":false},"featured_media":58528,"template":"","meta":[],"product_brand":[],"product_cat":[39,34,1124],"product_tag":[973],"woo-feed-brand":[],"class_list":{"0":"post-58339","1":"product","2":"type-product","3":"status-publish","4":"has-post-thumbnail","6":"product_cat-gartenzubehoer","7":"product_cat-garten-balkon","8":"product_cat-schutz","9":"product_tag-samen-mauser","11":"first","12":"instock","13":"taxable","14":"shipping-taxable","15":"purchasable","16":"product-type-simple"},"_links":{"self":[{"href":"https:\/\/www.fleurop-home.ch\/de-ch\/wp-json\/wp\/v2\/product\/58339","targetHints":{"allow":["GET"]}}],"collection":[{"href":"https:\/\/www.fleurop-home.ch\/de-ch\/wp-json\/wp\/v2\/product"}],"about":[{"href":"https:\/\/www.fleurop-home.ch\/de-ch\/wp-json\/wp\/v2\/types\/product"}],"wp:featuredmedia":[{"embeddable":true,"href":"https:\/\/www.fleurop-home.ch\/de-ch\/wp-json\/wp\/v2\/media\/58528"}],"wp:attachment":[{"href":"https:\/\/www.fleurop-home.ch\/de-ch\/wp-json\/wp\/v2\/media?parent=58339"}],"wp:term":[{"taxonomy":"product_brand","embeddable":true,"href":"https:\/\/www.fleurop-home.ch\/de-ch\/wp-json\/wp\/v2\/product_brand?post=58339"},{"taxonomy":"product_cat","embeddable":true,"href":"https:\/\/www.fleurop-home.ch\/de-ch\/wp-json\/wp\/v2\/product_cat?post=58339"},{"taxonomy":"product_tag","embeddable":true,"href":"https:\/\/www.fleurop-home.ch\/de-ch\/wp-json\/wp\/v2\/product_tag?post=58339"},{"taxonomy":"woo-feed-brand","embeddable":true,"href":"https:\/\/www.fleurop-home.ch\/de-ch\/wp-json\/wp\/v2\/woo-feed-brand?post=58339"}],"curies":[{"name":"wp","href":"https:\/\/api.w.org\/{rel}","templated":true}]}}