{"id":58331,"date":"2025-06-25T10:06:04","date_gmt":"2025-06-25T08:06:04","guid":{"rendered":"https:\/\/www.fleurop-home.ch\/de-ch\/p\/topf-schutz-l"},"modified":"2025-07-30T09:12:38","modified_gmt":"2025-07-30T07:12:38","slug":"topf-schutz-l","status":"publish","type":"product","link":"https:\/\/www.fleurop-home.ch\/de-ch\/p\/topf-schutz-l","title":{"rendered":"Topf-Schutz L"},"content":{"rendered":"<p>Sch\u00fctze deine Pflanzen vor K\u00e4lte, Wind und Regen mit diesem hochwertigen Micro-Vlies. Der Klettverschluss sorgt f\u00fcr eine einfache Handhabung, w\u00e4hrend die perfekte D\u00e4mmung durch den 4 cm Isolierboden, die doppellagige Noppenfolie und den Schn\u00fcrverschluss gew\u00e4hrleistet ist.<\/p>\n<p>Gr\u00f6sse 50 cm x \u00d8 45 cm<\/p>\n","protected":false},"excerpt":{"rendered":"<p>Micro-Vlies f\u00fcr den optimalen Winterschutz deiner Topfpflanzen<\/p>\n","protected":false},"featured_media":58435,"template":"","meta":[],"product_brand":[],"product_cat":[39,34,1124],"product_tag":[973],"woo-feed-brand":[],"class_list":{"0":"post-58331","1":"product","2":"type-product","3":"status-publish","4":"has-post-thumbnail","6":"product_cat-gartenzubehoer","7":"product_cat-garten-balkon","8":"product_cat-schutz","9":"product_tag-samen-mauser","11":"first","12":"instock","13":"taxable","14":"shipping-taxable","15":"purchasable","16":"product-type-simple"},"_links":{"self":[{"href":"https:\/\/www.fleurop-home.ch\/de-ch\/wp-json\/wp\/v2\/product\/58331","targetHints":{"allow":["GET"]}}],"collection":[{"href":"https:\/\/www.fleurop-home.ch\/de-ch\/wp-json\/wp\/v2\/product"}],"about":[{"href":"https:\/\/www.fleurop-home.ch\/de-ch\/wp-json\/wp\/v2\/types\/product"}],"wp:featuredmedia":[{"embeddable":true,"href":"https:\/\/www.fleurop-home.ch\/de-ch\/wp-json\/wp\/v2\/media\/58435"}],"wp:attachment":[{"href":"https:\/\/www.fleurop-home.ch\/de-ch\/wp-json\/wp\/v2\/media?parent=58331"}],"wp:term":[{"taxonomy":"product_brand","embeddable":true,"href":"https:\/\/www.fleurop-home.ch\/de-ch\/wp-json\/wp\/v2\/product_brand?post=58331"},{"taxonomy":"product_cat","embeddable":true,"href":"https:\/\/www.fleurop-home.ch\/de-ch\/wp-json\/wp\/v2\/product_cat?post=58331"},{"taxonomy":"product_tag","embeddable":true,"href":"https:\/\/www.fleurop-home.ch\/de-ch\/wp-json\/wp\/v2\/product_tag?post=58331"},{"taxonomy":"woo-feed-brand","embeddable":true,"href":"https:\/\/www.fleurop-home.ch\/de-ch\/wp-json\/wp\/v2\/woo-feed-brand?post=58331"}],"curies":[{"name":"wp","href":"https:\/\/api.w.org\/{rel}","templated":true}]}}