{"id":58330,"date":"2025-07-01T16:26:25","date_gmt":"2025-07-01T14:26:25","guid":{"rendered":"https:\/\/www.fleurop-home.ch\/de-ch\/p\/kbelpflanzensack-mammut"},"modified":"2025-08-05T10:50:28","modified_gmt":"2025-08-05T08:50:28","slug":"kuebelpflanzensack-mammut","status":"publish","type":"product","link":"https:\/\/www.fleurop-home.ch\/de-ch\/p\/kuebelpflanzensack-mammut","title":{"rendered":"K\u00fcbelpflanzensack MAMMUT"},"content":{"rendered":"<p>Ideal f\u00fcr Beete und K\u00fcbel. Extrem witterungsbest\u00e4ndiges, reissfest gewebtes Material. UV-best\u00e4ndig und wiederverwendbar-dadurch \u00e4usserst nachhaltig. Einfache Handhabung durch Reissverschluss und 2 praktische Schn\u00fcrverschl\u00fcsse. Schutz vor K\u00e4lte, Wind, Schnee, Regen &amp; Austrocknung. Schutz von Trieben und Kronen. UV-best\u00e4ndig und lichtdurchl\u00e4ssig. Reissfest und atmungsaktiv.<\/p>\n<p>Gr\u00f6sse 360 x 250 cm<\/p>\n","protected":false},"excerpt":{"rendered":"<p>Extra grosses Micro-Vlies f\u00fcr sicheren Winterschutz deiner K\u00fcbelpflanzen<\/p>\n","protected":false},"featured_media":58637,"template":"","meta":[],"product_brand":[],"product_cat":[39,34,1124],"product_tag":[973],"woo-feed-brand":[],"class_list":{"0":"post-58330","1":"product","2":"type-product","3":"status-publish","4":"has-post-thumbnail","6":"product_cat-gartenzubehoer","7":"product_cat-garten-balkon","8":"product_cat-schutz","9":"product_tag-samen-mauser","11":"first","12":"instock","13":"taxable","14":"shipping-taxable","15":"purchasable","16":"product-type-simple"},"_links":{"self":[{"href":"https:\/\/www.fleurop-home.ch\/de-ch\/wp-json\/wp\/v2\/product\/58330","targetHints":{"allow":["GET"]}}],"collection":[{"href":"https:\/\/www.fleurop-home.ch\/de-ch\/wp-json\/wp\/v2\/product"}],"about":[{"href":"https:\/\/www.fleurop-home.ch\/de-ch\/wp-json\/wp\/v2\/types\/product"}],"wp:featuredmedia":[{"embeddable":true,"href":"https:\/\/www.fleurop-home.ch\/de-ch\/wp-json\/wp\/v2\/media\/58637"}],"wp:attachment":[{"href":"https:\/\/www.fleurop-home.ch\/de-ch\/wp-json\/wp\/v2\/media?parent=58330"}],"wp:term":[{"taxonomy":"product_brand","embeddable":true,"href":"https:\/\/www.fleurop-home.ch\/de-ch\/wp-json\/wp\/v2\/product_brand?post=58330"},{"taxonomy":"product_cat","embeddable":true,"href":"https:\/\/www.fleurop-home.ch\/de-ch\/wp-json\/wp\/v2\/product_cat?post=58330"},{"taxonomy":"product_tag","embeddable":true,"href":"https:\/\/www.fleurop-home.ch\/de-ch\/wp-json\/wp\/v2\/product_tag?post=58330"},{"taxonomy":"woo-feed-brand","embeddable":true,"href":"https:\/\/www.fleurop-home.ch\/de-ch\/wp-json\/wp\/v2\/woo-feed-brand?post=58330"}],"curies":[{"name":"wp","href":"https:\/\/api.w.org\/{rel}","templated":true}]}}