{"id":58329,"date":"2025-07-01T16:26:25","date_gmt":"2025-07-01T14:26:25","guid":{"rendered":"https:\/\/www.fleurop-home.ch\/de-ch\/p\/kbelpflanzensack-jumbo"},"modified":"2025-10-07T09:17:54","modified_gmt":"2025-10-07T07:17:54","slug":"kuebelpflanzensack-jumbo","status":"publish","type":"product","link":"https:\/\/www.fleurop-home.ch\/de-ch\/p\/kuebelpflanzensack-jumbo","title":{"rendered":"K\u00fcbelpflanzensack JUMBO"},"content":{"rendered":"<p>Ideal f\u00fcr Beete und K\u00fcbel. Hergestellt aus extrem witterungsbest\u00e4ndigem, reissfest gewebtem Material. Diese UV-best\u00e4ndige und wiederverwendbare Abdeckung ist \u00e4usserst nachhaltig. Einfache Handhabung dank Reissverschluss und 2 praktischen Schn\u00fcrverschl\u00fcssen. Bietet Schutz vor K\u00e4lte, Wind, Schnee, Regen und Austrocknung. Sch\u00fctzt Trieben und Kronen effektiv. UV-best\u00e4ndig, lichtdurchl\u00e4ssig, reissfest und atmungsaktiv.<\/p>\n<p>Gr\u00f6sse 200 x 240 cm<\/p>\n","protected":false},"excerpt":{"rendered":"<p>Extra grosses Micro-Vlies f\u00fcr sicheren Winterschutz deiner K\u00fcbelpflanzen<\/p>\n","protected":false},"featured_media":58638,"template":"","meta":[],"product_brand":[],"product_cat":[39,34,1124],"product_tag":[973],"woo-feed-brand":[],"class_list":{"0":"post-58329","1":"product","2":"type-product","3":"status-publish","4":"has-post-thumbnail","6":"product_cat-gartenzubehoer","7":"product_cat-garten-balkon","8":"product_cat-schutz","9":"product_tag-samen-mauser","11":"first","12":"instock","13":"taxable","14":"shipping-taxable","15":"purchasable","16":"product-type-simple"},"_links":{"self":[{"href":"https:\/\/www.fleurop-home.ch\/de-ch\/wp-json\/wp\/v2\/product\/58329","targetHints":{"allow":["GET"]}}],"collection":[{"href":"https:\/\/www.fleurop-home.ch\/de-ch\/wp-json\/wp\/v2\/product"}],"about":[{"href":"https:\/\/www.fleurop-home.ch\/de-ch\/wp-json\/wp\/v2\/types\/product"}],"wp:featuredmedia":[{"embeddable":true,"href":"https:\/\/www.fleurop-home.ch\/de-ch\/wp-json\/wp\/v2\/media\/58638"}],"wp:attachment":[{"href":"https:\/\/www.fleurop-home.ch\/de-ch\/wp-json\/wp\/v2\/media?parent=58329"}],"wp:term":[{"taxonomy":"product_brand","embeddable":true,"href":"https:\/\/www.fleurop-home.ch\/de-ch\/wp-json\/wp\/v2\/product_brand?post=58329"},{"taxonomy":"product_cat","embeddable":true,"href":"https:\/\/www.fleurop-home.ch\/de-ch\/wp-json\/wp\/v2\/product_cat?post=58329"},{"taxonomy":"product_tag","embeddable":true,"href":"https:\/\/www.fleurop-home.ch\/de-ch\/wp-json\/wp\/v2\/product_tag?post=58329"},{"taxonomy":"woo-feed-brand","embeddable":true,"href":"https:\/\/www.fleurop-home.ch\/de-ch\/wp-json\/wp\/v2\/woo-feed-brand?post=58329"}],"curies":[{"name":"wp","href":"https:\/\/api.w.org\/{rel}","templated":true}]}}