{"id":5824,"date":"2019-09-28T08:34:33","date_gmt":"2019-09-28T08:34:33","guid":{"rendered":"https:\/\/www.fleurop-home.ch\/?product=eine-edle-rosenbox-rund-in-schwarz-mit-5-roten-echten-stabilisierten-rosen-o-ca-13-cm"},"modified":"2026-03-31T07:55:05","modified_gmt":"2026-03-31T05:55:05","slug":"rosenbox-rund-5-rote-rosen-o-13-cm-stabilisiert","status":"publish","type":"product","link":"https:\/\/www.fleurop-home.ch\/de-ch\/p\/rosenbox-rund-5-rote-rosen-o-13-cm-stabilisiert","title":{"rendered":"Rosenbox-Rund 5 rote Rosen  \u00d8 13 cm &#8211; stabilisiert"},"content":{"rendered":"<p><span style=\"font-size: 11pt;\"><strong>Rosenbox &#8211; rund, in Schwarz, mit 5 roten, echten, stabilisierten Rosen\u00a0 \u00d8 ca. 13 cm<\/strong><\/span><\/p>\n<p>Wundersch\u00f6ne runde Rosenbox in Schwarz, mit echten, roten Rosen, die mit einer speziellen Methode stabilisiert (haltbar gemacht) wurden.<\/p>\n<p>Die elegante, runde Flower-Box in Schwarz ist mit einer weissen Kordel geschm\u00fcckt und eignet sich als Geschenk der Liebe zu jedem Anlass, sei es zur Hochzeit, zum Valentinstag oder \u00abeinfach so\u00bb. Die Rosenbox wurde von unserem Floristinnen-Team von Hand und mit viel Liebe gestaltet. Sie eignet sich auch als haltbarer Schmuck und Wohnaccessoire.<\/p>\n<p>Details: 5 Rosen, \u00d8 ca. 13 cm, H ca. 12 cm, ca. 2 -3 Jahre haltbar. Die Rosenbox kann als Deco seitlich auch einen feinen Silberrand haben.<\/p>\n<p>\u2022 F\u00fcr die Gestaltung werden zum Teil auch montierte Dekomaterialien sowie als technische Hilfsmittel Holz, Draht, Leim, Bast und \u00e4hnliches verwendet welche auch sichtbar sein k\u00f6nnen. Das Band sowie die Accessoires etc. k\u00f6nnen variieren. Die Box ist aus Karton\/Papier gestaltet und kann durch den Klebevorgang auch Klebstoffschattierungen\/Reste und Kanten aufweisen.<\/p>\n<p><em><strong>Bitte beachte unseren Pflegehinweis:<\/strong> <\/em><\/p>\n<p>Unsere stabilisierten Rosen ben\u00f6tigen weder Pflege noch Wasser. Sie bl\u00fchen \u00fcber Jahre, einfach so. Bei Raumtemperatur und an schattigen Standorten halten unsere stabilisierten Rosenbouquets am l\u00e4ngsten.<\/p>\n<p><em>Die Rosen k\u00f6nnen an Form und Farbe verlieren, wenn man sie: <\/em><\/p>\n<p>bew\u00e4ssert (auf keinen Fall bew\u00e4ssern!), oft oder grob anfasst (Staub mit einem weichen Pinsel entfernen), zu hoher Luftfeuchtigkeit oder direkter Sonneneinstrahlung aussetzt.<\/p>\n","protected":false},"excerpt":{"rendered":"<p>Wundersch\u00f6ne runde Rosenbox mit passender roter Schleife geschm\u00fcckt<\/p>\n","protected":false},"featured_media":5827,"template":"","meta":[],"product_brand":[],"product_cat":[102,23,26],"product_tag":[290],"woo-feed-brand":[],"class_list":{"0":"post-5824","1":"product","2":"type-product","3":"status-publish","4":"has-post-thumbnail","6":"product_cat-infinity-rosen","7":"product_cat-home-living","8":"product_cat-blumen-pflanzen","9":"product_tag-atelier-leutwyler","11":"first","12":"instock","13":"taxable","14":"shipping-taxable","15":"purchasable","16":"product-type-simple"},"_links":{"self":[{"href":"https:\/\/www.fleurop-home.ch\/de-ch\/wp-json\/wp\/v2\/product\/5824","targetHints":{"allow":["GET"]}}],"collection":[{"href":"https:\/\/www.fleurop-home.ch\/de-ch\/wp-json\/wp\/v2\/product"}],"about":[{"href":"https:\/\/www.fleurop-home.ch\/de-ch\/wp-json\/wp\/v2\/types\/product"}],"wp:featuredmedia":[{"embeddable":true,"href":"https:\/\/www.fleurop-home.ch\/de-ch\/wp-json\/wp\/v2\/media\/5827"}],"wp:attachment":[{"href":"https:\/\/www.fleurop-home.ch\/de-ch\/wp-json\/wp\/v2\/media?parent=5824"}],"wp:term":[{"taxonomy":"product_brand","embeddable":true,"href":"https:\/\/www.fleurop-home.ch\/de-ch\/wp-json\/wp\/v2\/product_brand?post=5824"},{"taxonomy":"product_cat","embeddable":true,"href":"https:\/\/www.fleurop-home.ch\/de-ch\/wp-json\/wp\/v2\/product_cat?post=5824"},{"taxonomy":"product_tag","embeddable":true,"href":"https:\/\/www.fleurop-home.ch\/de-ch\/wp-json\/wp\/v2\/product_tag?post=5824"},{"taxonomy":"woo-feed-brand","embeddable":true,"href":"https:\/\/www.fleurop-home.ch\/de-ch\/wp-json\/wp\/v2\/woo-feed-brand?post=5824"}],"curies":[{"name":"wp","href":"https:\/\/api.w.org\/{rel}","templated":true}]}}