{"id":58094,"date":"2025-06-24T14:25:13","date_gmt":"2025-06-24T12:25:13","guid":{"rendered":"https:\/\/www.fleurop-home.ch\/de-ch\/?post_type=product&#038;p=58094"},"modified":"2025-12-10T10:39:45","modified_gmt":"2025-12-10T09:39:45","slug":"balsamessig-apfel-und-birne","status":"publish","type":"product","link":"https:\/\/www.fleurop-home.ch\/de-ch\/p\/balsamessig-apfel-und-birne","title":{"rendered":"Balsamessig &#171;Apfel und Birne&#187;"},"content":{"rendered":"<p>Entdecke den Balsamessig &#171;Apfel und Birne&#187;\u201c als fruchtig-exotische Verfeinerung f\u00fcr deine K\u00fcche \u2013 \u00fcberraschend vielseitig und einfach himmlisch. Ein Genuss, der Gaumen und Seele verw\u00f6hnt.<\/p>\n<p>Ein Bieressig erobert den Gaumen. Die innovative Brauerei Locher aus Appenzell will dich mit ihrer neuen Linie Cr\u00e9aCeto kulinarisch inspirieren. Sie haben drei spezielle Balsamessige kreiert, welche aus Bieressig hergestellt werden. Veredelt mit exotischen Fr\u00fcchten von der Elfenbeink\u00fcste oder einheimischem Obst aus dem Appenzeller Vorderland ergeben sich die k\u00f6stlichen Balsamessige.<\/p>\n<p>Im Balsamessig \u201eApfel\/Birne\u201c kommt die Geschmacksf\u00fclle 28 verschiedener Apfel- und Birnensorten aus dem Appenzeller Vorderland zur vollen Entfaltung.<\/p>\n<p><strong>Inhalt: <\/strong>25 cl<\/p>\n","protected":false},"excerpt":{"rendered":"<p data-start=\"75\" data-end=\"254\">Die Linie Cr\u00e9aCeto l\u00e4dt zum Ausprobieren ein.<\/p>\n","protected":false},"featured_media":58096,"template":"","meta":[],"product_brand":[],"product_cat":[111,995,984,1208,909,915,42,885,52,54],"product_tag":[325],"woo-feed-brand":[],"class_list":{"0":"post-58094","1":"product","2":"type-product","3":"status-publish","4":"has-post-thumbnail","6":"product_cat-saucen","7":"product_cat-essen-trinken","8":"product_cat-silvester","9":"product_cat-ueber-25-chf","10":"product_cat-weihnachten","11":"product_cat-wichteln","12":"product_cat-kueche","13":"product_cat-koestlichkeiten","14":"product_cat-geschenke","15":"product_cat-feinkost","16":"product_tag-veg-and-the-city","18":"first","19":"instock","20":"taxable","21":"shipping-taxable","22":"purchasable","23":"product-type-simple"},"_links":{"self":[{"href":"https:\/\/www.fleurop-home.ch\/de-ch\/wp-json\/wp\/v2\/product\/58094","targetHints":{"allow":["GET"]}}],"collection":[{"href":"https:\/\/www.fleurop-home.ch\/de-ch\/wp-json\/wp\/v2\/product"}],"about":[{"href":"https:\/\/www.fleurop-home.ch\/de-ch\/wp-json\/wp\/v2\/types\/product"}],"wp:featuredmedia":[{"embeddable":true,"href":"https:\/\/www.fleurop-home.ch\/de-ch\/wp-json\/wp\/v2\/media\/58096"}],"wp:attachment":[{"href":"https:\/\/www.fleurop-home.ch\/de-ch\/wp-json\/wp\/v2\/media?parent=58094"}],"wp:term":[{"taxonomy":"product_brand","embeddable":true,"href":"https:\/\/www.fleurop-home.ch\/de-ch\/wp-json\/wp\/v2\/product_brand?post=58094"},{"taxonomy":"product_cat","embeddable":true,"href":"https:\/\/www.fleurop-home.ch\/de-ch\/wp-json\/wp\/v2\/product_cat?post=58094"},{"taxonomy":"product_tag","embeddable":true,"href":"https:\/\/www.fleurop-home.ch\/de-ch\/wp-json\/wp\/v2\/product_tag?post=58094"},{"taxonomy":"woo-feed-brand","embeddable":true,"href":"https:\/\/www.fleurop-home.ch\/de-ch\/wp-json\/wp\/v2\/woo-feed-brand?post=58094"}],"curies":[{"name":"wp","href":"https:\/\/api.w.org\/{rel}","templated":true}]}}