{"id":58063,"date":"2025-06-24T10:33:48","date_gmt":"2025-06-24T08:33:48","guid":{"rendered":"https:\/\/www.fleurop-home.ch\/de-ch\/?post_type=product&#038;p=58063"},"modified":"2026-04-01T14:57:25","modified_gmt":"2026-04-01T12:57:25","slug":"stoffbeutel-wildblumen","status":"publish","type":"product","link":"https:\/\/www.fleurop-home.ch\/de-ch\/p\/stoffbeutel-wildblumen","title":{"rendered":"Stoffbeutel &#171;Wildblumen&#187;"},"content":{"rendered":"<p>Die Stoffbeutel von Cavallini verbinden Nachhaltigkeit mit Stil. Die sch\u00f6ne Tasche besteht aus 100% nat\u00fcrlicher Baumwolle und kann immer wieder zum Einkaufen verwendet werden. So kannst du dir die Plastikt\u00fcten sparen und deine Eink\u00e4ufe sind erst noch viel h\u00fcbscher verpackt. Die Tragetasche ist mit einem wundersch\u00f6nen Wildblumen-Motiv aus dem Cavallini-Archiv versehen und verf\u00fcgt \u00fcber eine praktische Innentasche.<\/p>\n<p><strong>Material:<\/strong>\u00a0100% nat\u00fcrliche Baumwolle<\/p>\n<p><strong>Gr\u00f6sse:<\/strong>\u00a033 x 43 cm<\/p>\n","protected":false},"excerpt":{"rendered":"<p>Mit diesem liebevoll gestalteten Stoffbeutel brauchst du keine Plastikt\u00fcten mehr \u2013 und setzt gleichzeitig ein stilvolles Zeichen f\u00fcr Nachhaltigkeit.<\/p>\n","protected":false},"featured_media":58073,"template":"","meta":[],"product_brand":[],"product_cat":[31,23,1023,797,52,55],"product_tag":[325],"woo-feed-brand":[],"class_list":{"0":"post-58063","1":"product","2":"type-product","3":"status-publish","4":"has-post-thumbnail","6":"product_cat-heimtextilien","7":"product_cat-home-living","8":"product_cat-fuer-mama","9":"product_cat-muttertag","10":"product_cat-geschenke","11":"product_cat-blumige-geschenke","12":"product_tag-veg-and-the-city","14":"first","15":"instock","16":"taxable","17":"shipping-taxable","18":"purchasable","19":"product-type-simple"},"_links":{"self":[{"href":"https:\/\/www.fleurop-home.ch\/de-ch\/wp-json\/wp\/v2\/product\/58063","targetHints":{"allow":["GET"]}}],"collection":[{"href":"https:\/\/www.fleurop-home.ch\/de-ch\/wp-json\/wp\/v2\/product"}],"about":[{"href":"https:\/\/www.fleurop-home.ch\/de-ch\/wp-json\/wp\/v2\/types\/product"}],"wp:featuredmedia":[{"embeddable":true,"href":"https:\/\/www.fleurop-home.ch\/de-ch\/wp-json\/wp\/v2\/media\/58073"}],"wp:attachment":[{"href":"https:\/\/www.fleurop-home.ch\/de-ch\/wp-json\/wp\/v2\/media?parent=58063"}],"wp:term":[{"taxonomy":"product_brand","embeddable":true,"href":"https:\/\/www.fleurop-home.ch\/de-ch\/wp-json\/wp\/v2\/product_brand?post=58063"},{"taxonomy":"product_cat","embeddable":true,"href":"https:\/\/www.fleurop-home.ch\/de-ch\/wp-json\/wp\/v2\/product_cat?post=58063"},{"taxonomy":"product_tag","embeddable":true,"href":"https:\/\/www.fleurop-home.ch\/de-ch\/wp-json\/wp\/v2\/product_tag?post=58063"},{"taxonomy":"woo-feed-brand","embeddable":true,"href":"https:\/\/www.fleurop-home.ch\/de-ch\/wp-json\/wp\/v2\/woo-feed-brand?post=58063"}],"curies":[{"name":"wp","href":"https:\/\/api.w.org\/{rel}","templated":true}]}}