{"id":58042,"date":"2025-06-23T17:07:36","date_gmt":"2025-06-23T15:07:36","guid":{"rendered":"https:\/\/www.fleurop-home.ch\/de-ch\/?post_type=product&#038;p=58042"},"modified":"2026-04-01T14:57:26","modified_gmt":"2026-04-01T12:57:26","slug":"puzzle-wildblumen","status":"publish","type":"product","link":"https:\/\/www.fleurop-home.ch\/de-ch\/p\/puzzle-wildblumen","title":{"rendered":"Puzzle &#171;Wildblumen&#187;"},"content":{"rendered":"<p>Puzzeln ist nicht nur entspannend, sondern st\u00e4rkt auch deine Konzentration. Dieses wundersch\u00f6ne 1000-teilige Puzzle entf\u00fchrt dich St\u00fcck f\u00fcr St\u00fcck in einen traumhaften Blumengarten \u2013 ein Motiv aus dem historischen Cavallini-Archiv. Ideal f\u00fcr alle, die Blumen lieben und gerne zur Ruhe kommen.<\/p>\n<p>Das Puzzle wird in einer mit dem Motiv bedruckten Kartonr\u00f6hre geliefert. Die Puzzleteile sind zudem in einem feinen Baumwoll-T\u00e4schchen mit praktischem Kordelzug verstaut. Jedem Puzzle liegt als Vorlage ein Mini-Abbild des Motivs bei.<\/p>\n<p><strong>Gr\u00f6sse (BxH):<\/strong>\u00a055 x 70 cm<\/p>\n<p><strong>Teile:<\/strong>\u00a01000 St\u00fcck<\/p>\n<p><strong>H\u00f6he Verpackung:<\/strong>\u00a025.5 cm<\/p>\n","protected":false},"excerpt":{"rendered":"<p data-start=\"116\" data-end=\"455\">Sag Hallo zu deinem neuen Lieblingshobby!<\/p>\n","protected":false},"featured_media":58043,"template":"","meta":[],"product_brand":[],"product_cat":[1191,23,1023,797,30,52,55],"product_tag":[325],"woo-feed-brand":[],"class_list":{"0":"post-58042","1":"product","2":"type-product","3":"status-publish","4":"has-post-thumbnail","6":"product_cat-wanddeko","7":"product_cat-home-living","8":"product_cat-fuer-mama","9":"product_cat-muttertag","10":"product_cat-deko-accessoires","11":"product_cat-geschenke","12":"product_cat-blumige-geschenke","13":"product_tag-veg-and-the-city","15":"first","16":"instock","17":"taxable","18":"shipping-taxable","19":"purchasable","20":"product-type-simple"},"_links":{"self":[{"href":"https:\/\/www.fleurop-home.ch\/de-ch\/wp-json\/wp\/v2\/product\/58042","targetHints":{"allow":["GET"]}}],"collection":[{"href":"https:\/\/www.fleurop-home.ch\/de-ch\/wp-json\/wp\/v2\/product"}],"about":[{"href":"https:\/\/www.fleurop-home.ch\/de-ch\/wp-json\/wp\/v2\/types\/product"}],"wp:featuredmedia":[{"embeddable":true,"href":"https:\/\/www.fleurop-home.ch\/de-ch\/wp-json\/wp\/v2\/media\/58043"}],"wp:attachment":[{"href":"https:\/\/www.fleurop-home.ch\/de-ch\/wp-json\/wp\/v2\/media?parent=58042"}],"wp:term":[{"taxonomy":"product_brand","embeddable":true,"href":"https:\/\/www.fleurop-home.ch\/de-ch\/wp-json\/wp\/v2\/product_brand?post=58042"},{"taxonomy":"product_cat","embeddable":true,"href":"https:\/\/www.fleurop-home.ch\/de-ch\/wp-json\/wp\/v2\/product_cat?post=58042"},{"taxonomy":"product_tag","embeddable":true,"href":"https:\/\/www.fleurop-home.ch\/de-ch\/wp-json\/wp\/v2\/product_tag?post=58042"},{"taxonomy":"woo-feed-brand","embeddable":true,"href":"https:\/\/www.fleurop-home.ch\/de-ch\/wp-json\/wp\/v2\/woo-feed-brand?post=58042"}],"curies":[{"name":"wp","href":"https:\/\/api.w.org\/{rel}","templated":true}]}}