{"id":57758,"date":"2025-06-16T15:14:11","date_gmt":"2025-06-16T13:14:11","guid":{"rendered":"https:\/\/www.fleurop-home.ch\/de-ch\/?post_type=product&#038;p=57758"},"modified":"2026-04-01T14:57:26","modified_gmt":"2026-04-01T12:57:26","slug":"duftkerze-i-am-appreciated-9-5-x-7-cm","status":"publish","type":"product","link":"https:\/\/www.fleurop-home.ch\/de-ch\/p\/duftkerze-i-am-appreciated-9-5-x-7-cm","title":{"rendered":"Duftkerze &#171;I Am Appreciated&#187; &#8211; 9.5 x 7 cm"},"content":{"rendered":"<p><strong>Masse (DxH): <\/strong>9.5 x 7 cm<\/p>\n<p><strong>Material:<\/strong> Beton (Gef\u00e4ss), Sojawachs, nat\u00fcrlicher und unbehandelter Holzdocht<\/p>\n<p><strong>Dekoration:<\/strong> Rauchquarz, getrocknete Bl\u00fcten<\/p>\n<p><strong>Duft:<\/strong> Weisser Kakao, N\u00fcsse, Vanilleschoten<\/p>\n<p><strong>Brenndauer:<\/strong> \u00a0Ca. 30 Stunden<\/p>\n<p><strong>Besonderheiten:<\/strong><\/p>\n<ul>\n<li>Schweizer Handarbeit<\/li>\n<li>Kerzen sind frei von Parabenen, farbstofffrei, russfrei und vegan<\/li>\n<li>Duft\u00f6le sind phthalatfrei und ungiftig<\/li>\n<li>Gef\u00e4ss ist wiederverwendbar oder recycelbar<\/li>\n<\/ul>\n<p><strong><br \/>\nHinweis:<\/strong>\u00a0Um auf Nummer sicher zu gehen, empfehlen wir dir, die brennbaren Dekomaterialien (z.B. getrocknete Bl\u00fcten) zu entfernen. Du kannst die Sachen mit einem L\u00f6ffel vorsichtig heraussch\u00f6pfen. Die Edelsteine kannst du am Ende mit warmem Seifenwasser reinigen. Docht vor dem Anz\u00fcnden auf ca. 5 mm k\u00fcrzen<\/p>\n<p id=\"IVPR4NM\"><strong>Lieferumfang:<\/strong> 1 &#171;I Am Appreciated&#187; Duftkerze im Betongef\u00e4ss mit Deckel<\/p>\n","protected":false},"excerpt":{"rendered":"<p>Die handgegossenen Sojawachskerzen von <em data-start=\"137\" data-end=\"154\">A Scented Heart<\/em> erf\u00fcllen dein Zuhause mit einem zarten Duft und sorgen f\u00fcr eine warme, entspannende Atmosph\u00e4re, in der du dich rundum wohlf\u00fchlen kannst.<\/p>\n","protected":false},"featured_media":57760,"template":"","meta":[],"product_brand":[],"product_cat":[99,23,1023,797,28],"product_tag":[325],"woo-feed-brand":[],"class_list":{"0":"post-57758","1":"product","2":"type-product","3":"status-publish","4":"has-post-thumbnail","6":"product_cat-duftkerzen","7":"product_cat-home-living","8":"product_cat-fuer-mama","9":"product_cat-muttertag","10":"product_cat-kerzen-lichter","11":"product_tag-veg-and-the-city","13":"first","14":"instock","15":"taxable","16":"shipping-taxable","17":"purchasable","18":"product-type-simple"},"_links":{"self":[{"href":"https:\/\/www.fleurop-home.ch\/de-ch\/wp-json\/wp\/v2\/product\/57758","targetHints":{"allow":["GET"]}}],"collection":[{"href":"https:\/\/www.fleurop-home.ch\/de-ch\/wp-json\/wp\/v2\/product"}],"about":[{"href":"https:\/\/www.fleurop-home.ch\/de-ch\/wp-json\/wp\/v2\/types\/product"}],"wp:featuredmedia":[{"embeddable":true,"href":"https:\/\/www.fleurop-home.ch\/de-ch\/wp-json\/wp\/v2\/media\/57760"}],"wp:attachment":[{"href":"https:\/\/www.fleurop-home.ch\/de-ch\/wp-json\/wp\/v2\/media?parent=57758"}],"wp:term":[{"taxonomy":"product_brand","embeddable":true,"href":"https:\/\/www.fleurop-home.ch\/de-ch\/wp-json\/wp\/v2\/product_brand?post=57758"},{"taxonomy":"product_cat","embeddable":true,"href":"https:\/\/www.fleurop-home.ch\/de-ch\/wp-json\/wp\/v2\/product_cat?post=57758"},{"taxonomy":"product_tag","embeddable":true,"href":"https:\/\/www.fleurop-home.ch\/de-ch\/wp-json\/wp\/v2\/product_tag?post=57758"},{"taxonomy":"woo-feed-brand","embeddable":true,"href":"https:\/\/www.fleurop-home.ch\/de-ch\/wp-json\/wp\/v2\/woo-feed-brand?post=57758"}],"curies":[{"name":"wp","href":"https:\/\/api.w.org\/{rel}","templated":true}]}}