{"id":57741,"date":"2025-06-16T14:38:12","date_gmt":"2025-06-16T12:38:12","guid":{"rendered":"https:\/\/www.fleurop-home.ch\/de-ch\/?post_type=product&#038;p=57741"},"modified":"2025-07-17T07:54:20","modified_gmt":"2025-07-17T05:54:20","slug":"duftkerze-i-am-healing-9-5-x-7-cm","status":"publish","type":"product","link":"https:\/\/www.fleurop-home.ch\/de-ch\/p\/duftkerze-i-am-healing-9-5-x-7-cm","title":{"rendered":"Duftkerze &#171;I Am Healing&#187; &#8211; 9.5 x 7 cm"},"content":{"rendered":"<p><strong>Masse (DxH):<\/strong> 9.5 x 7 cm<\/p>\n<p><strong>Material:<\/strong> Beton (Gef\u00e4ss), Sojawachs, nat\u00fcrlicher und unbehandelter Holzdocht<\/p>\n<p><strong>Dekoration:<\/strong> Moosachat, biologisch abbaubarer Glitzer, getrocknete pflanzliche Produkte (bio)<\/p>\n<p><strong>Duft:<\/strong> Muskatnuss, Amber, Tabakbl\u00fcten und Vanilleschoten mit einem Hauch von Moschus<\/p>\n<p><strong>Brenndauer:\u00a0 <\/strong>Ca. 30 Stunden<\/p>\n<p><strong><br \/>\nBesonderheiten:<\/strong><\/p>\n<ul>\n<li>Schweizer Handarbeit<\/li>\n<li>Kerzen sind frei von Parabenen, farbstofffrei, russfrei und vegan<\/li>\n<li>Duft\u00f6le sind phthalatfrei und ungiftig<\/li>\n<li>Gef\u00e4ss ist wiederverwendbar oder recycelbar<\/li>\n<\/ul>\n<p><strong><br \/>\nHinweis: <\/strong><\/p>\n<ul>\n<li>Um auf Nummer sicher zu gehen, empfehlen wir dir, die brennbaren Dekomaterialien (z.B. getrocknete Bl\u00fcten) zu entfernen. Du kannst die Sachen mit einem L\u00f6ffel vorsichtig heraussch\u00f6pfen. Die Edelsteine kannst du am Ende mit warmem Seifenwasser reinigen.<\/li>\n<li>Docht vor dem Anz\u00fcnden auf ca. 5 mm k\u00fcrzen<\/li>\n<\/ul>\n<p><strong><br \/>\nLieferumfang:<\/strong> 1 &#171;I Am Healing&#187; Duftkerze im Betongef\u00e4ss mit Deckel<\/p>\n","protected":false},"excerpt":{"rendered":"<p>Die liebevoll gefertigten Sojawachskerzen von <em data-start=\"285\" data-end=\"302\">A Scented Heart<\/em> verstr\u00f6men nicht nur einen angenehmen Duft, sondern schaffen auch eine behagliche und beruhigende Stimmung in deinem Zuhause.<\/p>\n","protected":false},"featured_media":57748,"template":"","meta":[],"product_brand":[],"product_cat":[99,23,28],"product_tag":[325],"woo-feed-brand":[],"class_list":{"0":"post-57741","1":"product","2":"type-product","3":"status-publish","4":"has-post-thumbnail","6":"product_cat-duftkerzen","7":"product_cat-home-living","8":"product_cat-kerzen-lichter","9":"product_tag-veg-and-the-city","11":"first","12":"instock","13":"taxable","14":"shipping-taxable","15":"purchasable","16":"product-type-simple"},"_links":{"self":[{"href":"https:\/\/www.fleurop-home.ch\/de-ch\/wp-json\/wp\/v2\/product\/57741","targetHints":{"allow":["GET"]}}],"collection":[{"href":"https:\/\/www.fleurop-home.ch\/de-ch\/wp-json\/wp\/v2\/product"}],"about":[{"href":"https:\/\/www.fleurop-home.ch\/de-ch\/wp-json\/wp\/v2\/types\/product"}],"wp:featuredmedia":[{"embeddable":true,"href":"https:\/\/www.fleurop-home.ch\/de-ch\/wp-json\/wp\/v2\/media\/57748"}],"wp:attachment":[{"href":"https:\/\/www.fleurop-home.ch\/de-ch\/wp-json\/wp\/v2\/media?parent=57741"}],"wp:term":[{"taxonomy":"product_brand","embeddable":true,"href":"https:\/\/www.fleurop-home.ch\/de-ch\/wp-json\/wp\/v2\/product_brand?post=57741"},{"taxonomy":"product_cat","embeddable":true,"href":"https:\/\/www.fleurop-home.ch\/de-ch\/wp-json\/wp\/v2\/product_cat?post=57741"},{"taxonomy":"product_tag","embeddable":true,"href":"https:\/\/www.fleurop-home.ch\/de-ch\/wp-json\/wp\/v2\/product_tag?post=57741"},{"taxonomy":"woo-feed-brand","embeddable":true,"href":"https:\/\/www.fleurop-home.ch\/de-ch\/wp-json\/wp\/v2\/woo-feed-brand?post=57741"}],"curies":[{"name":"wp","href":"https:\/\/api.w.org\/{rel}","templated":true}]}}