{"id":57725,"date":"2025-06-16T09:40:30","date_gmt":"2025-06-16T07:40:30","guid":{"rendered":"https:\/\/www.fleurop-home.ch\/de-ch\/?post_type=product&#038;p=57725"},"modified":"2025-10-16T13:55:30","modified_gmt":"2025-10-16T11:55:30","slug":"duftkerze-moos-h-10-cm","status":"publish","type":"product","link":"https:\/\/www.fleurop-home.ch\/de-ch\/p\/duftkerze-moos-h-10-cm","title":{"rendered":"Duftkerze &#171;Moos&#187; &#8211; H 10 cm"},"content":{"rendered":"<p><strong>Masse (DxH):\u00a0\u00a0<\/strong>8 x 10 cm<\/p>\n<p><strong>Material:\u00a0\u00a0<\/strong>Sojawachs (bio), Baumwoll-Docht<\/p>\n<p><strong>Dekoration:\u00a0\u00a0<\/strong>Getrocknetes Moos<\/p>\n<p><strong>Duft:<\/strong>\u00a0Moos<\/p>\n<p><strong>Brenndauer:<\/strong>\u00a0Ca. 50 Stunden<\/p>\n<p><strong>Besonderheiten:<\/strong><\/p>\n<ul>\n<li>Vorteile von Sojawachs: Verursacht weniger Luftemissionen, l\u00e4ngere Brenndauer, biologisch abbaubar<\/li>\n<li>Handgefertigt in Lettland<\/li>\n<li>Nat\u00fcrliche D\u00fcfte und \u00e4therische \u00d6le<\/li>\n<\/ul>\n","protected":false},"excerpt":{"rendered":"<p>Diese Duftkerze mit echten Moosf\u00e4den bringt den Wald zu dir nach Hause und verstr\u00f6mt einen frischen, beruhigenden Duft \u2013 ideal, um nach einem langen Tag abzuschalten und in Gedanken durch stille W\u00e4lder zu wandern.<\/p>\n","protected":false},"featured_media":57727,"template":"","meta":[],"product_brand":[],"product_cat":[99,23,909,28,916],"product_tag":[325],"woo-feed-brand":[],"class_list":{"0":"post-57725","1":"product","2":"type-product","3":"status-publish","4":"has-post-thumbnail","6":"product_cat-duftkerzen","7":"product_cat-home-living","8":"product_cat-weihnachten","9":"product_cat-kerzen-lichter","10":"product_cat-praesente","11":"product_tag-veg-and-the-city","13":"first","14":"instock","15":"taxable","16":"shipping-taxable","17":"purchasable","18":"product-type-simple"},"_links":{"self":[{"href":"https:\/\/www.fleurop-home.ch\/de-ch\/wp-json\/wp\/v2\/product\/57725","targetHints":{"allow":["GET"]}}],"collection":[{"href":"https:\/\/www.fleurop-home.ch\/de-ch\/wp-json\/wp\/v2\/product"}],"about":[{"href":"https:\/\/www.fleurop-home.ch\/de-ch\/wp-json\/wp\/v2\/types\/product"}],"wp:featuredmedia":[{"embeddable":true,"href":"https:\/\/www.fleurop-home.ch\/de-ch\/wp-json\/wp\/v2\/media\/57727"}],"wp:attachment":[{"href":"https:\/\/www.fleurop-home.ch\/de-ch\/wp-json\/wp\/v2\/media?parent=57725"}],"wp:term":[{"taxonomy":"product_brand","embeddable":true,"href":"https:\/\/www.fleurop-home.ch\/de-ch\/wp-json\/wp\/v2\/product_brand?post=57725"},{"taxonomy":"product_cat","embeddable":true,"href":"https:\/\/www.fleurop-home.ch\/de-ch\/wp-json\/wp\/v2\/product_cat?post=57725"},{"taxonomy":"product_tag","embeddable":true,"href":"https:\/\/www.fleurop-home.ch\/de-ch\/wp-json\/wp\/v2\/product_tag?post=57725"},{"taxonomy":"woo-feed-brand","embeddable":true,"href":"https:\/\/www.fleurop-home.ch\/de-ch\/wp-json\/wp\/v2\/woo-feed-brand?post=57725"}],"curies":[{"name":"wp","href":"https:\/\/api.w.org\/{rel}","templated":true}]}}