{"id":57722,"date":"2025-06-16T09:08:29","date_gmt":"2025-06-16T07:08:29","guid":{"rendered":"https:\/\/www.fleurop-home.ch\/de-ch\/?post_type=product&#038;p=57722"},"modified":"2025-10-16T13:55:31","modified_gmt":"2025-10-16T11:55:31","slug":"duftkerze-vogelbeere-und-heidelbeere-h-11-5-cm","status":"publish","type":"product","link":"https:\/\/www.fleurop-home.ch\/de-ch\/p\/duftkerze-vogelbeere-und-heidelbeere-h-11-5-cm","title":{"rendered":"Duftkerze Vogelbeere und Heidelbeere &#8211; H 11.5 cm"},"content":{"rendered":"<p><strong>Masse (DxH):\u00a0\u00a0<\/strong>13 x 11.5 cm<\/p>\n<p><strong>Material:\u00a0\u00a0<\/strong>Sojawachs (bio), Baumwoll-Docht<\/p>\n<p><strong>Dekoration:\u00a0\u00a0<\/strong>Getrocknete Vogelbeere und Heidelbeere<\/p>\n<p><strong>Duft:\u00a0\u00a0<\/strong>Vogelbeere und Heidelbeere<\/p>\n<p><strong>Brenndauer:<\/strong>\u00a0Ca. 100 Stunden<\/p>\n<p><strong>Besonderheiten:<\/strong><\/p>\n<ul>\n<li>3 Dochte<\/li>\n<li>Vorteile von Sojawachs: Verursacht weniger Luftemissionen, l\u00e4ngere Brenndauer, biologisch abbaubar<\/li>\n<li>Handgefertigt in Lettland<\/li>\n<li>Nat\u00fcrliche D\u00fcfte und \u00e4therische \u00d6le<\/li>\n<\/ul>\n","protected":false},"excerpt":{"rendered":"<p>Mit dem Duft von Heidelbeerbl\u00e4ttern und Esche bringt diese Kerze herbstliche W\u00e4rme und gem\u00fctliches Licht in dein Zuhause.<\/p>\n","protected":false},"featured_media":57739,"template":"","meta":[],"product_brand":[],"product_cat":[99,23,909,28,916],"product_tag":[325],"woo-feed-brand":[],"class_list":{"0":"post-57722","1":"product","2":"type-product","3":"status-publish","4":"has-post-thumbnail","6":"product_cat-duftkerzen","7":"product_cat-home-living","8":"product_cat-weihnachten","9":"product_cat-kerzen-lichter","10":"product_cat-praesente","11":"product_tag-veg-and-the-city","13":"first","14":"instock","15":"taxable","16":"shipping-taxable","17":"purchasable","18":"product-type-simple"},"_links":{"self":[{"href":"https:\/\/www.fleurop-home.ch\/de-ch\/wp-json\/wp\/v2\/product\/57722","targetHints":{"allow":["GET"]}}],"collection":[{"href":"https:\/\/www.fleurop-home.ch\/de-ch\/wp-json\/wp\/v2\/product"}],"about":[{"href":"https:\/\/www.fleurop-home.ch\/de-ch\/wp-json\/wp\/v2\/types\/product"}],"wp:featuredmedia":[{"embeddable":true,"href":"https:\/\/www.fleurop-home.ch\/de-ch\/wp-json\/wp\/v2\/media\/57739"}],"wp:attachment":[{"href":"https:\/\/www.fleurop-home.ch\/de-ch\/wp-json\/wp\/v2\/media?parent=57722"}],"wp:term":[{"taxonomy":"product_brand","embeddable":true,"href":"https:\/\/www.fleurop-home.ch\/de-ch\/wp-json\/wp\/v2\/product_brand?post=57722"},{"taxonomy":"product_cat","embeddable":true,"href":"https:\/\/www.fleurop-home.ch\/de-ch\/wp-json\/wp\/v2\/product_cat?post=57722"},{"taxonomy":"product_tag","embeddable":true,"href":"https:\/\/www.fleurop-home.ch\/de-ch\/wp-json\/wp\/v2\/product_tag?post=57722"},{"taxonomy":"woo-feed-brand","embeddable":true,"href":"https:\/\/www.fleurop-home.ch\/de-ch\/wp-json\/wp\/v2\/woo-feed-brand?post=57722"}],"curies":[{"name":"wp","href":"https:\/\/api.w.org\/{rel}","templated":true}]}}