{"id":57658,"date":"2025-06-08T14:15:24","date_gmt":"2025-06-08T12:15:24","guid":{"rendered":"https:\/\/www.fleurop-home.ch\/de-ch\/?post_type=product&#038;p=57658"},"modified":"2026-01-12T14:00:31","modified_gmt":"2026-01-12T13:00:31","slug":"candle-in-double-walles-glass-496-gr-belle-vie","status":"publish","type":"product","link":"https:\/\/www.fleurop-home.ch\/de-ch\/p\/candle-in-double-walles-glass-496-gr-belle-vie","title":{"rendered":"Candle in Double Walles Glass 496 gr Belle Vie"},"content":{"rendered":"<p>Diese Duftkerzen sind perfekt als Mitbringsel oder f\u00fcr einzelne R\u00e4ume. Sie verleihen jedem Raum einen eleganten, charmanten Duft. Gr\u00f6sse 9x9x10 cm, Brenndauer mindestens 48 Stunden<\/p>\n","protected":false},"excerpt":{"rendered":"<p>Diese Duftkerzen sind perfekt als Mitbringsel oder f\u00fcr einzelne R\u00e4ume. Sie verleihen jedem Raum einen eleganten, charmanten Duft. Gr\u00f6sse 9x9x10 cm, Brenndauer mindestens 48 Stunden<\/p>\n","protected":false},"featured_media":57659,"template":"","meta":[],"product_brand":[],"product_cat":[99,23,1000,999,28],"product_tag":[1094],"woo-feed-brand":[],"class_list":{"0":"post-57658","1":"product","2":"type-product","3":"status-publish","4":"has-post-thumbnail","6":"product_cat-duftkerzen","7":"product_cat-home-living","8":"product_cat-valentinstagsdeko","9":"product_cat-valentinstag","10":"product_cat-kerzen-lichter","11":"product_tag-corinas","13":"first","14":"instock","15":"taxable","16":"shipping-taxable","17":"purchasable","18":"product-type-simple"},"_links":{"self":[{"href":"https:\/\/www.fleurop-home.ch\/de-ch\/wp-json\/wp\/v2\/product\/57658","targetHints":{"allow":["GET"]}}],"collection":[{"href":"https:\/\/www.fleurop-home.ch\/de-ch\/wp-json\/wp\/v2\/product"}],"about":[{"href":"https:\/\/www.fleurop-home.ch\/de-ch\/wp-json\/wp\/v2\/types\/product"}],"wp:featuredmedia":[{"embeddable":true,"href":"https:\/\/www.fleurop-home.ch\/de-ch\/wp-json\/wp\/v2\/media\/57659"}],"wp:attachment":[{"href":"https:\/\/www.fleurop-home.ch\/de-ch\/wp-json\/wp\/v2\/media?parent=57658"}],"wp:term":[{"taxonomy":"product_brand","embeddable":true,"href":"https:\/\/www.fleurop-home.ch\/de-ch\/wp-json\/wp\/v2\/product_brand?post=57658"},{"taxonomy":"product_cat","embeddable":true,"href":"https:\/\/www.fleurop-home.ch\/de-ch\/wp-json\/wp\/v2\/product_cat?post=57658"},{"taxonomy":"product_tag","embeddable":true,"href":"https:\/\/www.fleurop-home.ch\/de-ch\/wp-json\/wp\/v2\/product_tag?post=57658"},{"taxonomy":"woo-feed-brand","embeddable":true,"href":"https:\/\/www.fleurop-home.ch\/de-ch\/wp-json\/wp\/v2\/woo-feed-brand?post=57658"}],"curies":[{"name":"wp","href":"https:\/\/api.w.org\/{rel}","templated":true}]}}