{"id":57653,"date":"2025-06-08T14:04:56","date_gmt":"2025-06-08T12:04:56","guid":{"rendered":"https:\/\/www.fleurop-home.ch\/de-ch\/?post_type=product&#038;p=57653"},"modified":"2025-11-04T14:14:09","modified_gmt":"2025-11-04T13:14:09","slug":"candle-in-double-walles-glass-496-gr-white-tea","status":"publish","type":"product","link":"https:\/\/www.fleurop-home.ch\/de-ch\/p\/candle-in-double-walles-glass-496-gr-white-tea","title":{"rendered":"Candle in Double Walles Glass 496 gr white tea"},"content":{"rendered":"<p>Diese Duftkerzen sind perfekt als Mitbringsel oder f\u00fcr einzelne R\u00e4ume. Sie verleihen jedem Raum einen eleganten, charmanten Duft. Gr\u00f6sse 9x9x10 cm, Brenndauer mindestens 48 Stunden<\/p>\n","protected":false},"excerpt":{"rendered":"<p>Diese Duftkerzen sind perfekt als Mitbringsel oder f\u00fcr einzelne R\u00e4ume. Sie verleihen jedem Raum einen eleganten, charmanten Duft. Gr\u00f6sse 9x9x10 cm, Brenndauer mindestens 48 Stunden<\/p>\n","protected":false},"featured_media":57654,"template":"","meta":[],"product_brand":[],"product_cat":[99,23,1207,909,28,915],"product_tag":[1094],"woo-feed-brand":[],"class_list":{"0":"post-57653","1":"product","2":"type-product","3":"status-publish","4":"has-post-thumbnail","6":"product_cat-duftkerzen","7":"product_cat-home-living","8":"product_cat-unter-25-chf","9":"product_cat-weihnachten","10":"product_cat-kerzen-lichter","11":"product_cat-wichteln","12":"product_tag-corinas","14":"first","15":"instock","16":"taxable","17":"shipping-taxable","18":"purchasable","19":"product-type-simple"},"_links":{"self":[{"href":"https:\/\/www.fleurop-home.ch\/de-ch\/wp-json\/wp\/v2\/product\/57653","targetHints":{"allow":["GET"]}}],"collection":[{"href":"https:\/\/www.fleurop-home.ch\/de-ch\/wp-json\/wp\/v2\/product"}],"about":[{"href":"https:\/\/www.fleurop-home.ch\/de-ch\/wp-json\/wp\/v2\/types\/product"}],"wp:featuredmedia":[{"embeddable":true,"href":"https:\/\/www.fleurop-home.ch\/de-ch\/wp-json\/wp\/v2\/media\/57654"}],"wp:attachment":[{"href":"https:\/\/www.fleurop-home.ch\/de-ch\/wp-json\/wp\/v2\/media?parent=57653"}],"wp:term":[{"taxonomy":"product_brand","embeddable":true,"href":"https:\/\/www.fleurop-home.ch\/de-ch\/wp-json\/wp\/v2\/product_brand?post=57653"},{"taxonomy":"product_cat","embeddable":true,"href":"https:\/\/www.fleurop-home.ch\/de-ch\/wp-json\/wp\/v2\/product_cat?post=57653"},{"taxonomy":"product_tag","embeddable":true,"href":"https:\/\/www.fleurop-home.ch\/de-ch\/wp-json\/wp\/v2\/product_tag?post=57653"},{"taxonomy":"woo-feed-brand","embeddable":true,"href":"https:\/\/www.fleurop-home.ch\/de-ch\/wp-json\/wp\/v2\/woo-feed-brand?post=57653"}],"curies":[{"name":"wp","href":"https:\/\/api.w.org\/{rel}","templated":true}]}}