{"id":57651,"date":"2025-06-08T13:54:21","date_gmt":"2025-06-08T11:54:21","guid":{"rendered":"https:\/\/www.fleurop-home.ch\/de-ch\/?post_type=product&#038;p=57651"},"modified":"2026-02-27T14:11:38","modified_gmt":"2026-02-27T13:11:38","slug":"candle-in-double-walles-glass-496-gr-magnolia","status":"publish","type":"product","link":"https:\/\/www.fleurop-home.ch\/de-ch\/p\/candle-in-double-walles-glass-496-gr-magnolia","title":{"rendered":"Candle in Double Walles Glass 496 gr Magnolia"},"content":{"rendered":"<p>Diese Duftkerzen sind perfekt als Mitbringsel oder f\u00fcr einzelne R\u00e4ume. Sie verleihen jedem Raum einen eleganten, charmanten Duft. Gr\u00f6sse 9x9x10 cm, Brenndauer mindestens 48 Stunden<\/p>\n","protected":false},"excerpt":{"rendered":"<p>Diese Duftkerzen sind perfekt als Mitbringsel oder f\u00fcr einzelne R\u00e4ume. Sie verleihen jedem Raum einen eleganten, charmanten Duft. Gr\u00f6sse 9x9x10 cm, Brenndauer mindestens 48 Stunden<\/p>\n","protected":false},"featured_media":67225,"template":"","meta":[],"product_brand":[],"product_cat":[99,23,28],"product_tag":[1094],"woo-feed-brand":[],"class_list":{"0":"post-57651","1":"product","2":"type-product","3":"status-publish","4":"has-post-thumbnail","6":"product_cat-duftkerzen","7":"product_cat-home-living","8":"product_cat-kerzen-lichter","9":"product_tag-corinas","11":"first","12":"instock","13":"taxable","14":"shipping-taxable","15":"purchasable","16":"product-type-simple"},"_links":{"self":[{"href":"https:\/\/www.fleurop-home.ch\/de-ch\/wp-json\/wp\/v2\/product\/57651","targetHints":{"allow":["GET"]}}],"collection":[{"href":"https:\/\/www.fleurop-home.ch\/de-ch\/wp-json\/wp\/v2\/product"}],"about":[{"href":"https:\/\/www.fleurop-home.ch\/de-ch\/wp-json\/wp\/v2\/types\/product"}],"wp:featuredmedia":[{"embeddable":true,"href":"https:\/\/www.fleurop-home.ch\/de-ch\/wp-json\/wp\/v2\/media\/67225"}],"wp:attachment":[{"href":"https:\/\/www.fleurop-home.ch\/de-ch\/wp-json\/wp\/v2\/media?parent=57651"}],"wp:term":[{"taxonomy":"product_brand","embeddable":true,"href":"https:\/\/www.fleurop-home.ch\/de-ch\/wp-json\/wp\/v2\/product_brand?post=57651"},{"taxonomy":"product_cat","embeddable":true,"href":"https:\/\/www.fleurop-home.ch\/de-ch\/wp-json\/wp\/v2\/product_cat?post=57651"},{"taxonomy":"product_tag","embeddable":true,"href":"https:\/\/www.fleurop-home.ch\/de-ch\/wp-json\/wp\/v2\/product_tag?post=57651"},{"taxonomy":"woo-feed-brand","embeddable":true,"href":"https:\/\/www.fleurop-home.ch\/de-ch\/wp-json\/wp\/v2\/woo-feed-brand?post=57651"}],"curies":[{"name":"wp","href":"https:\/\/api.w.org\/{rel}","templated":true}]}}