{"id":56128,"date":"2025-05-23T11:53:06","date_gmt":"2025-05-23T09:53:06","guid":{"rendered":"https:\/\/www.fleurop-home.ch\/de-ch\/p\/reed-diffuser-inkl-glas-und-staebchen-150-ml-madame-coco-glass-brown"},"modified":"2026-03-09T10:13:05","modified_gmt":"2026-03-09T09:13:05","slug":"reed-diffuser-inkl-glas-und-staebchen-150-ml-madame-coco-glass-brown","status":"publish","type":"product","link":"https:\/\/www.fleurop-home.ch\/de-ch\/p\/reed-diffuser-inkl-glas-und-staebchen-150-ml-madame-coco-glass-brown","title":{"rendered":"Reed Diffuser inkl Glas und St\u00e4bchen 150 ml Madame Coco &amp; Glass Brown"},"content":{"rendered":"<p>Die fertigen Duftst\u00e4bchen Sets sind purer Genuss, perfekt zum Verschenken oder Beschenktwerden! Das ultimative Dufterlebis f\u00fcr Zuhause oder im B\u00fcro.<\/p>\n<p>Im Lieferumfang sind das Glas, der Raumduft und die Duftst\u00e4bchen enthalten. Mit 150 ml Inhalt sorgt dieses Duftst\u00e4bchen-Set f\u00fcr eine langanhaltende, angenehme Duftverteilung \u2013 ganz ohne Flamme oder Strom. Ideal f\u00fcr minimalistisch eingerichtete Wohnr\u00e4ume, Arbeitsbereiche oder das Schlafzimmer.<\/p>\n<p>Im Set enthalten:<br \/>\n\u2013 1x Glasflakon<br \/>\n\u2013 1x Raumduft 150 ml<br \/>\n\u2013 1x Set nat\u00fcrlicher Duftst\u00e4bchen<\/p>\n<p>Tipp als Geschenk:<br \/>\nF\u00fcr alle, die das Besondere lieben \u2013 als edles Duftgeschenk f\u00fcr Freund:innen, Kolleg:innen oder zur Einweihung perfekt geeignet.<\/p>\n","protected":false},"excerpt":{"rendered":"<p>Das perfekte Mitbringsel f\u00fcr Freunde oder Kunden<\/p>\n","protected":false},"featured_media":56137,"template":"","meta":[],"product_brand":[],"product_cat":[51,48,1247],"product_tag":[1094],"woo-feed-brand":[],"class_list":{"0":"post-56128","1":"product","2":"type-product","3":"status-publish","4":"has-post-thumbnail","6":"product_cat-raumduefte","7":"product_cat-bad-wellness","8":"product_cat-sale","9":"product_tag-corinas","11":"first","12":"instock","13":"sale","14":"taxable","15":"shipping-taxable","16":"purchasable","17":"product-type-simple"},"_links":{"self":[{"href":"https:\/\/www.fleurop-home.ch\/de-ch\/wp-json\/wp\/v2\/product\/56128","targetHints":{"allow":["GET"]}}],"collection":[{"href":"https:\/\/www.fleurop-home.ch\/de-ch\/wp-json\/wp\/v2\/product"}],"about":[{"href":"https:\/\/www.fleurop-home.ch\/de-ch\/wp-json\/wp\/v2\/types\/product"}],"wp:featuredmedia":[{"embeddable":true,"href":"https:\/\/www.fleurop-home.ch\/de-ch\/wp-json\/wp\/v2\/media\/56137"}],"wp:attachment":[{"href":"https:\/\/www.fleurop-home.ch\/de-ch\/wp-json\/wp\/v2\/media?parent=56128"}],"wp:term":[{"taxonomy":"product_brand","embeddable":true,"href":"https:\/\/www.fleurop-home.ch\/de-ch\/wp-json\/wp\/v2\/product_brand?post=56128"},{"taxonomy":"product_cat","embeddable":true,"href":"https:\/\/www.fleurop-home.ch\/de-ch\/wp-json\/wp\/v2\/product_cat?post=56128"},{"taxonomy":"product_tag","embeddable":true,"href":"https:\/\/www.fleurop-home.ch\/de-ch\/wp-json\/wp\/v2\/product_tag?post=56128"},{"taxonomy":"woo-feed-brand","embeddable":true,"href":"https:\/\/www.fleurop-home.ch\/de-ch\/wp-json\/wp\/v2\/woo-feed-brand?post=56128"}],"curies":[{"name":"wp","href":"https:\/\/api.w.org\/{rel}","templated":true}]}}