{"id":55997,"date":"2025-05-16T15:45:06","date_gmt":"2025-05-16T13:45:06","guid":{"rendered":"https:\/\/www.fleurop-home.ch\/de-ch\/p\/fruehstuecksteller-aria-d20cm"},"modified":"2026-01-05T14:09:45","modified_gmt":"2026-01-05T13:09:45","slug":"fruehstuecksteller-aria","status":"publish","type":"product","link":"https:\/\/www.fleurop-home.ch\/de-ch\/p\/fruehstuecksteller-aria","title":{"rendered":"Fr\u00fchst\u00fccksteller, Aria"},"content":{"rendered":"<p>Handglasierter cremefarbener Fr\u00fchst\u00fccksteller \u201cAria\u201d<br \/>\n\u00d8 20 cm<\/p>\n","protected":false},"excerpt":{"rendered":"<p>\u00d8 20 cm<\/p>\n","protected":false},"featured_media":55996,"template":"","meta":[],"product_brand":[],"product_cat":[1102,909,1179,911,42,1101,43],"product_tag":[324],"woo-feed-brand":[],"class_list":{"0":"post-55997","1":"product","2":"type-product","3":"status-publish","4":"has-post-thumbnail","6":"product_cat-essen","7":"product_cat-weihnachten","8":"product_cat-weihnachtsdeko","9":"product_cat-accessoires","10":"product_cat-kueche","11":"product_cat-geschirr","12":"product_cat-gedeckter-tisch","13":"product_tag-marein-ag","15":"first","16":"instock","17":"taxable","18":"shipping-taxable","19":"purchasable","20":"product-type-simple"},"_links":{"self":[{"href":"https:\/\/www.fleurop-home.ch\/de-ch\/wp-json\/wp\/v2\/product\/55997","targetHints":{"allow":["GET"]}}],"collection":[{"href":"https:\/\/www.fleurop-home.ch\/de-ch\/wp-json\/wp\/v2\/product"}],"about":[{"href":"https:\/\/www.fleurop-home.ch\/de-ch\/wp-json\/wp\/v2\/types\/product"}],"wp:featuredmedia":[{"embeddable":true,"href":"https:\/\/www.fleurop-home.ch\/de-ch\/wp-json\/wp\/v2\/media\/55996"}],"wp:attachment":[{"href":"https:\/\/www.fleurop-home.ch\/de-ch\/wp-json\/wp\/v2\/media?parent=55997"}],"wp:term":[{"taxonomy":"product_brand","embeddable":true,"href":"https:\/\/www.fleurop-home.ch\/de-ch\/wp-json\/wp\/v2\/product_brand?post=55997"},{"taxonomy":"product_cat","embeddable":true,"href":"https:\/\/www.fleurop-home.ch\/de-ch\/wp-json\/wp\/v2\/product_cat?post=55997"},{"taxonomy":"product_tag","embeddable":true,"href":"https:\/\/www.fleurop-home.ch\/de-ch\/wp-json\/wp\/v2\/product_tag?post=55997"},{"taxonomy":"woo-feed-brand","embeddable":true,"href":"https:\/\/www.fleurop-home.ch\/de-ch\/wp-json\/wp\/v2\/woo-feed-brand?post=55997"}],"curies":[{"name":"wp","href":"https:\/\/api.w.org\/{rel}","templated":true}]}}