{"id":55855,"date":"2025-05-16T15:34:42","date_gmt":"2025-05-16T13:34:42","guid":{"rendered":"https:\/\/www.fleurop-home.ch\/de-ch\/p\/200er-set-geschenk-anhaenger-bastel-etiketten-kraftpapieranhaenger-j"},"modified":"2026-02-05T13:49:58","modified_gmt":"2026-02-05T12:49:58","slug":"geschenkanhaenger-200-stk","status":"publish","type":"product","link":"https:\/\/www.fleurop-home.ch\/de-ch\/p\/geschenkanhaenger-200-stk","title":{"rendered":"Geschenkanh\u00e4nger &#8211; 200 Stk."},"content":{"rendered":"<p>Bastel-Etiketten + Jute Schnur<br \/>\nBraun \/ Weiss<br \/>\n200 Stk.<\/p>\n<p>Bastel Geschenk Anh\u00e4nger im praktischen Set:<br \/>\n\u2022 Universal Papier Anh\u00e4nger<br \/>\n\u2022 Ideal f\u00fcr Geschenke, Lesezeichen etc.<br \/>\n\u2022 Schlichtes Design zum selber basteln<br \/>\n\u2022 Kann mit der Schnur \u00fcberall befestigt werden<br \/>\n\u2022 Farbe: Braun\/Weiss<br \/>\n\u2022 Material: Papier<br \/>\n\u2022 Form: Rechteck\/Herz\/Rund<\/p>\n<p>M\u00f6chtest Du Deinen Lieben ein Geschenk \u00fcbergeben und ihnen dabei auch bei der Verpackung eine grosse Freude bereiten?<\/p>\n<p>Mit diesen schlichten Papier Bastel Anh\u00e4nger hast Du die M\u00f6glichkeit Geschenke oder andere Gegenst\u00e4nde zu dekorieren. Ideal f\u00fcr Weihnachts- , Geburtstags-, oder auch Hochzeitsgeschenke. Schm\u00fccke die 200 Anh\u00e4nger mit Washi Tape, Steinen, bemale sie oder beklebe sie und mach aus Ihnen einen echten Hingucker.<\/p>\n<p>Das Set beinhaltet:<br \/>\n50 x Bastel Anh\u00e4nger 52 x 52 mm<br \/>\n50 x Bastel Anh\u00e4nger 60 x 55 mm<br \/>\n100 x Bastel Anh\u00e4nger 90 x 40 cm<br \/>\n1 x Jute Geschenk Band (30m)<\/p>\n","protected":false},"excerpt":{"rendered":"<p>Bastel-Etiketten<\/p>\n","protected":false},"featured_media":68408,"template":"","meta":[],"product_brand":[],"product_cat":[1193,23,1178,909,911,29,52,1223,53],"product_tag":[324],"woo-feed-brand":[],"class_list":{"0":"post-55855","1":"product","2":"type-product","3":"status-publish","4":"has-post-thumbnail","6":"product_cat-baender-tueten","7":"product_cat-home-living","8":"product_cat-diy","9":"product_cat-weihnachten","10":"product_cat-accessoires","11":"product_cat-do-it-yourself","12":"product_cat-geschenke","13":"product_cat-anlaesse","14":"product_cat-geschenksets","15":"product_tag-marein-ag","17":"first","18":"instock","19":"featured","20":"taxable","21":"shipping-taxable","22":"purchasable","23":"product-type-simple"},"_links":{"self":[{"href":"https:\/\/www.fleurop-home.ch\/de-ch\/wp-json\/wp\/v2\/product\/55855","targetHints":{"allow":["GET"]}}],"collection":[{"href":"https:\/\/www.fleurop-home.ch\/de-ch\/wp-json\/wp\/v2\/product"}],"about":[{"href":"https:\/\/www.fleurop-home.ch\/de-ch\/wp-json\/wp\/v2\/types\/product"}],"wp:featuredmedia":[{"embeddable":true,"href":"https:\/\/www.fleurop-home.ch\/de-ch\/wp-json\/wp\/v2\/media\/68408"}],"wp:attachment":[{"href":"https:\/\/www.fleurop-home.ch\/de-ch\/wp-json\/wp\/v2\/media?parent=55855"}],"wp:term":[{"taxonomy":"product_brand","embeddable":true,"href":"https:\/\/www.fleurop-home.ch\/de-ch\/wp-json\/wp\/v2\/product_brand?post=55855"},{"taxonomy":"product_cat","embeddable":true,"href":"https:\/\/www.fleurop-home.ch\/de-ch\/wp-json\/wp\/v2\/product_cat?post=55855"},{"taxonomy":"product_tag","embeddable":true,"href":"https:\/\/www.fleurop-home.ch\/de-ch\/wp-json\/wp\/v2\/product_tag?post=55855"},{"taxonomy":"woo-feed-brand","embeddable":true,"href":"https:\/\/www.fleurop-home.ch\/de-ch\/wp-json\/wp\/v2\/woo-feed-brand?post=55855"}],"curies":[{"name":"wp","href":"https:\/\/api.w.org\/{rel}","templated":true}]}}