{"id":55811,"date":"2025-05-16T15:31:56","date_gmt":"2025-05-16T13:31:56","guid":{"rendered":"https:\/\/www.fleurop-home.ch\/de-ch\/p\/13-tlg-set-kinder-holz-spielzeug-fruechte-gemuese-mit-klettverschluss-ab-2-j"},"modified":"2026-01-05T14:10:14","modified_gmt":"2026-01-05T13:10:14","slug":"kinder-holz-spielzeug-fruechte-gemuese","status":"publish","type":"product","link":"https:\/\/www.fleurop-home.ch\/de-ch\/p\/kinder-holz-spielzeug-fruechte-gemuese","title":{"rendered":"Kinder Holz Spielzeug Fr\u00fcchte Gem\u00fcse"},"content":{"rendered":"<p>(13-tlg. Set) Kinder Holz Spielzeug Fr\u00fcchte Gem\u00fcse mit Klettverschluss ab 2 J.<\/p>\n","protected":false},"excerpt":{"rendered":"<p>Kinder Holz Spielzeug K\u00fcche Fr\u00fcchte \/ Gem\u00fcse Schneiden, 13-tlg. Set<\/p>\n","protected":false},"featured_media":55810,"template":"","meta":[],"product_brand":[],"product_cat":[62,59],"product_tag":[324],"woo-feed-brand":[],"class_list":{"0":"post-55811","1":"product","2":"type-product","3":"status-publish","4":"has-post-thumbnail","6":"product_cat-spielzeug","7":"product_cat-kids","8":"product_tag-marein-ag","10":"first","11":"instock","12":"taxable","13":"shipping-taxable","14":"purchasable","15":"product-type-simple"},"_links":{"self":[{"href":"https:\/\/www.fleurop-home.ch\/de-ch\/wp-json\/wp\/v2\/product\/55811","targetHints":{"allow":["GET"]}}],"collection":[{"href":"https:\/\/www.fleurop-home.ch\/de-ch\/wp-json\/wp\/v2\/product"}],"about":[{"href":"https:\/\/www.fleurop-home.ch\/de-ch\/wp-json\/wp\/v2\/types\/product"}],"wp:featuredmedia":[{"embeddable":true,"href":"https:\/\/www.fleurop-home.ch\/de-ch\/wp-json\/wp\/v2\/media\/55810"}],"wp:attachment":[{"href":"https:\/\/www.fleurop-home.ch\/de-ch\/wp-json\/wp\/v2\/media?parent=55811"}],"wp:term":[{"taxonomy":"product_brand","embeddable":true,"href":"https:\/\/www.fleurop-home.ch\/de-ch\/wp-json\/wp\/v2\/product_brand?post=55811"},{"taxonomy":"product_cat","embeddable":true,"href":"https:\/\/www.fleurop-home.ch\/de-ch\/wp-json\/wp\/v2\/product_cat?post=55811"},{"taxonomy":"product_tag","embeddable":true,"href":"https:\/\/www.fleurop-home.ch\/de-ch\/wp-json\/wp\/v2\/product_tag?post=55811"},{"taxonomy":"woo-feed-brand","embeddable":true,"href":"https:\/\/www.fleurop-home.ch\/de-ch\/wp-json\/wp\/v2\/woo-feed-brand?post=55811"}],"curies":[{"name":"wp","href":"https:\/\/api.w.org\/{rel}","templated":true}]}}