{"id":5578,"date":"2019-07-23T13:29:34","date_gmt":"2019-07-23T13:29:34","guid":{"rendered":"https:\/\/www.fleurop-home.ch\/?product=vanilla-sea-salt-large-jar"},"modified":"2025-04-01T07:10:13","modified_gmt":"2025-04-01T05:10:13","slug":"vanilla-sea-salt-large-jar","status":"publish","type":"product","link":"https:\/\/www.fleurop-home.ch\/de-ch\/p\/vanilla-sea-salt-large-jar","title":{"rendered":"Vanilla &amp; Sea Salt Large Jar"},"content":{"rendered":"<p>Die besonderen, sanduhr-f\u00f6rmigen Kerzen f\u00fcllen dein Zuhause mit beruhigendem Knistern und einladenden D\u00fcften von WoodWick. Die Kerzen zeichnen sich durch ein sauberes, modernes Design und eine elegante Form aus. Erh\u00e4ltlich als Mini &amp; Medium Jar und Ellipse.<\/p>\n","protected":false},"excerpt":{"rendered":"<p>Zarte Vanillebl\u00fcten vermischt mit einem Hauch von Meersalz und Jasmin.<br \/>\nH: 178mm, B: 102mm, D: 102mm (Preis pro Stk)<\/p>\n","protected":false},"featured_media":5579,"template":"","meta":[],"product_brand":[],"product_cat":[99,23,28],"product_tag":[288],"woo-feed-brand":[],"class_list":{"0":"post-5578","1":"product","2":"type-product","3":"status-publish","4":"has-post-thumbnail","6":"product_cat-duftkerzen","7":"product_cat-home-living","8":"product_cat-kerzen-lichter","9":"product_tag-spirig-kerzen-ag","11":"first","12":"instock","13":"taxable","14":"shipping-taxable","15":"purchasable","16":"product-type-simple"},"_links":{"self":[{"href":"https:\/\/www.fleurop-home.ch\/de-ch\/wp-json\/wp\/v2\/product\/5578","targetHints":{"allow":["GET"]}}],"collection":[{"href":"https:\/\/www.fleurop-home.ch\/de-ch\/wp-json\/wp\/v2\/product"}],"about":[{"href":"https:\/\/www.fleurop-home.ch\/de-ch\/wp-json\/wp\/v2\/types\/product"}],"wp:featuredmedia":[{"embeddable":true,"href":"https:\/\/www.fleurop-home.ch\/de-ch\/wp-json\/wp\/v2\/media\/5579"}],"wp:attachment":[{"href":"https:\/\/www.fleurop-home.ch\/de-ch\/wp-json\/wp\/v2\/media?parent=5578"}],"wp:term":[{"taxonomy":"product_brand","embeddable":true,"href":"https:\/\/www.fleurop-home.ch\/de-ch\/wp-json\/wp\/v2\/product_brand?post=5578"},{"taxonomy":"product_cat","embeddable":true,"href":"https:\/\/www.fleurop-home.ch\/de-ch\/wp-json\/wp\/v2\/product_cat?post=5578"},{"taxonomy":"product_tag","embeddable":true,"href":"https:\/\/www.fleurop-home.ch\/de-ch\/wp-json\/wp\/v2\/product_tag?post=5578"},{"taxonomy":"woo-feed-brand","embeddable":true,"href":"https:\/\/www.fleurop-home.ch\/de-ch\/wp-json\/wp\/v2\/woo-feed-brand?post=5578"}],"curies":[{"name":"wp","href":"https:\/\/api.w.org\/{rel}","templated":true}]}}