{"id":55361,"date":"2025-05-05T09:53:43","date_gmt":"2025-05-05T07:53:43","guid":{"rendered":"https:\/\/www.fleurop-home.ch\/de-ch\/?post_type=product&#038;p=55361"},"modified":"2025-06-20T10:39:04","modified_gmt":"2025-06-20T08:39:04","slug":"kuenstliche-lilie","status":"publish","type":"product","link":"https:\/\/www.fleurop-home.ch\/de-ch\/p\/kuenstliche-lilie","title":{"rendered":"K\u00fcnstliche Lilie"},"content":{"rendered":"<p class=\"\" data-start=\"346\" data-end=\"827\">Diese wundersch\u00f6ne k\u00fcnstliche Lilie in zartem Ros\u00e9 bringt zeitlose Eleganz in jeden Raum. Mit ihren detailgetreuen Bl\u00fcten und naturgetreuen Knospen wirkt sie t\u00e4uschend echt \u2013 ganz ohne Pflegeaufwand. Ob im Wohnzimmer, Eingangsbereich oder auf der Terrasse \u2013 diese Blume ist ein stilvoller Blickfang.<\/p>\n<p>L\u00e4nge: ca. 135 cm<\/p>\n","protected":false},"excerpt":{"rendered":"<p class=\"\" data-start=\"85\" data-end=\"204\">Elegante k\u00fcnstliche Lilie in zartem Rosa \u2013 t\u00e4uschend echt und pflegeleicht. Perfekt f\u00fcr stilvolle Dekorationen im Innen- und Au\u00dfenbereich.<\/p>\n<p>&nbsp;<\/p>\n","protected":false},"featured_media":55362,"template":"","meta":[],"product_brand":[],"product_cat":[107,23,26],"product_tag":[1084],"woo-feed-brand":[],"class_list":{"0":"post-55361","1":"product","2":"type-product","3":"status-publish","4":"has-post-thumbnail","6":"product_cat-kunstblumen","7":"product_cat-home-living","8":"product_cat-blumen-pflanzen","9":"product_tag-froilein-blume","11":"first","12":"instock","13":"taxable","14":"shipping-taxable","15":"purchasable","16":"product-type-simple"},"_links":{"self":[{"href":"https:\/\/www.fleurop-home.ch\/de-ch\/wp-json\/wp\/v2\/product\/55361","targetHints":{"allow":["GET"]}}],"collection":[{"href":"https:\/\/www.fleurop-home.ch\/de-ch\/wp-json\/wp\/v2\/product"}],"about":[{"href":"https:\/\/www.fleurop-home.ch\/de-ch\/wp-json\/wp\/v2\/types\/product"}],"wp:featuredmedia":[{"embeddable":true,"href":"https:\/\/www.fleurop-home.ch\/de-ch\/wp-json\/wp\/v2\/media\/55362"}],"wp:attachment":[{"href":"https:\/\/www.fleurop-home.ch\/de-ch\/wp-json\/wp\/v2\/media?parent=55361"}],"wp:term":[{"taxonomy":"product_brand","embeddable":true,"href":"https:\/\/www.fleurop-home.ch\/de-ch\/wp-json\/wp\/v2\/product_brand?post=55361"},{"taxonomy":"product_cat","embeddable":true,"href":"https:\/\/www.fleurop-home.ch\/de-ch\/wp-json\/wp\/v2\/product_cat?post=55361"},{"taxonomy":"product_tag","embeddable":true,"href":"https:\/\/www.fleurop-home.ch\/de-ch\/wp-json\/wp\/v2\/product_tag?post=55361"},{"taxonomy":"woo-feed-brand","embeddable":true,"href":"https:\/\/www.fleurop-home.ch\/de-ch\/wp-json\/wp\/v2\/woo-feed-brand?post=55361"}],"curies":[{"name":"wp","href":"https:\/\/api.w.org\/{rel}","templated":true}]}}