{"id":54987,"date":"2025-05-01T15:12:32","date_gmt":"2025-05-01T13:12:32","guid":{"rendered":"https:\/\/www.fleurop-home.ch\/de-ch\/?post_type=product&#038;p=54987"},"modified":"2025-06-20T10:39:33","modified_gmt":"2025-06-20T08:39:33","slug":"kuenstliche-strelitzie","status":"publish","type":"product","link":"https:\/\/www.fleurop-home.ch\/de-ch\/p\/kuenstliche-strelitzie","title":{"rendered":"K\u00fcnstliche Strelitzie"},"content":{"rendered":"<p class=\"\" data-start=\"349\" data-end=\"977\">Diese elegante k\u00fcnstliche Strelitzie bringt tropisches Flair in jeden Raum \u2013 ganz ohne Pflegeaufwand. Mit ihren langen, geschwungenen Bl\u00e4ttern und der beeindruckenden H\u00f6he wirkt sie besonders stilvoll und hochwertig. Die naturgetreue Verarbeitung sorgt f\u00fcr eine authentische Optik \u2013 ideal f\u00fcr alle, die langlebige, pflegeleichte Pflanzen lieben.<\/p>\n<p>H\u00f6he: ca. 180cm<\/p>\n<p>\u00d8 Topf:\u00a0 \u202fca. 25\u202fcm<\/p>\n<p>&nbsp;<\/p>\n","protected":false},"excerpt":{"rendered":"<p>Modernes Statement f\u00fcr jedes Interieur: K\u00fcnstliche Strelitzie \u2013 stilvoll und pflegefrei.<\/p>\n<p>&nbsp;<\/p>\n","protected":false},"featured_media":54990,"template":"","meta":[],"product_brand":[],"product_cat":[107,23,26],"product_tag":[1084],"woo-feed-brand":[],"class_list":{"0":"post-54987","1":"product","2":"type-product","3":"status-publish","4":"has-post-thumbnail","6":"product_cat-kunstblumen","7":"product_cat-home-living","8":"product_cat-blumen-pflanzen","9":"product_tag-froilein-blume","11":"first","12":"instock","13":"taxable","14":"shipping-taxable","15":"purchasable","16":"product-type-simple"},"_links":{"self":[{"href":"https:\/\/www.fleurop-home.ch\/de-ch\/wp-json\/wp\/v2\/product\/54987","targetHints":{"allow":["GET"]}}],"collection":[{"href":"https:\/\/www.fleurop-home.ch\/de-ch\/wp-json\/wp\/v2\/product"}],"about":[{"href":"https:\/\/www.fleurop-home.ch\/de-ch\/wp-json\/wp\/v2\/types\/product"}],"wp:featuredmedia":[{"embeddable":true,"href":"https:\/\/www.fleurop-home.ch\/de-ch\/wp-json\/wp\/v2\/media\/54990"}],"wp:attachment":[{"href":"https:\/\/www.fleurop-home.ch\/de-ch\/wp-json\/wp\/v2\/media?parent=54987"}],"wp:term":[{"taxonomy":"product_brand","embeddable":true,"href":"https:\/\/www.fleurop-home.ch\/de-ch\/wp-json\/wp\/v2\/product_brand?post=54987"},{"taxonomy":"product_cat","embeddable":true,"href":"https:\/\/www.fleurop-home.ch\/de-ch\/wp-json\/wp\/v2\/product_cat?post=54987"},{"taxonomy":"product_tag","embeddable":true,"href":"https:\/\/www.fleurop-home.ch\/de-ch\/wp-json\/wp\/v2\/product_tag?post=54987"},{"taxonomy":"woo-feed-brand","embeddable":true,"href":"https:\/\/www.fleurop-home.ch\/de-ch\/wp-json\/wp\/v2\/woo-feed-brand?post=54987"}],"curies":[{"name":"wp","href":"https:\/\/api.w.org\/{rel}","templated":true}]}}