{"id":54948,"date":"2025-05-22T07:59:37","date_gmt":"2025-05-22T05:59:37","guid":{"rendered":"https:\/\/www.fleurop-home.ch\/?post_type=product&#038;p=54948"},"modified":"2025-06-24T11:03:39","modified_gmt":"2025-06-24T09:03:39","slug":"strickdecke-82x82-cm","status":"publish","type":"product","link":"https:\/\/www.fleurop-home.ch\/de-ch\/p\/strickdecke-82x82-cm","title":{"rendered":"Strickdecke 82&#215;82 cm"},"content":{"rendered":"<p>Unsere beliebte links-links Strickart in Wellenoptik ist sowohl in der H\u00f6he als auch in der Weite dehnbar und butterweich. Die Strickdecke ist aus unserem Basic-Programm und das ganze Jahr \u00fcber ab Lager erh\u00e4ltlich.<\/p>\n<p>Zur Qualit\u00e4t:<\/p>\n<p>Die Merinowolle ist eine wunderbare Naturfaser mit vielen tollen Eigenschaften und gerade f\u00fcr die zarte Baby Haut besonders geeignet. Sie ist unter Anderem temperaturregulierend (k\u00fchlt im Sommer und w\u00e4rmt im Winter), speichert Feuchtigkeit ohne sich nass anzuf\u00fchlen und ist atmungsaktiv. Merinoprodukte kannst du ausl\u00fcften ohne h\u00e4ufig zu waschen.<\/p>\n<p>&nbsp;<\/p>\n<p class=\"p1\"><strong>Gr\u00f6ssentabelle Frilo AG:<\/strong><\/p>\n<p>56 (0-1 Monate)<\/p>\n<p>62 (1-3 Monate)<\/p>\n<p>68 (3-6 Monate)<\/p>\n<p>74 (6-9 Monte)<\/p>\n<p>80 (9-12 Monate)<\/p>\n<p>86 (12-18 Monate)<\/p>\n","protected":false},"excerpt":{"rendered":"<p>100% Merinowolle: Die Baby-Strickdecke von frilo swissmade ist 82&#215;82 cm gross und wird zu 100% in der Schweiz hergestellt.<\/p>\n","protected":false},"featured_media":55449,"template":"","meta":[],"product_brand":[],"product_cat":[60,23,31,59],"product_tag":[1087],"woo-feed-brand":[],"class_list":{"0":"post-54948","1":"product","2":"type-product","3":"status-publish","4":"has-post-thumbnail","6":"product_cat-kindertextilien","7":"product_cat-home-living","8":"product_cat-heimtextilien","9":"product_cat-kids","10":"product_tag-frilo-ag","12":"first","13":"instock","14":"taxable","15":"shipping-taxable","16":"purchasable","17":"product-type-variable"},"_links":{"self":[{"href":"https:\/\/www.fleurop-home.ch\/de-ch\/wp-json\/wp\/v2\/product\/54948","targetHints":{"allow":["GET"]}}],"collection":[{"href":"https:\/\/www.fleurop-home.ch\/de-ch\/wp-json\/wp\/v2\/product"}],"about":[{"href":"https:\/\/www.fleurop-home.ch\/de-ch\/wp-json\/wp\/v2\/types\/product"}],"wp:featuredmedia":[{"embeddable":true,"href":"https:\/\/www.fleurop-home.ch\/de-ch\/wp-json\/wp\/v2\/media\/55449"}],"wp:attachment":[{"href":"https:\/\/www.fleurop-home.ch\/de-ch\/wp-json\/wp\/v2\/media?parent=54948"}],"wp:term":[{"taxonomy":"product_brand","embeddable":true,"href":"https:\/\/www.fleurop-home.ch\/de-ch\/wp-json\/wp\/v2\/product_brand?post=54948"},{"taxonomy":"product_cat","embeddable":true,"href":"https:\/\/www.fleurop-home.ch\/de-ch\/wp-json\/wp\/v2\/product_cat?post=54948"},{"taxonomy":"product_tag","embeddable":true,"href":"https:\/\/www.fleurop-home.ch\/de-ch\/wp-json\/wp\/v2\/product_tag?post=54948"},{"taxonomy":"woo-feed-brand","embeddable":true,"href":"https:\/\/www.fleurop-home.ch\/de-ch\/wp-json\/wp\/v2\/woo-feed-brand?post=54948"}],"curies":[{"name":"wp","href":"https:\/\/api.w.org\/{rel}","templated":true}]}}