{"id":54931,"date":"2025-04-30T17:04:59","date_gmt":"2025-04-30T15:04:59","guid":{"rendered":"https:\/\/www.fleurop-home.ch\/de-ch\/?post_type=product&#038;p=54931"},"modified":"2025-06-20T10:39:23","modified_gmt":"2025-06-20T08:39:23","slug":"kuenstliche-orchideen-in-topf-eingepflanzt-weiss","status":"publish","type":"product","link":"https:\/\/www.fleurop-home.ch\/de-ch\/p\/kuenstliche-orchideen-in-topf-eingepflanzt-weiss","title":{"rendered":"K\u00fcnstliche Orchideen in Topf eingepflanzt weiss"},"content":{"rendered":"<p class=\"\" data-start=\"349\" data-end=\"977\">Diese hochwertige Kunstorchidee mit zarten wei\u00df-rosafarbenen Bl\u00fcten wird von Hand in eine edle, strukturierte Keramikvase eingepflanzt. Die Oberfl\u00e4che ist mit echtem Moos abgedeckt und rundet die naturgetreue Optik perfekt ab. Durch die geschwungene Form der Bl\u00fcten und die detailreiche Verarbeitung wirkt sie besonders lebendig \u2013 ein eleganter Hingucker auf Kommoden, Regalen oder im Badezimmer. Die pflegefreie Alternative zur echten Pflanze \u2013 dauerhaft sch\u00f6n und zeitlos dekorativ.<\/p>\n<p>H\u00f6he: 60cm<\/p>\n<p>&nbsp;<\/p>\n","protected":false},"excerpt":{"rendered":"<p>K\u00fcnstliche Orchideen in strukturierter, weisser Keramikvase \u2013 stilvoll, pflegeleicht und t\u00e4uschend echt.<\/p>\n<p>&nbsp;<\/p>\n","protected":false},"featured_media":54929,"template":"","meta":[],"product_brand":[],"product_cat":[107,23,26],"product_tag":[1084],"woo-feed-brand":[],"class_list":{"0":"post-54931","1":"product","2":"type-product","3":"status-publish","4":"has-post-thumbnail","6":"product_cat-kunstblumen","7":"product_cat-home-living","8":"product_cat-blumen-pflanzen","9":"product_tag-froilein-blume","11":"first","12":"instock","13":"taxable","14":"shipping-taxable","15":"purchasable","16":"product-type-simple"},"_links":{"self":[{"href":"https:\/\/www.fleurop-home.ch\/de-ch\/wp-json\/wp\/v2\/product\/54931","targetHints":{"allow":["GET"]}}],"collection":[{"href":"https:\/\/www.fleurop-home.ch\/de-ch\/wp-json\/wp\/v2\/product"}],"about":[{"href":"https:\/\/www.fleurop-home.ch\/de-ch\/wp-json\/wp\/v2\/types\/product"}],"wp:featuredmedia":[{"embeddable":true,"href":"https:\/\/www.fleurop-home.ch\/de-ch\/wp-json\/wp\/v2\/media\/54929"}],"wp:attachment":[{"href":"https:\/\/www.fleurop-home.ch\/de-ch\/wp-json\/wp\/v2\/media?parent=54931"}],"wp:term":[{"taxonomy":"product_brand","embeddable":true,"href":"https:\/\/www.fleurop-home.ch\/de-ch\/wp-json\/wp\/v2\/product_brand?post=54931"},{"taxonomy":"product_cat","embeddable":true,"href":"https:\/\/www.fleurop-home.ch\/de-ch\/wp-json\/wp\/v2\/product_cat?post=54931"},{"taxonomy":"product_tag","embeddable":true,"href":"https:\/\/www.fleurop-home.ch\/de-ch\/wp-json\/wp\/v2\/product_tag?post=54931"},{"taxonomy":"woo-feed-brand","embeddable":true,"href":"https:\/\/www.fleurop-home.ch\/de-ch\/wp-json\/wp\/v2\/woo-feed-brand?post=54931"}],"curies":[{"name":"wp","href":"https:\/\/api.w.org\/{rel}","templated":true}]}}