{"id":54926,"date":"2025-04-30T16:41:37","date_gmt":"2025-04-30T14:41:37","guid":{"rendered":"https:\/\/www.fleurop-home.ch\/de-ch\/?post_type=product&#038;p=54926"},"modified":"2025-05-12T10:35:30","modified_gmt":"2025-05-12T08:35:30","slug":"kuenstliche-orchideen-in-topf-eingepflanzt-blau","status":"publish","type":"product","link":"https:\/\/www.fleurop-home.ch\/de-ch\/p\/kuenstliche-orchideen-in-topf-eingepflanzt-blau","title":{"rendered":"K\u00fcnstliche Orchideen in Topf eingepflanzt blau"},"content":{"rendered":"<p class=\"\" data-start=\"349\" data-end=\"977\">Unsere Orchideen werden von Hand in edle Keramikvasen eingepflanzt \u2013 mit viel Liebe zum Detail. Dieses Arrangement besticht durch seine zart blau-violetten Bl\u00fcten, kr\u00e4ftigen Bl\u00e4tter und die gl\u00e4nzende Vase in elegantem Petrolton. Nat\u00fcrliches Moos rundet das Bild harmonisch ab und sorgt f\u00fcr eine besonders naturgetreue Optik. Eine langlebige, pflegefreie Dekoration, die Stil und Ruhe in jeden Raum bringt \u2013 ob im Wohnzimmer, Eingangsbereich oder auf dem B\u00fcrotisch.<\/p>\n<p>H\u00f6he: 65cm<\/p>\n<p>&nbsp;<\/p>\n","protected":false},"excerpt":{"rendered":"<p>Von Hand eingepflanzte Kunstorchidee in edler Petrol-Keramikvase \u2013 stilvoll und pflegeleicht.<\/p>\n<p>&nbsp;<\/p>\n","protected":false},"featured_media":54936,"template":"","meta":[],"product_brand":[],"product_cat":[107,23,26],"product_tag":[1084],"woo-feed-brand":[],"class_list":{"0":"post-54926","1":"product","2":"type-product","3":"status-publish","4":"has-post-thumbnail","6":"product_cat-kunstblumen","7":"product_cat-home-living","8":"product_cat-blumen-pflanzen","9":"product_tag-froilein-blume","11":"first","12":"instock","13":"taxable","14":"shipping-taxable","15":"purchasable","16":"product-type-simple"},"_links":{"self":[{"href":"https:\/\/www.fleurop-home.ch\/de-ch\/wp-json\/wp\/v2\/product\/54926","targetHints":{"allow":["GET"]}}],"collection":[{"href":"https:\/\/www.fleurop-home.ch\/de-ch\/wp-json\/wp\/v2\/product"}],"about":[{"href":"https:\/\/www.fleurop-home.ch\/de-ch\/wp-json\/wp\/v2\/types\/product"}],"wp:featuredmedia":[{"embeddable":true,"href":"https:\/\/www.fleurop-home.ch\/de-ch\/wp-json\/wp\/v2\/media\/54936"}],"wp:attachment":[{"href":"https:\/\/www.fleurop-home.ch\/de-ch\/wp-json\/wp\/v2\/media?parent=54926"}],"wp:term":[{"taxonomy":"product_brand","embeddable":true,"href":"https:\/\/www.fleurop-home.ch\/de-ch\/wp-json\/wp\/v2\/product_brand?post=54926"},{"taxonomy":"product_cat","embeddable":true,"href":"https:\/\/www.fleurop-home.ch\/de-ch\/wp-json\/wp\/v2\/product_cat?post=54926"},{"taxonomy":"product_tag","embeddable":true,"href":"https:\/\/www.fleurop-home.ch\/de-ch\/wp-json\/wp\/v2\/product_tag?post=54926"},{"taxonomy":"woo-feed-brand","embeddable":true,"href":"https:\/\/www.fleurop-home.ch\/de-ch\/wp-json\/wp\/v2\/woo-feed-brand?post=54926"}],"curies":[{"name":"wp","href":"https:\/\/api.w.org\/{rel}","templated":true}]}}