{"id":54818,"date":"2025-04-29T15:31:30","date_gmt":"2025-04-29T13:31:30","guid":{"rendered":"https:\/\/www.fleurop-home.ch\/de-ch\/?post_type=product&#038;p=54818"},"modified":"2025-06-06T08:03:52","modified_gmt":"2025-06-06T06:03:52","slug":"kuenstlicher-hahnenfuss-zweig-rosa","status":"publish","type":"product","link":"https:\/\/www.fleurop-home.ch\/de-ch\/p\/kuenstlicher-hahnenfuss-zweig-rosa","title":{"rendered":"K\u00fcnstlicher Hahnenfuss Zweig Rosa"},"content":{"rendered":"<p class=\"\" data-start=\"368\" data-end=\"595\">Diese t\u00e4uschend echte Kunstblume zeigt den Hahnenfuss in seiner sch\u00f6nsten Form: mit fein gearbeiteter, pinkfarbener Bl\u00fcte und realistisch geformtem Blattwerk. Ein eleganter Akzent f\u00fcr Vasen, Gestecke oder florale Dekorationen \u2013 ganz ohne Pflegeaufwand.<\/p>\n<p>L\u00e4nge: 46cm<\/p>\n<p>&nbsp;<\/p>\n","protected":false},"excerpt":{"rendered":"<p class=\"\" data-start=\"163\" data-end=\"258\">Dekorativer Hahnenfuss mit naturgetreuer Bl\u00fcte in kr\u00e4ftigem Pink. Ideal f\u00fcr stilvolle Arrangements, Vasen oder florale DIY-Projekte.<\/p>\n","protected":false},"featured_media":54833,"template":"","meta":[],"product_brand":[],"product_cat":[107,23,26],"product_tag":[1084],"woo-feed-brand":[],"class_list":{"0":"post-54818","1":"product","2":"type-product","3":"status-publish","4":"has-post-thumbnail","6":"product_cat-kunstblumen","7":"product_cat-home-living","8":"product_cat-blumen-pflanzen","9":"product_tag-froilein-blume","11":"first","12":"instock","13":"taxable","14":"shipping-taxable","15":"purchasable","16":"product-type-simple"},"_links":{"self":[{"href":"https:\/\/www.fleurop-home.ch\/de-ch\/wp-json\/wp\/v2\/product\/54818","targetHints":{"allow":["GET"]}}],"collection":[{"href":"https:\/\/www.fleurop-home.ch\/de-ch\/wp-json\/wp\/v2\/product"}],"about":[{"href":"https:\/\/www.fleurop-home.ch\/de-ch\/wp-json\/wp\/v2\/types\/product"}],"wp:featuredmedia":[{"embeddable":true,"href":"https:\/\/www.fleurop-home.ch\/de-ch\/wp-json\/wp\/v2\/media\/54833"}],"wp:attachment":[{"href":"https:\/\/www.fleurop-home.ch\/de-ch\/wp-json\/wp\/v2\/media?parent=54818"}],"wp:term":[{"taxonomy":"product_brand","embeddable":true,"href":"https:\/\/www.fleurop-home.ch\/de-ch\/wp-json\/wp\/v2\/product_brand?post=54818"},{"taxonomy":"product_cat","embeddable":true,"href":"https:\/\/www.fleurop-home.ch\/de-ch\/wp-json\/wp\/v2\/product_cat?post=54818"},{"taxonomy":"product_tag","embeddable":true,"href":"https:\/\/www.fleurop-home.ch\/de-ch\/wp-json\/wp\/v2\/product_tag?post=54818"},{"taxonomy":"woo-feed-brand","embeddable":true,"href":"https:\/\/www.fleurop-home.ch\/de-ch\/wp-json\/wp\/v2\/woo-feed-brand?post=54818"}],"curies":[{"name":"wp","href":"https:\/\/api.w.org\/{rel}","templated":true}]}}