{"id":5481,"date":"2019-07-23T15:29:02","date_gmt":"2019-07-23T13:29:02","guid":{"rendered":"https:\/\/www.fleurop-home.ch\/?product=spiced-blackberry-medium-jar"},"modified":"2026-01-14T09:30:39","modified_gmt":"2026-01-14T08:30:39","slug":"spiced-blackberry-medium-jar","status":"publish","type":"product","link":"https:\/\/www.fleurop-home.ch\/de-ch\/p\/spiced-blackberry-medium-jar","title":{"rendered":"Spiced Blackberry Medium Jar"},"content":{"rendered":"<p>Die besonderen, sanduhr-f\u00f6rmigen Kerzen f\u00fcllen dein Zuhause mit beruhigendem Knistern und einladenden D\u00fcften von WoodWick. Die Kerzen zeichnen sich durch ein sauberes, modernes Design und eine elegante Form aus. Erh\u00e4ltlich als Mini &amp; Large Jar und Ellpise.<\/p>\n","protected":false},"excerpt":{"rendered":"<p>Verf\u00fchrerisch reichhaltige Brombeeren mit Zimt in einem knusprigen, zuckerbestreuten Geb\u00e4ck.<br \/>\nH: 114mm, W: 99mm, D: 99mm (Preis pro Stk)<\/p>\n","protected":false},"featured_media":5482,"template":"","meta":[],"product_brand":[],"product_cat":[99,23,28],"product_tag":[288],"woo-feed-brand":[],"class_list":{"0":"post-5481","1":"product","2":"type-product","3":"status-publish","4":"has-post-thumbnail","6":"product_cat-duftkerzen","7":"product_cat-home-living","8":"product_cat-kerzen-lichter","9":"product_tag-spirig-kerzen-ag","11":"first","12":"instock","13":"taxable","14":"shipping-taxable","15":"purchasable","16":"product-type-simple"},"_links":{"self":[{"href":"https:\/\/www.fleurop-home.ch\/de-ch\/wp-json\/wp\/v2\/product\/5481","targetHints":{"allow":["GET"]}}],"collection":[{"href":"https:\/\/www.fleurop-home.ch\/de-ch\/wp-json\/wp\/v2\/product"}],"about":[{"href":"https:\/\/www.fleurop-home.ch\/de-ch\/wp-json\/wp\/v2\/types\/product"}],"wp:featuredmedia":[{"embeddable":true,"href":"https:\/\/www.fleurop-home.ch\/de-ch\/wp-json\/wp\/v2\/media\/5482"}],"wp:attachment":[{"href":"https:\/\/www.fleurop-home.ch\/de-ch\/wp-json\/wp\/v2\/media?parent=5481"}],"wp:term":[{"taxonomy":"product_brand","embeddable":true,"href":"https:\/\/www.fleurop-home.ch\/de-ch\/wp-json\/wp\/v2\/product_brand?post=5481"},{"taxonomy":"product_cat","embeddable":true,"href":"https:\/\/www.fleurop-home.ch\/de-ch\/wp-json\/wp\/v2\/product_cat?post=5481"},{"taxonomy":"product_tag","embeddable":true,"href":"https:\/\/www.fleurop-home.ch\/de-ch\/wp-json\/wp\/v2\/product_tag?post=5481"},{"taxonomy":"woo-feed-brand","embeddable":true,"href":"https:\/\/www.fleurop-home.ch\/de-ch\/wp-json\/wp\/v2\/woo-feed-brand?post=5481"}],"curies":[{"name":"wp","href":"https:\/\/api.w.org\/{rel}","templated":true}]}}