{"id":54795,"date":"2025-04-29T11:02:55","date_gmt":"2025-04-29T09:02:55","guid":{"rendered":"https:\/\/www.fleurop-home.ch\/?post_type=product&#038;p=54795"},"modified":"2026-04-28T11:51:15","modified_gmt":"2026-04-28T09:51:15","slug":"eisenkraut-verbena-cultivars-5","status":"publish","type":"product","link":"https:\/\/www.fleurop-home.ch\/de-ch\/p\/eisenkraut-verbena-cultivars-5","title":{"rendered":"Eisenkraut &#8211; Verbena Cultivars"},"content":{"rendered":"<p>Das Eisenkraut Lascar Bepo Blue begeistert mit seinem kompakten, h\u00e4ngend bis kriechenden Wuchs und ist vielseitig einsetzbar, ob in Rabatten, H\u00e4ngeampeln oder Balkonkisten. Die blauen Bl\u00fcten erscheinen zuverl\u00e4ssig von Mai bis Oktober und bereichern deinen Aussenbereich mit kr\u00e4ftiger Farbe. Als Saisonpflanze aus 100 % Schweizer Produktion steht sie f\u00fcr h\u00f6chste Qualit\u00e4t und garantiert eine prachtvolle Bl\u00fctezeit. Die Verbene bevorzugt sonnige Standorte und w\u00e4chst am besten in durchl\u00e4ssigem Boden. F\u00fcr ein gesundes Wachstum sollte die Pflanze m\u00e4ssig gegossen werden. Nebst ihrer Sch\u00f6nheit ist sie auch eine wertvolle Nahrungsquelle f\u00fcr verschiedene Insekten. Pflegeleicht und widerstandsf\u00e4hig, eignet sich diese Pflanze bestens f\u00fcr verschiedenste sommerliche Pflanzgef\u00e4sse.<\/p>\n<p>H\u00f6he: 25 cm<br \/>\nTopf Gr\u00f6sse: 12 er Topf<br \/>\nWinterh\u00e4rte: nicht winterhart<br \/>\nLicht: sonnig<br \/>\nBl\u00fctezeit: Mai bis Oktober<br \/>\nBoden: durchl\u00e4ssig<br \/>\nGut f\u00fcr Insekten<\/p>\n","protected":false},"excerpt":{"rendered":"<p>Eisenkraut Lascar Bepo Blue \u2013 blauer Sommerflor f\u00fcr Balkon und Garten<\/p>\n","protected":false},"featured_media":54797,"template":"","meta":[],"product_brand":[],"product_cat":[109,34,41],"product_tag":[299],"woo-feed-brand":[],"class_list":{"0":"post-54795","1":"product","2":"type-product","3":"status-publish","4":"has-post-thumbnail","6":"product_cat-saisonale-pflanzen","7":"product_cat-garten-balkon","8":"product_cat-outdoorpflanzen","9":"product_tag-santispracht","11":"first","12":"instock","13":"taxable","14":"shipping-taxable","15":"purchasable","16":"product-type-simple"},"_links":{"self":[{"href":"https:\/\/www.fleurop-home.ch\/de-ch\/wp-json\/wp\/v2\/product\/54795","targetHints":{"allow":["GET"]}}],"collection":[{"href":"https:\/\/www.fleurop-home.ch\/de-ch\/wp-json\/wp\/v2\/product"}],"about":[{"href":"https:\/\/www.fleurop-home.ch\/de-ch\/wp-json\/wp\/v2\/types\/product"}],"wp:featuredmedia":[{"embeddable":true,"href":"https:\/\/www.fleurop-home.ch\/de-ch\/wp-json\/wp\/v2\/media\/54797"}],"wp:attachment":[{"href":"https:\/\/www.fleurop-home.ch\/de-ch\/wp-json\/wp\/v2\/media?parent=54795"}],"wp:term":[{"taxonomy":"product_brand","embeddable":true,"href":"https:\/\/www.fleurop-home.ch\/de-ch\/wp-json\/wp\/v2\/product_brand?post=54795"},{"taxonomy":"product_cat","embeddable":true,"href":"https:\/\/www.fleurop-home.ch\/de-ch\/wp-json\/wp\/v2\/product_cat?post=54795"},{"taxonomy":"product_tag","embeddable":true,"href":"https:\/\/www.fleurop-home.ch\/de-ch\/wp-json\/wp\/v2\/product_tag?post=54795"},{"taxonomy":"woo-feed-brand","embeddable":true,"href":"https:\/\/www.fleurop-home.ch\/de-ch\/wp-json\/wp\/v2\/woo-feed-brand?post=54795"}],"curies":[{"name":"wp","href":"https:\/\/api.w.org\/{rel}","templated":true}]}}