{"id":54288,"date":"2025-05-19T08:49:47","date_gmt":"2025-05-19T06:49:47","guid":{"rendered":"https:\/\/www.fleurop-home.ch\/?post_type=product&#038;p=54288"},"modified":"2026-02-23T10:15:20","modified_gmt":"2026-02-23T09:15:20","slug":"glasgefaess-mit-loeffel-minze","status":"publish","type":"product","link":"https:\/\/www.fleurop-home.ch\/de-ch\/p\/glasgefaess-mit-loeffel-minze","title":{"rendered":"Glasgef\u00e4ss mit L\u00f6ffel &#8211; Minze"},"content":{"rendered":"<p>Anzuchtset mit einem Pflanzgef\u00e4ss aus Glas mit Korkdeckel und Holzl\u00f6ffel. Nach dem Anbau der Minze trockne die reifen Minzbl\u00e4tter und bewahre sie in dem Glasgef\u00e4ss auf. Verwende den Holzl\u00f6ffel, um die Minze zu dosieren und eine k\u00f6stliche Tasse Tee zu machen.<\/p>\n<p>Alles in 1, denn mit diesem Anbauset erhalten Sie eine Kokostablette und Samen, um sofort loslegen zu k\u00f6nnen. Das Einzige, was Sie hinzuf\u00fcgen m\u00fcssen, ist Wasser, ein wenig Liebe und Geduld.<\/p>\n<p>ENTH\u00c4LT: Pflanzgef\u00e4ss aus Glas mit Korkdeckel und L\u00f6ffel mit Kokostablette und Minze-Samen.<\/p>\n<p><strong>Schritt 1:<\/strong><br \/>\nDie Kokostablette in das Kork-Pflanzgef\u00e4ss legen.<\/p>\n<p><strong>Schritt 2:<\/strong><br \/>\nDie Tablette mit reichlich Wasser \u00fcbergiessen.<\/p>\n<p><strong>Schritt 3:<\/strong><br \/>\nDie Samen \u00fcber die Erde streuen.<\/p>\n<p><strong>Schritt 4:<\/strong><br \/>\nNach einigen Wochen ins Freie pflanzen.<\/p>\n<p>Mehr erfahren \u00fcber <a href=\"https:\/\/www.fleurop-home.ch\/de-ch\/seeddees\">SeeddeeS<\/a>.<\/p>\n","protected":false},"excerpt":{"rendered":"<p>Pflanzgef\u00e4ss aus Glas mit Korkdeckel und L\u00f6ffel mit Kokostablette und Minze-Samen.<\/p>\n","protected":false},"featured_media":54290,"template":"","meta":[],"product_brand":[],"product_cat":[110,34,105,41,42,47,885],"product_tag":[282],"woo-feed-brand":[],"class_list":{"0":"post-54288","1":"product","2":"type-product","3":"status-publish","4":"has-post-thumbnail","6":"product_cat-samen","7":"product_cat-garten-balkon","8":"product_cat-kraeuter","9":"product_cat-outdoorpflanzen","10":"product_cat-kueche","11":"product_cat-kuechenaromen","12":"product_cat-koestlichkeiten","13":"product_tag-fleurop-interflora","15":"first","16":"instock","17":"taxable","18":"shipping-taxable","19":"purchasable","20":"product-type-simple"},"_links":{"self":[{"href":"https:\/\/www.fleurop-home.ch\/de-ch\/wp-json\/wp\/v2\/product\/54288","targetHints":{"allow":["GET"]}}],"collection":[{"href":"https:\/\/www.fleurop-home.ch\/de-ch\/wp-json\/wp\/v2\/product"}],"about":[{"href":"https:\/\/www.fleurop-home.ch\/de-ch\/wp-json\/wp\/v2\/types\/product"}],"wp:featuredmedia":[{"embeddable":true,"href":"https:\/\/www.fleurop-home.ch\/de-ch\/wp-json\/wp\/v2\/media\/54290"}],"wp:attachment":[{"href":"https:\/\/www.fleurop-home.ch\/de-ch\/wp-json\/wp\/v2\/media?parent=54288"}],"wp:term":[{"taxonomy":"product_brand","embeddable":true,"href":"https:\/\/www.fleurop-home.ch\/de-ch\/wp-json\/wp\/v2\/product_brand?post=54288"},{"taxonomy":"product_cat","embeddable":true,"href":"https:\/\/www.fleurop-home.ch\/de-ch\/wp-json\/wp\/v2\/product_cat?post=54288"},{"taxonomy":"product_tag","embeddable":true,"href":"https:\/\/www.fleurop-home.ch\/de-ch\/wp-json\/wp\/v2\/product_tag?post=54288"},{"taxonomy":"woo-feed-brand","embeddable":true,"href":"https:\/\/www.fleurop-home.ch\/de-ch\/wp-json\/wp\/v2\/woo-feed-brand?post=54288"}],"curies":[{"name":"wp","href":"https:\/\/api.w.org\/{rel}","templated":true}]}}