{"id":54279,"date":"2025-05-19T08:49:51","date_gmt":"2025-05-19T06:49:51","guid":{"rendered":"https:\/\/www.fleurop-home.ch\/?post_type=product&#038;p=54279"},"modified":"2026-03-17T17:21:42","modified_gmt":"2026-03-17T16:21:42","slug":"korkschale-kornblume","status":"publish","type":"product","link":"https:\/\/www.fleurop-home.ch\/de-ch\/p\/korkschale-kornblume","title":{"rendered":"Korkschale &#8211; Kornblume"},"content":{"rendered":"<p>Wachsendes Set mit einer Korkschale mit Untersetzer \/ Deckel, die als Pflanzer verwendet werden kann. Alles in 1, denn mit diesem Anzuchtset erh\u00e4ltst du eine Kokostablette und Samen, um sofort loslegen zu k\u00f6nnen. Das einzige, was du brauchst, ist Wasser, ein wenig Liebe und Geduld hinzuzuf\u00fcgen.<\/p>\n<p>ENTH\u00c4LT: Pflanzgef\u00e4ss aus Kork mit Untersetzer \/ Deckel aus Kork mit Kokostablette und Kornblumen-Samen.<\/p>\n<p><strong>Schritt 1:<\/strong><br \/>\nDie Kokostablette in das Kork-Pflanzgef\u00e4ss legen.<\/p>\n<p><strong>Schritt 2:<\/strong><br \/>\nDie Tablette mit reichlich Wasser \u00fcbergiessen.<\/p>\n<p><strong>Schritt 3:<\/strong><br \/>\nDie Samen \u00fcber den Boden streuen.<\/p>\n<p><strong>Schritt 4:<\/strong><br \/>\nNach einigen Wochen ins Freie pflanzen.<\/p>\n<p>Mehr erfahren \u00fcber <a href=\"https:\/\/www.fleurop-home.ch\/de-ch\/seeddees\">SeeddeeS<\/a>.<\/p>\n","protected":false},"excerpt":{"rendered":"<p>Pflanzgef\u00e4ss aus Kork mit Untersetzer \/ Deckel aus Kork mit Kokostablette und Kornblumen-Samen.<\/p>\n","protected":false},"featured_media":54281,"template":"","meta":[],"product_brand":[],"product_cat":[110,34,41],"product_tag":[282],"woo-feed-brand":[],"class_list":{"0":"post-54279","1":"product","2":"type-product","3":"status-publish","4":"has-post-thumbnail","6":"product_cat-samen","7":"product_cat-garten-balkon","8":"product_cat-outdoorpflanzen","9":"product_tag-fleurop-interflora","11":"first","12":"instock","13":"taxable","14":"shipping-taxable","15":"purchasable","16":"product-type-simple"},"_links":{"self":[{"href":"https:\/\/www.fleurop-home.ch\/de-ch\/wp-json\/wp\/v2\/product\/54279","targetHints":{"allow":["GET"]}}],"collection":[{"href":"https:\/\/www.fleurop-home.ch\/de-ch\/wp-json\/wp\/v2\/product"}],"about":[{"href":"https:\/\/www.fleurop-home.ch\/de-ch\/wp-json\/wp\/v2\/types\/product"}],"wp:featuredmedia":[{"embeddable":true,"href":"https:\/\/www.fleurop-home.ch\/de-ch\/wp-json\/wp\/v2\/media\/54281"}],"wp:attachment":[{"href":"https:\/\/www.fleurop-home.ch\/de-ch\/wp-json\/wp\/v2\/media?parent=54279"}],"wp:term":[{"taxonomy":"product_brand","embeddable":true,"href":"https:\/\/www.fleurop-home.ch\/de-ch\/wp-json\/wp\/v2\/product_brand?post=54279"},{"taxonomy":"product_cat","embeddable":true,"href":"https:\/\/www.fleurop-home.ch\/de-ch\/wp-json\/wp\/v2\/product_cat?post=54279"},{"taxonomy":"product_tag","embeddable":true,"href":"https:\/\/www.fleurop-home.ch\/de-ch\/wp-json\/wp\/v2\/product_tag?post=54279"},{"taxonomy":"woo-feed-brand","embeddable":true,"href":"https:\/\/www.fleurop-home.ch\/de-ch\/wp-json\/wp\/v2\/woo-feed-brand?post=54279"}],"curies":[{"name":"wp","href":"https:\/\/api.w.org\/{rel}","templated":true}]}}