{"id":54262,"date":"2025-05-19T08:49:58","date_gmt":"2025-05-19T06:49:58","guid":{"rendered":"https:\/\/www.fleurop-home.ch\/?post_type=product&#038;p=54262"},"modified":"2026-03-17T17:20:57","modified_gmt":"2026-03-17T16:20:57","slug":"holzwuerfel-thymian","status":"publish","type":"product","link":"https:\/\/www.fleurop-home.ch\/de-ch\/p\/holzwuerfel-thymian","title":{"rendered":"Holzw\u00fcrfel &#8211; Thymian"},"content":{"rendered":"<p>Alles in 1, denn mit diesem Anzuchtset erh\u00e4ltst du eine Kokostablette und Samen, um sofort loslegen zu k\u00f6nnen. Das Einzige, was du noch hinzuf\u00fcgen musst, ist Wasser, ein wenig Liebe und Geduld.<\/p>\n<p>ENTH\u00c4LT: Holzw\u00fcrfel mit einer Kokostablette und Thymian-Samen.<\/p>\n<p><strong>Schritt 1:<\/strong><br \/>\nDie Kokostablette in den Holzw\u00fcrfel legen.<\/p>\n<p><strong>Schritt 2:<\/strong><br \/>\nDie Tablette mit reichlich Wasser \u00fcbergiessen.<\/p>\n<p><strong>Schritt 3:<\/strong><br \/>\nDie Samen \u00fcber die Erde streuen.<\/p>\n<p><strong>Schritt 4:<\/strong><br \/>\nFeucht halten und den Thymian geniessen.<\/p>\n<p>Mehr erfahren \u00fcber <a href=\"https:\/\/www.fleurop-home.ch\/de-ch\/seeddees\">SeeddeeS<\/a>.<\/p>\n","protected":false},"excerpt":{"rendered":"<p>Holzw\u00fcrfel mit einer Kokostablette und Thymian-Samen.<\/p>\n","protected":false},"featured_media":54264,"template":"","meta":[],"product_brand":[],"product_cat":[110,34,105,41,42,47,885],"product_tag":[282],"woo-feed-brand":[],"class_list":{"0":"post-54262","1":"product","2":"type-product","3":"status-publish","4":"has-post-thumbnail","6":"product_cat-samen","7":"product_cat-garten-balkon","8":"product_cat-kraeuter","9":"product_cat-outdoorpflanzen","10":"product_cat-kueche","11":"product_cat-kuechenaromen","12":"product_cat-koestlichkeiten","13":"product_tag-fleurop-interflora","15":"first","16":"instock","17":"taxable","18":"shipping-taxable","19":"purchasable","20":"product-type-simple"},"_links":{"self":[{"href":"https:\/\/www.fleurop-home.ch\/de-ch\/wp-json\/wp\/v2\/product\/54262","targetHints":{"allow":["GET"]}}],"collection":[{"href":"https:\/\/www.fleurop-home.ch\/de-ch\/wp-json\/wp\/v2\/product"}],"about":[{"href":"https:\/\/www.fleurop-home.ch\/de-ch\/wp-json\/wp\/v2\/types\/product"}],"wp:featuredmedia":[{"embeddable":true,"href":"https:\/\/www.fleurop-home.ch\/de-ch\/wp-json\/wp\/v2\/media\/54264"}],"wp:attachment":[{"href":"https:\/\/www.fleurop-home.ch\/de-ch\/wp-json\/wp\/v2\/media?parent=54262"}],"wp:term":[{"taxonomy":"product_brand","embeddable":true,"href":"https:\/\/www.fleurop-home.ch\/de-ch\/wp-json\/wp\/v2\/product_brand?post=54262"},{"taxonomy":"product_cat","embeddable":true,"href":"https:\/\/www.fleurop-home.ch\/de-ch\/wp-json\/wp\/v2\/product_cat?post=54262"},{"taxonomy":"product_tag","embeddable":true,"href":"https:\/\/www.fleurop-home.ch\/de-ch\/wp-json\/wp\/v2\/product_tag?post=54262"},{"taxonomy":"woo-feed-brand","embeddable":true,"href":"https:\/\/www.fleurop-home.ch\/de-ch\/wp-json\/wp\/v2\/woo-feed-brand?post=54262"}],"curies":[{"name":"wp","href":"https:\/\/api.w.org\/{rel}","templated":true}]}}