{"id":54230,"date":"2025-05-19T08:50:36","date_gmt":"2025-05-19T06:50:36","guid":{"rendered":"https:\/\/www.fleurop-home.ch\/?post_type=product&#038;p=54230"},"modified":"2026-03-17T17:20:11","modified_gmt":"2026-03-17T16:20:11","slug":"glasvase-mit-korkgefaess-kresse","status":"publish","type":"product","link":"https:\/\/www.fleurop-home.ch\/de-ch\/p\/glasvase-mit-korkgefaess-kresse","title":{"rendered":"Glasvase mit Korkgef\u00e4ss &#8211; Kresse"},"content":{"rendered":"<p>Anzuchtset mit einer Glasvase und einer Korkschale, die als Pflanzgef\u00e4ss verwendet werden kann. Der Docht, der in der Glasvase mit Wasser h\u00e4ngt, h\u00e4lt die Erde in der Korkschale feucht.<\/p>\n<p>Alles in 1, denn mit diesem Anzuchtset erh\u00e4ltst du eine Kokostablette und Samen, um sofort loslegen zu k\u00f6nnen. Das Einzige, was du noch hinzuf\u00fcgen musst, ist Wasser, ein wenig Liebe und Geduld.<\/p>\n<p>ENTH\u00c4LT: Glasvase mit Korkgef\u00e4ss mit Docht, Kokostablette und Kresse-Samen.<\/p>\n<p><strong>Schritt 1:<\/strong><br \/>\nDie Kokostablette in das Korkgef\u00e4ss legen.<\/p>\n<p><strong>Schritt 2:<\/strong><br \/>\nDie Tablette mit reichlich Wasser \u00fcbergiessen.<\/p>\n<p><strong>Schritt 3:<\/strong><br \/>\nDie Samen \u00fcber die Erde streuen.<\/p>\n<p><strong>Schritt 4:<\/strong><br \/>\nFeucht halten und die Kresse geniessen.<\/p>\n<p>Mehr erfahren \u00fcber <a href=\"https:\/\/www.fleurop-home.ch\/de-ch\/seeddees\">SeeddeeS<\/a>.<\/p>\n","protected":false},"excerpt":{"rendered":"<p>ENTH\u00c4LT: Glasvase mit Korkgef\u00e4ss mit Docht, Kokostablette und Kresse-Samen.<\/p>\n","protected":false},"featured_media":54233,"template":"","meta":[],"product_brand":[],"product_cat":[110,34,41,42,47,885],"product_tag":[282],"woo-feed-brand":[],"class_list":{"0":"post-54230","1":"product","2":"type-product","3":"status-publish","4":"has-post-thumbnail","6":"product_cat-samen","7":"product_cat-garten-balkon","8":"product_cat-outdoorpflanzen","9":"product_cat-kueche","10":"product_cat-kuechenaromen","11":"product_cat-koestlichkeiten","12":"product_tag-fleurop-interflora","14":"first","15":"instock","16":"taxable","17":"shipping-taxable","18":"purchasable","19":"product-type-simple"},"_links":{"self":[{"href":"https:\/\/www.fleurop-home.ch\/de-ch\/wp-json\/wp\/v2\/product\/54230","targetHints":{"allow":["GET"]}}],"collection":[{"href":"https:\/\/www.fleurop-home.ch\/de-ch\/wp-json\/wp\/v2\/product"}],"about":[{"href":"https:\/\/www.fleurop-home.ch\/de-ch\/wp-json\/wp\/v2\/types\/product"}],"wp:featuredmedia":[{"embeddable":true,"href":"https:\/\/www.fleurop-home.ch\/de-ch\/wp-json\/wp\/v2\/media\/54233"}],"wp:attachment":[{"href":"https:\/\/www.fleurop-home.ch\/de-ch\/wp-json\/wp\/v2\/media?parent=54230"}],"wp:term":[{"taxonomy":"product_brand","embeddable":true,"href":"https:\/\/www.fleurop-home.ch\/de-ch\/wp-json\/wp\/v2\/product_brand?post=54230"},{"taxonomy":"product_cat","embeddable":true,"href":"https:\/\/www.fleurop-home.ch\/de-ch\/wp-json\/wp\/v2\/product_cat?post=54230"},{"taxonomy":"product_tag","embeddable":true,"href":"https:\/\/www.fleurop-home.ch\/de-ch\/wp-json\/wp\/v2\/product_tag?post=54230"},{"taxonomy":"woo-feed-brand","embeddable":true,"href":"https:\/\/www.fleurop-home.ch\/de-ch\/wp-json\/wp\/v2\/woo-feed-brand?post=54230"}],"curies":[{"name":"wp","href":"https:\/\/api.w.org\/{rel}","templated":true}]}}