{"id":54222,"date":"2025-05-19T08:50:43","date_gmt":"2025-05-19T06:50:43","guid":{"rendered":"https:\/\/www.fleurop-home.ch\/?post_type=product&#038;p=54222"},"modified":"2026-03-17T17:19:47","modified_gmt":"2026-03-17T16:19:47","slug":"jutesack-karotte","status":"publish","type":"product","link":"https:\/\/www.fleurop-home.ch\/de-ch\/p\/jutesack-karotte","title":{"rendered":"Jutesack Karotte"},"content":{"rendered":"<p>Jutesack mit Kordelzug, gef\u00fcllt mit allen Zutaten f\u00fcr den Anbau von Karottenpflanzen. Ziehe die Pflanzen in den Biot\u00f6pfen auf. Sobald sie gross genug sind, pflanze die Pflanzen in die Biot\u00f6pfe im Garten. Mit ein wenig W\u00e4rme von der Sonne und Wasser aus den Wolken oder der Giesskanne wachsen sie zu leckeren Wurzeln heran.<\/p>\n<p>ENTH\u00c4LT: Jutesack mit biologisch abbaubarem Topf (4x), Kokostablette (4x) und Karotten-Samen (4x).<\/p>\n<p><strong>Schritt 1:<\/strong><br \/>\nDie Kokostablette in den Biotopf legen.<\/p>\n<p><strong>Schritt 2:<\/strong><br \/>\nDie Tablette mit reichlich Wasser \u00fcbergiessen.<\/p>\n<p><strong>Schritt 3:<\/strong><br \/>\nDie Samen \u00fcber die Erde streuen.<\/p>\n<p><strong>Schritt 4:<\/strong><br \/>\nFeucht halten und die Karotten geniessen.<\/p>\n<p>Mehr erfahren \u00fcber <a href=\"https:\/\/www.fleurop-home.ch\/de-ch\/seeddees\">SeeddeeS<\/a>.<\/p>\n","protected":false},"excerpt":{"rendered":"<p>Jutesack mit biologisch abbaubarem Topf (4x), Kokostablette (4x) und Karotten-Samen (4x).<\/p>\n","protected":false},"featured_media":54224,"template":"","meta":[],"product_brand":[],"product_cat":[110,34,41,42,47,885],"product_tag":[282],"woo-feed-brand":[],"class_list":{"0":"post-54222","1":"product","2":"type-product","3":"status-publish","4":"has-post-thumbnail","6":"product_cat-samen","7":"product_cat-garten-balkon","8":"product_cat-outdoorpflanzen","9":"product_cat-kueche","10":"product_cat-kuechenaromen","11":"product_cat-koestlichkeiten","12":"product_tag-fleurop-interflora","14":"first","15":"instock","16":"taxable","17":"shipping-taxable","18":"purchasable","19":"product-type-simple"},"_links":{"self":[{"href":"https:\/\/www.fleurop-home.ch\/de-ch\/wp-json\/wp\/v2\/product\/54222","targetHints":{"allow":["GET"]}}],"collection":[{"href":"https:\/\/www.fleurop-home.ch\/de-ch\/wp-json\/wp\/v2\/product"}],"about":[{"href":"https:\/\/www.fleurop-home.ch\/de-ch\/wp-json\/wp\/v2\/types\/product"}],"wp:featuredmedia":[{"embeddable":true,"href":"https:\/\/www.fleurop-home.ch\/de-ch\/wp-json\/wp\/v2\/media\/54224"}],"wp:attachment":[{"href":"https:\/\/www.fleurop-home.ch\/de-ch\/wp-json\/wp\/v2\/media?parent=54222"}],"wp:term":[{"taxonomy":"product_brand","embeddable":true,"href":"https:\/\/www.fleurop-home.ch\/de-ch\/wp-json\/wp\/v2\/product_brand?post=54222"},{"taxonomy":"product_cat","embeddable":true,"href":"https:\/\/www.fleurop-home.ch\/de-ch\/wp-json\/wp\/v2\/product_cat?post=54222"},{"taxonomy":"product_tag","embeddable":true,"href":"https:\/\/www.fleurop-home.ch\/de-ch\/wp-json\/wp\/v2\/product_tag?post=54222"},{"taxonomy":"woo-feed-brand","embeddable":true,"href":"https:\/\/www.fleurop-home.ch\/de-ch\/wp-json\/wp\/v2\/woo-feed-brand?post=54222"}],"curies":[{"name":"wp","href":"https:\/\/api.w.org\/{rel}","templated":true}]}}