{"id":54025,"date":"2025-04-14T09:21:47","date_gmt":"2025-04-14T07:21:47","guid":{"rendered":"https:\/\/www.fleurop-home.ch\/de-ch\/?post_type=product&#038;p=54025"},"modified":"2025-12-01T10:29:24","modified_gmt":"2025-12-01T09:29:24","slug":"verspielter-beistelltisch-juice-of-the-day-o39cm","status":"publish","type":"product","link":"https:\/\/www.fleurop-home.ch\/de-ch\/p\/verspielter-beistelltisch-juice-of-the-day-o39cm","title":{"rendered":"Verspielter Beistelltisch &#8218;Juice of the Day&#8216;, \u00d839cm"},"content":{"rendered":"<div class=\"product-info__block-item\" data-block-type=\"text\">\n<div class=\"prose\">\n<p><span class=\"metafield-multi_line_text_field\">Wir stellen dir unseren mobilsten Beistelltisch vor: Mit einem praktischen Durchmesser von 39 cm und einer H\u00f6he von 53 cm, besteht er aus einem hochwertigen Tablett aus Birkenholz und einem robusten Stahlgestell.<\/span><\/p>\n<p>Unsere Kombinationen von Tablett und Tischgestell sind ideal f\u00fcr den t\u00e4glichen Gebrauch als Sofa-, oder Beistelltisch und zum Unterhalten von G\u00e4sten. Mit dem abnehmbaren Tablett l\u00e4sst sich direkt servieren, oder das Design auswechseln; das zusammenklappbare Gestell l\u00e4sst sich bequem umpositionieren oder kompakt verstauen.<\/p>\n<p><em>Juice of the Day<\/em><br \/>\nEin Fest der Farbe \u2013 saftig, frech und sonnendurchflutet. Wie frisch gepresster Fruchtsaft an einem langen Fr\u00fchst\u00fcckstisch, voller Lebenslust und Energie.<\/p>\n<\/div>\n<\/div>\n<p style=\"text-align: left\"><strong>Tablett<\/strong><\/p>\n<p style=\"text-align: left\"><em>Designer:<\/em> Andreas Frei\/HappyTrays<\/p>\n<p style=\"text-align: left\"><em>Material Tray:<\/em> Birkenfurnier, Melaminbeschichtung<\/p>\n<p style=\"text-align: left\"><em>Muster:<\/em> Juice of the Day<\/p>\n<p style=\"text-align: left\"><em>Form:<\/em>\u00a0Rund<\/p>\n<p style=\"text-align: left\"><em>Durchmesser:<\/em>\u00a0\u00d8 39 cm<\/p>\n<p style=\"text-align: left\"><strong>Tischgestell<\/strong><\/p>\n<p style=\"text-align: left\"><em>Material Tischgestell:<\/em> Stahl, pulverbeschichtet Schwarz<\/p>\n<p style=\"text-align: left\"><em>H\u00f6he:<\/em>\u00a053 cm<\/p>\n","protected":false},"excerpt":{"rendered":"<p>Eleganter Beistelltisch mit Tablett aus Birkenholz in limitierter Auflage und Tischgestell aus Stahl. Entworfen in der Schweiz, handgefertigt in Schweden. \u00d8 39 cm<\/p>\n","protected":false},"featured_media":54036,"template":"","meta":[],"product_brand":[],"product_cat":[35,23,1192,30,34],"product_tag":[314],"woo-feed-brand":[],"class_list":{"0":"post-54025","1":"product","2":"type-product","3":"status-publish","4":"has-post-thumbnail","6":"product_cat-gartendeko","7":"product_cat-home-living","8":"product_cat-hocker-beistelltische","9":"product_cat-deko-accessoires","10":"product_cat-garten-balkon","11":"product_tag-happytrays","13":"first","14":"instock","15":"taxable","16":"shipping-taxable","17":"purchasable","18":"product-type-simple"},"_links":{"self":[{"href":"https:\/\/www.fleurop-home.ch\/de-ch\/wp-json\/wp\/v2\/product\/54025","targetHints":{"allow":["GET"]}}],"collection":[{"href":"https:\/\/www.fleurop-home.ch\/de-ch\/wp-json\/wp\/v2\/product"}],"about":[{"href":"https:\/\/www.fleurop-home.ch\/de-ch\/wp-json\/wp\/v2\/types\/product"}],"wp:featuredmedia":[{"embeddable":true,"href":"https:\/\/www.fleurop-home.ch\/de-ch\/wp-json\/wp\/v2\/media\/54036"}],"wp:attachment":[{"href":"https:\/\/www.fleurop-home.ch\/de-ch\/wp-json\/wp\/v2\/media?parent=54025"}],"wp:term":[{"taxonomy":"product_brand","embeddable":true,"href":"https:\/\/www.fleurop-home.ch\/de-ch\/wp-json\/wp\/v2\/product_brand?post=54025"},{"taxonomy":"product_cat","embeddable":true,"href":"https:\/\/www.fleurop-home.ch\/de-ch\/wp-json\/wp\/v2\/product_cat?post=54025"},{"taxonomy":"product_tag","embeddable":true,"href":"https:\/\/www.fleurop-home.ch\/de-ch\/wp-json\/wp\/v2\/product_tag?post=54025"},{"taxonomy":"woo-feed-brand","embeddable":true,"href":"https:\/\/www.fleurop-home.ch\/de-ch\/wp-json\/wp\/v2\/woo-feed-brand?post=54025"}],"curies":[{"name":"wp","href":"https:\/\/api.w.org\/{rel}","templated":true}]}}