{"id":53626,"date":"2025-04-03T08:49:32","date_gmt":"2025-04-03T06:49:32","guid":{"rendered":"https:\/\/www.fleurop-home.ch\/de-ch\/?post_type=product&#038;p=53626"},"modified":"2026-04-01T15:39:13","modified_gmt":"2026-04-01T13:39:13","slug":"badebomben-set-von-primestudios","status":"publish","type":"product","link":"https:\/\/www.fleurop-home.ch\/de-ch\/p\/badebomben-set-von-primestudios","title":{"rendered":"Badebomben Set von PRIMESTUDIOS"},"content":{"rendered":"<p class=\"\" data-start=\"33\" data-end=\"187\">Verwandle dein Bad in ein luxuri\u00f6ses Spa-Erlebnis mit dem exklusiven Badebomben-Set von Primestudios. Vier verf\u00fchrerische Sorten f\u00fcr pure Entspannung:<\/p>\n<ul data-start=\"189\" data-end=\"526\">\n<li class=\"\" data-start=\"189\" data-end=\"262\">\n<p class=\"\" data-start=\"191\" data-end=\"262\"><strong data-start=\"191\" data-end=\"203\">Lavendel<\/strong>: Entspannend und beruhigend \u2013 f\u00fcr eine wohltuende Auszeit.<\/p>\n<\/li>\n<li class=\"\" data-start=\"263\" data-end=\"341\">\n<p class=\"\" data-start=\"265\" data-end=\"341\"><strong data-start=\"265\" data-end=\"273\">Rosa<\/strong>: Sanft und pflegend \u2013 f\u00fcr ein zartes Hautgef\u00fchl und angenehme Ruhe.<\/p>\n<\/li>\n<li class=\"\" data-start=\"342\" data-end=\"447\">\n<p class=\"\" data-start=\"344\" data-end=\"447\"><strong data-start=\"344\" data-end=\"353\">Hamam<\/strong>: Ein exotisches Wellness-Erlebnis \u2013 tauche ein in die Magie eines traditionellen Hamams.<\/p>\n<\/li>\n<li class=\"\" data-start=\"448\" data-end=\"526\">\n<p class=\"\" data-start=\"450\" data-end=\"526\"><strong data-start=\"450\" data-end=\"465\">Ylang Ylang<\/strong>: Bl\u00fctenzart und bet\u00f6rend \u2013 f\u00fcr ein sinnliches Badevergn\u00fcgen.<\/p>\n<\/li>\n<\/ul>\n<p class=\"\" data-start=\"528\" data-end=\"633\">Lasse dich verw\u00f6hnen und geniesse dein pers\u00f6nliches Wohlf\u00fchlbad. Pure Entspannung in jeder Badebombe!<\/p>\n","protected":false},"excerpt":{"rendered":"<p>Primestudios Badebomben-Set<\/p>\n","protected":false},"featured_media":53627,"template":"","meta":[],"product_brand":[],"product_cat":[50,1023,797,1208,909,915,48,52,1224,53],"product_tag":[322],"woo-feed-brand":[],"class_list":{"0":"post-53626","1":"product","2":"type-product","3":"status-publish","4":"has-post-thumbnail","6":"product_cat-badezubehoer","7":"product_cat-fuer-mama","8":"product_cat-muttertag","9":"product_cat-ueber-25-chf","10":"product_cat-weihnachten","11":"product_cat-wichteln","12":"product_cat-bad-wellness","13":"product_cat-geschenke","14":"product_cat-beauty-wellness","15":"product_cat-geschenksets","16":"product_tag-primestudios","18":"first","19":"instock","20":"taxable","21":"shipping-taxable","22":"purchasable","23":"product-type-simple"},"_links":{"self":[{"href":"https:\/\/www.fleurop-home.ch\/de-ch\/wp-json\/wp\/v2\/product\/53626","targetHints":{"allow":["GET"]}}],"collection":[{"href":"https:\/\/www.fleurop-home.ch\/de-ch\/wp-json\/wp\/v2\/product"}],"about":[{"href":"https:\/\/www.fleurop-home.ch\/de-ch\/wp-json\/wp\/v2\/types\/product"}],"wp:featuredmedia":[{"embeddable":true,"href":"https:\/\/www.fleurop-home.ch\/de-ch\/wp-json\/wp\/v2\/media\/53627"}],"wp:attachment":[{"href":"https:\/\/www.fleurop-home.ch\/de-ch\/wp-json\/wp\/v2\/media?parent=53626"}],"wp:term":[{"taxonomy":"product_brand","embeddable":true,"href":"https:\/\/www.fleurop-home.ch\/de-ch\/wp-json\/wp\/v2\/product_brand?post=53626"},{"taxonomy":"product_cat","embeddable":true,"href":"https:\/\/www.fleurop-home.ch\/de-ch\/wp-json\/wp\/v2\/product_cat?post=53626"},{"taxonomy":"product_tag","embeddable":true,"href":"https:\/\/www.fleurop-home.ch\/de-ch\/wp-json\/wp\/v2\/product_tag?post=53626"},{"taxonomy":"woo-feed-brand","embeddable":true,"href":"https:\/\/www.fleurop-home.ch\/de-ch\/wp-json\/wp\/v2\/woo-feed-brand?post=53626"}],"curies":[{"name":"wp","href":"https:\/\/api.w.org\/{rel}","templated":true}]}}