{"id":53545,"date":"2025-04-01T18:10:07","date_gmt":"2025-04-01T16:10:07","guid":{"rendered":"https:\/\/www.fleurop-home.ch\/de-ch\/?post_type=product&#038;p=53545"},"modified":"2026-03-17T10:52:33","modified_gmt":"2026-03-17T09:52:33","slug":"chop-chop-bloom-gartenschere-pink-tulip","status":"publish","type":"product","link":"https:\/\/www.fleurop-home.ch\/de-ch\/p\/chop-chop-bloom-gartenschere-pink-tulip","title":{"rendered":"Chop Chop Bloom Gartenschere &#8211; Pink Tulip"},"content":{"rendered":"<p><span data-sheets-root=\"1\">Kraftvolle, leichte und langlebige Gartenschere mit farbigen, handgen\u00e4hten Ledergriffen: Die Chop Chop Bloom &#8211; Chili Pepper Gartenschere eignet sich f\u00fcr die Pflege aller Arten von Blumen und Pflanzen im Innen- und Aussenbereich.<\/span><\/p>\n<p>&#8211; Farbe: Fandango Pink<br \/>\n&#8211; L\u00e4nge: 17,5 cm<br \/>\n&#8211; Schnittdurchmesser: 1,6 cm<br \/>\n&#8211; Geeignet f\u00fcr den Innen- und Au\u00dfenbereich, f\u00fcr Schnittblumen, Str\u00e4ucher und jede Art von Pflanzen, die besondere Pflege ben\u00f6tigen<br \/>\n&#8211; Griffe: Handgen\u00e4htes pflanzlich gegerbtes Kalbsleder<\/p>\n<p>Warn- und Pflegehinweise:<br \/>\n&#8211; Unsachgem\u00e4sser Gebrauch kann zu K\u00f6rperverletzungen oder Sachsch\u00e4den f\u00fchren.<br \/>\n&#8211; Lasse die Schere niemals offen liegen.<br \/>\n&#8211; Sicher aufbewahren und ausserhalb der Reichweite von Kindern aufbewahren.<br \/>\n&#8211; Schneide keine stromf\u00fchrenden Kabel oder Dr\u00e4hte.<br \/>\n&#8211; Wenn die Ledergriffe schmutzig werden, wischen Sie sie vorsichtig mit einem weichen, feuchten Tuch ab. Gelegentliches Einarbeiten von Lederwachs h\u00e4lt das Leder geschmeidig.<br \/>\n&#8211; Auch wenn die Chop Chop Bloom Gartenschere gerne im Freien ist, mag sie es nicht, im Regen stehen gelassen zu werden.<\/p>\n","protected":false},"excerpt":{"rendered":"<p><span data-sheets-root=\"1\">100% in Deutschland produziert | Hochwertig und langlebig mit handgen\u00e4hten Ledergriffen<\/span><\/p>\n","protected":false},"featured_media":53532,"template":"","meta":[],"product_brand":[],"product_cat":[1062,34,39],"product_tag":[294],"woo-feed-brand":[],"class_list":{"0":"post-53545","1":"product","2":"type-product","3":"status-publish","4":"has-post-thumbnail","6":"product_cat-gartenwerkzeug","7":"product_cat-garten-balkon","8":"product_cat-gartenzubehoer","9":"product_tag-the-bloomery","11":"first","12":"instock","13":"taxable","14":"shipping-taxable","15":"purchasable","16":"product-type-simple"},"_links":{"self":[{"href":"https:\/\/www.fleurop-home.ch\/de-ch\/wp-json\/wp\/v2\/product\/53545","targetHints":{"allow":["GET"]}}],"collection":[{"href":"https:\/\/www.fleurop-home.ch\/de-ch\/wp-json\/wp\/v2\/product"}],"about":[{"href":"https:\/\/www.fleurop-home.ch\/de-ch\/wp-json\/wp\/v2\/types\/product"}],"wp:featuredmedia":[{"embeddable":true,"href":"https:\/\/www.fleurop-home.ch\/de-ch\/wp-json\/wp\/v2\/media\/53532"}],"wp:attachment":[{"href":"https:\/\/www.fleurop-home.ch\/de-ch\/wp-json\/wp\/v2\/media?parent=53545"}],"wp:term":[{"taxonomy":"product_brand","embeddable":true,"href":"https:\/\/www.fleurop-home.ch\/de-ch\/wp-json\/wp\/v2\/product_brand?post=53545"},{"taxonomy":"product_cat","embeddable":true,"href":"https:\/\/www.fleurop-home.ch\/de-ch\/wp-json\/wp\/v2\/product_cat?post=53545"},{"taxonomy":"product_tag","embeddable":true,"href":"https:\/\/www.fleurop-home.ch\/de-ch\/wp-json\/wp\/v2\/product_tag?post=53545"},{"taxonomy":"woo-feed-brand","embeddable":true,"href":"https:\/\/www.fleurop-home.ch\/de-ch\/wp-json\/wp\/v2\/woo-feed-brand?post=53545"}],"curies":[{"name":"wp","href":"https:\/\/api.w.org\/{rel}","templated":true}]}}