{"id":52829,"date":"2025-04-01T16:10:28","date_gmt":"2025-04-01T14:10:28","guid":{"rendered":"https:\/\/www.fleurop-home.ch\/de-ch\/?post_type=product&#038;p=52829"},"modified":"2026-04-22T10:50:47","modified_gmt":"2026-04-22T08:50:47","slug":"postkarten-set-krafttiere","status":"publish","type":"product","link":"https:\/\/www.fleurop-home.ch\/de-ch\/p\/postkarten-set-krafttiere","title":{"rendered":"Postkarten-Set \u00abKrafttiere\u00bb"},"content":{"rendered":"<p><strong>Die sechs Botschaften lauten:<\/strong><br \/>\nDu wirst besch\u00fctzt.<br \/>\nWir sind stolz auf dich.<br \/>\nVertraue auf dich und deine F\u00e4higkeiten.<br \/>\nDu bist genau richtig, so wie du bist.<br \/>\nEs ist schwierig, und du schaffst das.<br \/>\nDu bist m\u00e4chtiger als das Problem.<\/p>\n<p>Weitere Kraft-Tattoos k\u00f6nnen sp\u00e4ter einzeln erg\u00e4nzt werden. Eine sch\u00f6ne Erg\u00e4nzung zu den Postkarten ist der Kartenhalter, der in der BSZ-Stiftung im Kanton Schwyz von Menschen mit Beeintr\u00e4chtigungen produziert wird.<\/p>\n<p><strong>Format A6<\/strong><br \/>\nBxL = 10.5&#215;14.8 cm<\/p>\n<p><strong>Lieferumfang<\/strong><br \/>\nDas Set besteht aus 6 Postkarten mit individuellen Botschaften (Affirmationen) und 3 Tattoo-B\u00f6gen mit total 18 Krafttier-Tattoos.<\/p>\n<p><strong>Produktion<\/strong><br \/>\nDie Postkarten sind aus einem sorgf\u00e4ltig gew\u00e4hlten Naturpapier, FSC\u00ae, 100\u2009% Altpapier, produziert bei Engelberger Druck in Stans. Die nachhaltigen Krafttier-Tattoos Organic sind dermatologisch getestet, vegan &amp; biologisch abbaubar, produziert in \u00d6sterreich.<\/p>\n","protected":false},"excerpt":{"rendered":"<p>Die byMinz-Postkarten enthalten motivierende Botschaften und unterst\u00fctzen die Kinder \u2013 \u00e4hnlich wie Affirmationen \u2013 dabei, auf sich selbst zu vertrauen. Jedes Postkarten-Set enth\u00e4lt 18 Tier-Tattoos.<\/p>\n","protected":false},"featured_media":52830,"template":"","meta":[],"product_brand":[],"product_cat":[23,1263,1268,1208,909,915,59,939,52,58],"product_tag":[1036],"woo-feed-brand":[],"class_list":{"0":"post-52829","1":"product","2":"type-product","3":"status-publish","4":"has-post-thumbnail","6":"product_cat-home-living","7":"product_cat-fleuropkids","8":"product_cat-malen-basteln","9":"product_cat-ueber-25-chf","10":"product_cat-weihnachten","11":"product_cat-wichteln","12":"product_cat-kids","13":"product_cat-kindergeschenke","14":"product_cat-geschenke","15":"product_cat-grusskarten","16":"product_tag-naturprodukte-byminz","18":"first","19":"instock","20":"taxable","21":"shipping-taxable","22":"purchasable","23":"product-type-simple"},"_links":{"self":[{"href":"https:\/\/www.fleurop-home.ch\/de-ch\/wp-json\/wp\/v2\/product\/52829","targetHints":{"allow":["GET"]}}],"collection":[{"href":"https:\/\/www.fleurop-home.ch\/de-ch\/wp-json\/wp\/v2\/product"}],"about":[{"href":"https:\/\/www.fleurop-home.ch\/de-ch\/wp-json\/wp\/v2\/types\/product"}],"wp:featuredmedia":[{"embeddable":true,"href":"https:\/\/www.fleurop-home.ch\/de-ch\/wp-json\/wp\/v2\/media\/52830"}],"wp:attachment":[{"href":"https:\/\/www.fleurop-home.ch\/de-ch\/wp-json\/wp\/v2\/media?parent=52829"}],"wp:term":[{"taxonomy":"product_brand","embeddable":true,"href":"https:\/\/www.fleurop-home.ch\/de-ch\/wp-json\/wp\/v2\/product_brand?post=52829"},{"taxonomy":"product_cat","embeddable":true,"href":"https:\/\/www.fleurop-home.ch\/de-ch\/wp-json\/wp\/v2\/product_cat?post=52829"},{"taxonomy":"product_tag","embeddable":true,"href":"https:\/\/www.fleurop-home.ch\/de-ch\/wp-json\/wp\/v2\/product_tag?post=52829"},{"taxonomy":"woo-feed-brand","embeddable":true,"href":"https:\/\/www.fleurop-home.ch\/de-ch\/wp-json\/wp\/v2\/woo-feed-brand?post=52829"}],"curies":[{"name":"wp","href":"https:\/\/api.w.org\/{rel}","templated":true}]}}