{"id":52825,"date":"2025-04-01T16:10:29","date_gmt":"2025-04-01T14:10:29","guid":{"rendered":"https:\/\/www.fleurop-home.ch\/de-ch\/?post_type=product&#038;p=52825"},"modified":"2025-11-04T14:43:05","modified_gmt":"2025-11-04T13:43:05","slug":"kraft-tattoos-ergaenzungsset","status":"publish","type":"product","link":"https:\/\/www.fleurop-home.ch\/de-ch\/p\/kraft-tattoos-ergaenzungsset","title":{"rendered":"Kraft-Tattoos (Erg\u00e4nzungsset)"},"content":{"rendered":"<p>Die Kraft-Tattoos sind ein kindgerechtes Tool, um Unsicherheiten zu bew\u00e4ltigen und das Selbstvertrauen zu st\u00e4rken. Das Tattoo auf dem Arm erinnert an die Botschaften und hilft dem Kind \u2013 \u00e4hnlich wie eine Affirmation \u2013 auf die eigenen F\u00e4higkeiten zu vertrauen. Dieses Erg\u00e4nzungsset passt ideal zu unseren Postkarten-Sets \u00abFREUNDE\u00bb und \u00abKRAFT-BOTSCHAFTEN\u00bb.<\/p>\n<p><strong>Lieferumfang<\/strong><br \/>\nKraft-Tattoos (Erg\u00e4nzugs-Set) \u2013 drei einzelne B\u00f6gen mit je 6 Tier-Tattoos, passend zu den Tierpostkarten und dem Kartenhalter, die in diesem Produkt nicht enthalten sind.<\/p>\n<p><strong>Format A6<\/strong><br \/>\nBxL = 10.5&#215;14.8 cm<\/p>\n<p><strong>Produktion<\/strong><br \/>\nDie nachhaltigen Klebe-Tier-Tattoos Organic sind dermatologisch getestet, vegan &amp; biologisch abbaubar, produziert in \u00d6sterreich. Die Kraft-Tattoos sind Teil der byMinz-Naturprodukte-Reihe \u2013 aus Respekt vor Mensch und Natur.<\/p>\n","protected":false},"excerpt":{"rendered":"<p>Drei B\u00f6gen mit je 6 Tier-Tattoos, jedes passend zu einer Lebensbotschaft.<\/p>\n","protected":false},"featured_media":52821,"template":"","meta":[],"product_brand":[],"product_cat":[1207,909,915,59,939],"product_tag":[1036],"woo-feed-brand":[],"class_list":{"0":"post-52825","1":"product","2":"type-product","3":"status-publish","4":"has-post-thumbnail","6":"product_cat-unter-25-chf","7":"product_cat-weihnachten","8":"product_cat-wichteln","9":"product_cat-kids","10":"product_cat-kindergeschenke","11":"product_tag-naturprodukte-byminz","13":"first","14":"instock","15":"taxable","16":"shipping-taxable","17":"purchasable","18":"product-type-simple"},"_links":{"self":[{"href":"https:\/\/www.fleurop-home.ch\/de-ch\/wp-json\/wp\/v2\/product\/52825","targetHints":{"allow":["GET"]}}],"collection":[{"href":"https:\/\/www.fleurop-home.ch\/de-ch\/wp-json\/wp\/v2\/product"}],"about":[{"href":"https:\/\/www.fleurop-home.ch\/de-ch\/wp-json\/wp\/v2\/types\/product"}],"wp:featuredmedia":[{"embeddable":true,"href":"https:\/\/www.fleurop-home.ch\/de-ch\/wp-json\/wp\/v2\/media\/52821"}],"wp:attachment":[{"href":"https:\/\/www.fleurop-home.ch\/de-ch\/wp-json\/wp\/v2\/media?parent=52825"}],"wp:term":[{"taxonomy":"product_brand","embeddable":true,"href":"https:\/\/www.fleurop-home.ch\/de-ch\/wp-json\/wp\/v2\/product_brand?post=52825"},{"taxonomy":"product_cat","embeddable":true,"href":"https:\/\/www.fleurop-home.ch\/de-ch\/wp-json\/wp\/v2\/product_cat?post=52825"},{"taxonomy":"product_tag","embeddable":true,"href":"https:\/\/www.fleurop-home.ch\/de-ch\/wp-json\/wp\/v2\/product_tag?post=52825"},{"taxonomy":"woo-feed-brand","embeddable":true,"href":"https:\/\/www.fleurop-home.ch\/de-ch\/wp-json\/wp\/v2\/woo-feed-brand?post=52825"}],"curies":[{"name":"wp","href":"https:\/\/api.w.org\/{rel}","templated":true}]}}