{"id":52661,"date":"2025-03-14T15:19:08","date_gmt":"2025-03-14T14:19:08","guid":{"rendered":"https:\/\/www.fleurop-home.ch\/de-ch\/p\/gartenschere-s-3-5x1-4x14-2cm"},"modified":"2025-05-14T11:34:38","modified_gmt":"2025-05-14T09:34:38","slug":"gartenschere-s-3-5x1-4x14-2cm","status":"publish","type":"product","link":"https:\/\/www.fleurop-home.ch\/de-ch\/p\/gartenschere-s-3-5x1-4x14-2cm","title":{"rendered":"Gartenschere S &#8211; 3.5&#215;1.4&#215;14.2cm"},"content":{"rendered":"<p>Traditionelle Gartenger\u00e4te f\u00fcr alle, die einen gr\u00fcnen Daumen haben. Die nachhaltige Materialauswahl sorgt f\u00fcr eine lange Lebensdauer. Diese kleine Gartenschere eignet sich zum Schneiden von Knospen und Blumen. Das Format eignet sich auch hervorragend f\u00fcr die Gartenarbeit in Innenr\u00e4umen.<\/p>\n<p>&#8211; Verschluss hinten<br \/>\n&#8211; ergonomischer Griff<\/p>\n<p>Produktabmessungen in cm: L 3,5 x T 1,4 x H 14,2<br \/>\nMaterial: Eisen, PVC<br \/>\nBruttogewicht: 0.111 kg<br \/>\nNettogewicht: 0.104 kg<\/p>\n","protected":false},"excerpt":{"rendered":"<p>Diese kleine Gartenschere eignet sich zum Schneiden von Knospen und Blumen<\/p>\n","protected":false},"featured_media":52660,"template":"","meta":[],"product_brand":[],"product_cat":[1062,1089,1088,34,39],"product_tag":[289],"woo-feed-brand":[],"class_list":{"0":"post-52661","1":"product","2":"type-product","3":"status-publish","4":"has-post-thumbnail","6":"product_cat-gartenwerkzeug","7":"product_cat-hobbygaertner","8":"product_cat-vatertag","9":"product_cat-garten-balkon","10":"product_cat-gartenzubehoer","11":"product_tag-blumengarten-kung-ag","13":"first","14":"instock","15":"taxable","16":"shipping-taxable","17":"purchasable","18":"product-type-simple"},"_links":{"self":[{"href":"https:\/\/www.fleurop-home.ch\/de-ch\/wp-json\/wp\/v2\/product\/52661","targetHints":{"allow":["GET"]}}],"collection":[{"href":"https:\/\/www.fleurop-home.ch\/de-ch\/wp-json\/wp\/v2\/product"}],"about":[{"href":"https:\/\/www.fleurop-home.ch\/de-ch\/wp-json\/wp\/v2\/types\/product"}],"wp:featuredmedia":[{"embeddable":true,"href":"https:\/\/www.fleurop-home.ch\/de-ch\/wp-json\/wp\/v2\/media\/52660"}],"wp:attachment":[{"href":"https:\/\/www.fleurop-home.ch\/de-ch\/wp-json\/wp\/v2\/media?parent=52661"}],"wp:term":[{"taxonomy":"product_brand","embeddable":true,"href":"https:\/\/www.fleurop-home.ch\/de-ch\/wp-json\/wp\/v2\/product_brand?post=52661"},{"taxonomy":"product_cat","embeddable":true,"href":"https:\/\/www.fleurop-home.ch\/de-ch\/wp-json\/wp\/v2\/product_cat?post=52661"},{"taxonomy":"product_tag","embeddable":true,"href":"https:\/\/www.fleurop-home.ch\/de-ch\/wp-json\/wp\/v2\/product_tag?post=52661"},{"taxonomy":"woo-feed-brand","embeddable":true,"href":"https:\/\/www.fleurop-home.ch\/de-ch\/wp-json\/wp\/v2\/woo-feed-brand?post=52661"}],"curies":[{"name":"wp","href":"https:\/\/api.w.org\/{rel}","templated":true}]}}