{"id":52658,"date":"2025-03-14T15:18:59","date_gmt":"2025-03-14T14:18:59","guid":{"rendered":"https:\/\/www.fleurop-home.ch\/de-ch\/p\/kinderwerkzeug-harke-gruen"},"modified":"2026-04-22T10:59:14","modified_gmt":"2026-04-22T08:59:14","slug":"kinderwerkzeug-harke-gruen","status":"publish","type":"product","link":"https:\/\/www.fleurop-home.ch\/de-ch\/p\/kinderwerkzeug-harke-gruen","title":{"rendered":"Kinderwerkzeug &#8218;Harke&#8216; gr\u00fcn"},"content":{"rendered":"<p>Du bist wie ein echter G\u00e4rtner mit deinen eigenen Gartenwerkzeugen. Dieser gr\u00fcne Metallrechen mit Holzstiel und acht Zinken eignet sich zu einer Bodenvorbereitung vor der Aussaat und zum Einharken von Saatgut oder beispielsweise Gras. Auch zum Lockern oder Einebnen des Bodens geeignet. Aufgrund seiner L\u00e4nge ist dieser Rechen speziell f\u00fcr Kinder geeignet.<\/p>\n<p>mit Aufh\u00e4ngeschnur<\/p>\n<p>Produktabmessungen L 18.4 cm \u00d7 T 7.6 cm \u00d7 H 81.5 cm<br \/>\nMaterial Eisen, Pappel, Nylon<br \/>\nBruttogewicht 0.318 kg<br \/>\nNettogewicht 0.318 kg<br \/>\nFSC\u00ae-Zertifizierung FSC 100%<br \/>\nMit CE-Kennzeichnung Ja<\/p>\n","protected":false},"excerpt":{"rendered":"<p>Du bist wie ein echter G\u00e4rtner mit deinen eigenen Gartenwerkzeugen!<\/p>\n","protected":false},"featured_media":52657,"template":"","meta":[],"product_brand":[],"product_cat":[62,1263,1266,34,39,1122,59],"product_tag":[289],"woo-feed-brand":[],"class_list":{"0":"post-52658","1":"product","2":"type-product","3":"status-publish","4":"has-post-thumbnail","6":"product_cat-spielzeug","7":"product_cat-fleuropkids","8":"product_cat-garten-outdoor","9":"product_cat-garten-balkon","10":"product_cat-gartenzubehoer","11":"product_cat-kids-im-gruenen","12":"product_cat-kids","13":"product_tag-blumengarten-kung-ag","15":"first","16":"instock","17":"taxable","18":"shipping-taxable","19":"purchasable","20":"product-type-simple"},"_links":{"self":[{"href":"https:\/\/www.fleurop-home.ch\/de-ch\/wp-json\/wp\/v2\/product\/52658","targetHints":{"allow":["GET"]}}],"collection":[{"href":"https:\/\/www.fleurop-home.ch\/de-ch\/wp-json\/wp\/v2\/product"}],"about":[{"href":"https:\/\/www.fleurop-home.ch\/de-ch\/wp-json\/wp\/v2\/types\/product"}],"wp:featuredmedia":[{"embeddable":true,"href":"https:\/\/www.fleurop-home.ch\/de-ch\/wp-json\/wp\/v2\/media\/52657"}],"wp:attachment":[{"href":"https:\/\/www.fleurop-home.ch\/de-ch\/wp-json\/wp\/v2\/media?parent=52658"}],"wp:term":[{"taxonomy":"product_brand","embeddable":true,"href":"https:\/\/www.fleurop-home.ch\/de-ch\/wp-json\/wp\/v2\/product_brand?post=52658"},{"taxonomy":"product_cat","embeddable":true,"href":"https:\/\/www.fleurop-home.ch\/de-ch\/wp-json\/wp\/v2\/product_cat?post=52658"},{"taxonomy":"product_tag","embeddable":true,"href":"https:\/\/www.fleurop-home.ch\/de-ch\/wp-json\/wp\/v2\/product_tag?post=52658"},{"taxonomy":"woo-feed-brand","embeddable":true,"href":"https:\/\/www.fleurop-home.ch\/de-ch\/wp-json\/wp\/v2\/woo-feed-brand?post=52658"}],"curies":[{"name":"wp","href":"https:\/\/api.w.org\/{rel}","templated":true}]}}