{"id":52372,"date":"2025-03-04T12:15:32","date_gmt":"2025-03-04T11:15:32","guid":{"rendered":"https:\/\/www.fleurop-home.ch\/de-ch\/?post_type=product&#038;p=52372"},"modified":"2026-02-05T13:49:45","modified_gmt":"2026-02-05T12:49:45","slug":"fruehstuecks-duo","status":"publish","type":"product","link":"https:\/\/www.fleurop-home.ch\/de-ch\/p\/fruehstuecks-duo","title":{"rendered":"Fr\u00fchst\u00fccks-Duo"},"content":{"rendered":"<p>Unser beliebter Brotaufstrich \u00abMorgens\u00fcnde\u00bb und die Trinkschokolade \u00abHuusschoggi Tr\u00e4umli\u00bb bilden das perfekte Fr\u00fchst\u00fccks-Duo!<\/p>\n<p>Kein Fr\u00fchst\u00fcck w\u00e4re komplett ohne unseren hausgemachten Aufstrich aus feinster Pralin\u00e9creme, verfeinert mit H\u00fcppenst\u00fcckchen und Alpensalz. Wenn Sie Trinkschokolade lieben, wird dir die Mischung unseres hausgemachten Premium-Schokoladenpulvers mit edlen Gew\u00fcrzen das Wasser im Mund zusammenlaufen lassen.<\/p>\n<p>Dieses unschlagbare Duo ist ein hochwertiges Geschenk &#8211; auch f\u00fcr Veganer. Sorgf\u00e4ltig verpackt, mit einer eleganten Schleife, f\u00fcr Momente des puren Gl\u00fccks &#8211; auch gleich morgens!<\/p>\n<p style=\"text-align: left;\"><strong>Inhalt<\/strong><br \/>\n1 Glas \u00abMorgens\u00fcnde\u00bb, 300 g<br \/>\n1 Dose \u00abHuusschoggi Tr\u00e4umli\u00bb, 300 g<\/p>\n<p><strong>Masse<\/strong><br \/>\n175 x 155 x 120 mm<\/p>\n<p style=\"text-align: left;\"><a href=\"https:\/\/www.gottlieber.ch\/de\/online-shop\/naehrwertinformationen\" target=\"_blank\" rel=\"noopener\"> N\u00e4hrwertinformationen und Allergikerhinweise<\/a><\/p>\n","protected":false},"excerpt":{"rendered":"<p>Brotaufstrich &amp; Trinkschokolade<\/p>\n","protected":false},"featured_media":52374,"template":"","meta":[],"product_brand":[],"product_cat":[1225,1022,1090,1001,797,1019,1018,1208,999,1088,909,915,42,114,885,52,53],"product_tag":[286],"woo-feed-brand":[],"class_list":{"0":"post-52372","1":"product","2":"type-product","3":"status-publish","4":"has-post-thumbnail","6":"product_cat-genuss","7":"product_cat-brunch","8":"product_cat-geniesser","9":"product_cat-leckereien","10":"product_cat-muttertag","11":"product_cat-osterbrunch","12":"product_cat-ostern","13":"product_cat-ueber-25-chf","14":"product_cat-valentinstag","15":"product_cat-vatertag","16":"product_cat-weihnachten","17":"product_cat-wichteln","18":"product_cat-kueche","19":"product_cat-schokolade-sweets","20":"product_cat-koestlichkeiten","21":"product_cat-geschenke","22":"product_cat-geschenksets","23":"product_tag-gottlieber-spezialitaten-ag","25":"first","26":"instock","27":"taxable","28":"shipping-taxable","29":"purchasable","30":"product-type-simple"},"_links":{"self":[{"href":"https:\/\/www.fleurop-home.ch\/de-ch\/wp-json\/wp\/v2\/product\/52372","targetHints":{"allow":["GET"]}}],"collection":[{"href":"https:\/\/www.fleurop-home.ch\/de-ch\/wp-json\/wp\/v2\/product"}],"about":[{"href":"https:\/\/www.fleurop-home.ch\/de-ch\/wp-json\/wp\/v2\/types\/product"}],"wp:featuredmedia":[{"embeddable":true,"href":"https:\/\/www.fleurop-home.ch\/de-ch\/wp-json\/wp\/v2\/media\/52374"}],"wp:attachment":[{"href":"https:\/\/www.fleurop-home.ch\/de-ch\/wp-json\/wp\/v2\/media?parent=52372"}],"wp:term":[{"taxonomy":"product_brand","embeddable":true,"href":"https:\/\/www.fleurop-home.ch\/de-ch\/wp-json\/wp\/v2\/product_brand?post=52372"},{"taxonomy":"product_cat","embeddable":true,"href":"https:\/\/www.fleurop-home.ch\/de-ch\/wp-json\/wp\/v2\/product_cat?post=52372"},{"taxonomy":"product_tag","embeddable":true,"href":"https:\/\/www.fleurop-home.ch\/de-ch\/wp-json\/wp\/v2\/product_tag?post=52372"},{"taxonomy":"woo-feed-brand","embeddable":true,"href":"https:\/\/www.fleurop-home.ch\/de-ch\/wp-json\/wp\/v2\/woo-feed-brand?post=52372"}],"curies":[{"name":"wp","href":"https:\/\/api.w.org\/{rel}","templated":true}]}}