{"id":52369,"date":"2025-03-04T12:10:38","date_gmt":"2025-03-04T11:10:38","guid":{"rendered":"https:\/\/www.fleurop-home.ch\/de-ch\/?post_type=product&#038;p=52369"},"modified":"2026-04-21T13:06:51","modified_gmt":"2026-04-21T11:06:51","slug":"tradition-hueppen-zum-muttertag-20-stueck","status":"publish","type":"product","link":"https:\/\/www.fleurop-home.ch\/de-ch\/p\/tradition-hueppen-zum-muttertag-20-stueck","title":{"rendered":"Tradition H\u00fcppen \u00abZum Muttertag\u00bb (20 St\u00fcck)"},"content":{"rendered":"<p>Zeige Liebe, Dankbarkeit und w\u00fcnschen alles Gute zum Muttertag mit der beliebten Traditionsmischung (Pralin\u00e9, Mocca, Gianduja) der Gottlieber H\u00fcppen.<\/p>\n<p>Die zartschmelzende Pralin\u00e9-F\u00fcllung wird aus ger\u00f6steten Haseln\u00fcssen und hochwertiger Kakaomasse erstellt. Dies ist auch die Basis der Mocca-F\u00fcllung, welche zus\u00e4tzlich mit feinstem Arabica-Kaffee angereichert wird. Die Gianduja-F\u00fcllung besticht durch einen herrlichen Geschmack von ger\u00f6steten Haseln\u00fcssen und verf\u00fchrt zudem mit Couverture aus dunkler Bio-Schokolade.<\/p>\n<p>Ausserdem sind seit Januar 2023 die H\u00fcppen der Traditionsmischung <strong>vegan\u00a0<\/strong>und\u00a0<strong>palm\u00f6lfrei<\/strong>.<\/p>\n<p>Es heisst, die Traditionsmischung mit Pralin\u00e9, Mocca und Gianduja sei die beste Komposition aus dem Hause Gottlieber. \u00dcberzeuge dich selbst!<\/p>\n<p class=\"product-name\" style=\"text-align: left;\"><strong>Inhalt<br \/>\n<\/strong>20 H\u00fcppen, 300 g<\/p>\n<p><strong>H\u00fcppen-F\u00fcllung<\/strong><br \/>\nPralin\u00e9, Mocca, Gianduja<\/p>\n<p><strong>Masse<\/strong><br \/>\n183 x 165 x 40 mm<\/p>\n<div class=\"ce_text block\">\n<div class=\"ce_text block\" style=\"text-align: left;\">\n<h3>Informationen f\u00fcr Allergiker<\/h3>\n<p>Neben den in den Zutaten erw\u00e4hnten Allergenen sind keine weiteren vorhanden.<\/p>\n<\/div>\n<p><a href=\"https:\/\/www.gottlieber.ch\/de\/online-shop\/naehrwertinformationen\" target=\"_blank\" rel=\"noopener\">N\u00e4hrwertinformationen und Allergikerhinweise<\/a><\/p>\n<\/div>\n","protected":false},"excerpt":{"rendered":"<p>\u00dcberrasche dein Mami mit Gottlieber H\u00fcppen im liebevollen Muttertagsdesign.<\/p>\n","protected":false},"featured_media":52370,"template":"","meta":[],"product_brand":[],"product_cat":[114,1022,1023,797,42,885,52,54],"product_tag":[286],"woo-feed-brand":[],"class_list":{"0":"post-52369","1":"product","2":"type-product","3":"status-publish","4":"has-post-thumbnail","6":"product_cat-schokolade-sweets","7":"product_cat-brunch","8":"product_cat-fuer-mama","9":"product_cat-muttertag","10":"product_cat-kueche","11":"product_cat-koestlichkeiten","12":"product_cat-geschenke","13":"product_cat-feinkost","14":"product_tag-gottlieber-spezialitaten-ag","16":"first","17":"instock","18":"taxable","19":"shipping-taxable","20":"purchasable","21":"product-type-simple"},"_links":{"self":[{"href":"https:\/\/www.fleurop-home.ch\/de-ch\/wp-json\/wp\/v2\/product\/52369","targetHints":{"allow":["GET"]}}],"collection":[{"href":"https:\/\/www.fleurop-home.ch\/de-ch\/wp-json\/wp\/v2\/product"}],"about":[{"href":"https:\/\/www.fleurop-home.ch\/de-ch\/wp-json\/wp\/v2\/types\/product"}],"wp:featuredmedia":[{"embeddable":true,"href":"https:\/\/www.fleurop-home.ch\/de-ch\/wp-json\/wp\/v2\/media\/52370"}],"wp:attachment":[{"href":"https:\/\/www.fleurop-home.ch\/de-ch\/wp-json\/wp\/v2\/media?parent=52369"}],"wp:term":[{"taxonomy":"product_brand","embeddable":true,"href":"https:\/\/www.fleurop-home.ch\/de-ch\/wp-json\/wp\/v2\/product_brand?post=52369"},{"taxonomy":"product_cat","embeddable":true,"href":"https:\/\/www.fleurop-home.ch\/de-ch\/wp-json\/wp\/v2\/product_cat?post=52369"},{"taxonomy":"product_tag","embeddable":true,"href":"https:\/\/www.fleurop-home.ch\/de-ch\/wp-json\/wp\/v2\/product_tag?post=52369"},{"taxonomy":"woo-feed-brand","embeddable":true,"href":"https:\/\/www.fleurop-home.ch\/de-ch\/wp-json\/wp\/v2\/woo-feed-brand?post=52369"}],"curies":[{"name":"wp","href":"https:\/\/api.w.org\/{rel}","templated":true}]}}