{"id":52364,"date":"2025-03-04T11:32:01","date_gmt":"2025-03-04T10:32:01","guid":{"rendered":"https:\/\/www.fleurop-home.ch\/de-ch\/?post_type=product&#038;p=52364"},"modified":"2026-01-12T13:50:10","modified_gmt":"2026-01-12T12:50:10","slug":"grande-chocolait-cappuccino-noix-de-coco-hueppen","status":"publish","type":"product","link":"https:\/\/www.fleurop-home.ch\/de-ch\/p\/grande-chocolait-cappuccino-noix-de-coco-hueppen","title":{"rendered":"GRANDE Chocolait, Cappuccino, Noix de Coco H\u00fcppen"},"content":{"rendered":"<p>Die assortierte Mischung der drei H\u00fcppen-Varianten Chocolait, Cappuccino und Noix de Coco der Royal Edition ist auch als GRANDE in einer exklusiven Geschenkverpackung erh\u00e4ltlich.<\/p>\n<p>Die hochwertige Geschenkverpackung besticht mit ihrem eleganten und zugleich verspielten Design und einer besonders angenehmen Haptik. Nach dem Entfernen des eleganten Sleeve wird das Inlay mit einem edlen Satinband ausgezogen.<\/p>\n<p>Die feine Milchschokoladen-F\u00fcllung ist eine Mischung aus Milchpulver, Bio und Fair Trade Kakaomasse sowie dunkler Bio und Fair Trade Couverture. Ger\u00f6steter Fair Trade Arabica-Kaffee und feinstes Kakaopulver verleihen der delikaten Cappuccino-F\u00fcllung den Geschmack von Schokolade und frisch gebrautem Kaffee Die drei Komponenten Bio Kokoscreme, Bio Kokos\u00f6l und Kokosnussmilchpulver verleihen der dritten Premium-Sorte in diesem Bunde den exotischen Geschmack der Kokosnuss, der in ferne Welten entf\u00fchrt.<\/p>\n<p>Einzeln gerollt und gef\u00fcllt ist jede H\u00fcppe ein kleines Meisterst\u00fcck, das es zu geniessen gilt.<\/p>\n<p class=\"product-name\" style=\"text-align: left;\"><strong>Inhalt<br \/>\n<\/strong>15 H\u00fcppen, 225 g<\/p>\n<p><strong>H\u00fcppen-F\u00fcllung<\/strong><br \/>\nChocolait, Cappuccino, Noix de Coco<\/p>\n<div class=\"ce_text block\">\n<div class=\"ce_text block\" style=\"text-align: left;\">\n<h3>Informationen f\u00fcr Allergiker<\/h3>\n<p>Neben den in den Zutaten erw\u00e4hnten Allergenen sind keine weiteren vorhanden.<\/p>\n<\/div>\n<p><a href=\"https:\/\/www.gottlieber.ch\/de\/online-shop\/naehrwertinformationen\" target=\"_blank\" rel=\"noopener\">N\u00e4hrwertinformationen und Allergikerhinweise<\/a><\/p>\n<\/div>\n","protected":false},"excerpt":{"rendered":"<div class=\"product-teaser\">Royal Edition assortiert<\/div>\n","protected":false},"featured_media":52365,"template":"","meta":[],"product_brand":[],"product_cat":[114,1022,995,1001,797,984,999,42,885,52,54],"product_tag":[286],"woo-feed-brand":[],"class_list":{"0":"post-52364","1":"product","2":"type-product","3":"status-publish","4":"has-post-thumbnail","6":"product_cat-schokolade-sweets","7":"product_cat-brunch","8":"product_cat-essen-trinken","9":"product_cat-leckereien","10":"product_cat-muttertag","11":"product_cat-silvester","12":"product_cat-valentinstag","13":"product_cat-kueche","14":"product_cat-koestlichkeiten","15":"product_cat-geschenke","16":"product_cat-feinkost","17":"product_tag-gottlieber-spezialitaten-ag","19":"first","20":"instock","21":"taxable","22":"shipping-taxable","23":"purchasable","24":"product-type-simple"},"_links":{"self":[{"href":"https:\/\/www.fleurop-home.ch\/de-ch\/wp-json\/wp\/v2\/product\/52364","targetHints":{"allow":["GET"]}}],"collection":[{"href":"https:\/\/www.fleurop-home.ch\/de-ch\/wp-json\/wp\/v2\/product"}],"about":[{"href":"https:\/\/www.fleurop-home.ch\/de-ch\/wp-json\/wp\/v2\/types\/product"}],"wp:featuredmedia":[{"embeddable":true,"href":"https:\/\/www.fleurop-home.ch\/de-ch\/wp-json\/wp\/v2\/media\/52365"}],"wp:attachment":[{"href":"https:\/\/www.fleurop-home.ch\/de-ch\/wp-json\/wp\/v2\/media?parent=52364"}],"wp:term":[{"taxonomy":"product_brand","embeddable":true,"href":"https:\/\/www.fleurop-home.ch\/de-ch\/wp-json\/wp\/v2\/product_brand?post=52364"},{"taxonomy":"product_cat","embeddable":true,"href":"https:\/\/www.fleurop-home.ch\/de-ch\/wp-json\/wp\/v2\/product_cat?post=52364"},{"taxonomy":"product_tag","embeddable":true,"href":"https:\/\/www.fleurop-home.ch\/de-ch\/wp-json\/wp\/v2\/product_tag?post=52364"},{"taxonomy":"woo-feed-brand","embeddable":true,"href":"https:\/\/www.fleurop-home.ch\/de-ch\/wp-json\/wp\/v2\/woo-feed-brand?post=52364"}],"curies":[{"name":"wp","href":"https:\/\/api.w.org\/{rel}","templated":true}]}}