{"id":52142,"date":"2025-02-26T17:58:13","date_gmt":"2025-02-26T16:58:13","guid":{"rendered":"https:\/\/www.fleurop-home.ch\/de-ch\/p\/pflanzenbox-ital-kraeuter-5-pflanzen-14cm-topf"},"modified":"2026-04-14T18:59:53","modified_gmt":"2026-04-14T16:59:53","slug":"kuechenkraeuter-italien-5er-set-o-14cm-topf","status":"publish","type":"product","link":"https:\/\/www.fleurop-home.ch\/de-ch\/p\/kuechenkraeuter-italien-5er-set-o-14cm-topf","title":{"rendered":"K\u00fcchenkr\u00e4uter \u00abItalien\u00bb 5er-Set \u00d8 14cm Topf"},"content":{"rendered":"<p>Kr\u00e4utermix f\u00fcr den ersten Kr\u00e4utergarten<br \/>\nDiverse mediterrane Kr\u00e4uter direkt aus Italien.<\/p>\n<p>Starterkit f\u00fcr den ersten Kr\u00e4utergarten.<br \/>\nWir stellen ihnen einen Kr\u00e4utermix aus den aktuell verf\u00fcgbaren Kr\u00e4uter zusammen.<br \/>\nDarum ist die PflanzenBox ca. 20% g\u00fcnstiger als die einzeln gekauften Kr\u00e4uter.<\/p>\n<p>Sie erhalten eine aktuelle Auswahl an 5 Pflanzen aus diesen Kr\u00e4utern:<br \/>\nCurry Kraut, Dill, Fenchel, Gew\u00fcrzthymian, Koriander, Lavendel, Maggikraut, Majoran, Minze, Oregano, Petersilie, Pfefferminze, Rosmarin, Rucola, Salbei, Stiel-Mangold, Winterbohnenkraut, Zitronenmelisse, Zitronenverbene, etc.<\/p>\n","protected":false},"excerpt":{"rendered":"<p>Diverse mediterrane Kr\u00e4uter direkt aus Italien<\/p>\n","protected":false},"featured_media":52141,"template":"","meta":[],"product_brand":[],"product_cat":[105,34,41],"product_tag":[289],"woo-feed-brand":[],"class_list":{"0":"post-52142","1":"product","2":"type-product","3":"status-publish","4":"has-post-thumbnail","6":"product_cat-kraeuter","7":"product_cat-garten-balkon","8":"product_cat-outdoorpflanzen","9":"product_tag-blumengarten-kung-ag","11":"first","12":"instock","13":"taxable","14":"shipping-taxable","15":"purchasable","16":"product-type-simple"},"_links":{"self":[{"href":"https:\/\/www.fleurop-home.ch\/de-ch\/wp-json\/wp\/v2\/product\/52142","targetHints":{"allow":["GET"]}}],"collection":[{"href":"https:\/\/www.fleurop-home.ch\/de-ch\/wp-json\/wp\/v2\/product"}],"about":[{"href":"https:\/\/www.fleurop-home.ch\/de-ch\/wp-json\/wp\/v2\/types\/product"}],"wp:featuredmedia":[{"embeddable":true,"href":"https:\/\/www.fleurop-home.ch\/de-ch\/wp-json\/wp\/v2\/media\/52141"}],"wp:attachment":[{"href":"https:\/\/www.fleurop-home.ch\/de-ch\/wp-json\/wp\/v2\/media?parent=52142"}],"wp:term":[{"taxonomy":"product_brand","embeddable":true,"href":"https:\/\/www.fleurop-home.ch\/de-ch\/wp-json\/wp\/v2\/product_brand?post=52142"},{"taxonomy":"product_cat","embeddable":true,"href":"https:\/\/www.fleurop-home.ch\/de-ch\/wp-json\/wp\/v2\/product_cat?post=52142"},{"taxonomy":"product_tag","embeddable":true,"href":"https:\/\/www.fleurop-home.ch\/de-ch\/wp-json\/wp\/v2\/product_tag?post=52142"},{"taxonomy":"woo-feed-brand","embeddable":true,"href":"https:\/\/www.fleurop-home.ch\/de-ch\/wp-json\/wp\/v2\/woo-feed-brand?post=52142"}],"curies":[{"name":"wp","href":"https:\/\/api.w.org\/{rel}","templated":true}]}}