{"id":52135,"date":"2025-02-26T17:39:59","date_gmt":"2025-02-26T16:39:59","guid":{"rendered":"https:\/\/www.fleurop-home.ch\/de-ch\/p\/bodensee-bluetentraeume-aussaathilfe-500gr-15m2"},"modified":"2025-05-12T14:34:58","modified_gmt":"2025-05-12T12:34:58","slug":"bodensee-bluetentraeume-aussaathilfe-500gr-15m2","status":"publish","type":"product","link":"https:\/\/www.fleurop-home.ch\/de-ch\/p\/bodensee-bluetentraeume-aussaathilfe-500gr-15m2","title":{"rendered":"Bodensee Bl\u00fctentr\u00e4ume &#8218;Aussaathilfe&#8216; 500gr &#8211; 15m2"},"content":{"rendered":"<p>Aussaathilfe<br \/>\nAussaathilfen erleichtern das gleichm\u00e4ssige Auss\u00e4en auf einer Fl\u00e4che. So wird&#8217;s gemacht:<br \/>\n1. Zun\u00e4chst genaue Fl\u00e4che bestimmen und abgrenzen. Die angegebene Saatmenge je Fl\u00e4che einhalten.<br \/>\n2. Samen mit der Aussaathilfe im Verh\u00e4ltnis von ca. 1:5 mischen, um das Volumen f\u00fcr eine einfachere<br \/>\nAussaat zu erh\u00f6hen.<br \/>\n3. Um eine regelm\u00e4ssige Aussaat zu erhalten, empfehlen wir zwei Arbeitsg\u00e4nge mit je der H\u00e4lfte der Menge: einmal in L\u00e4ngsrichtung und einmal quer.<br \/>\n4. Die optimale Aussaattiefe: F\u00fcr einj\u00e4hrige Samenmischungen (Dunkelkeimer) betr\u00e4gt die Aussaat-tiefe 0,5 &#8211; 1,5 cm. Die Samen werden mit einem Igel oder Rasenrechen entsprechend eingearbeitet.<br \/>\nMehrj\u00e4hrige Mischungen sind Lichtkeimer. Ihre Samen werden nur aufgestreut (nicht in den Boden eingearbeitet).<br \/>\n5. Um einen guten Bodenschluss der Samenk\u00f6rner zu gew\u00e4hrleisten, wird die Fl\u00e4che nach der Aussaat gewalzt oder mit einer flachen Schaufel angedr\u00fcckt.<br \/>\n6. F\u00fcr eine optimale Keimung muss die Fl\u00e4che f\u00fcr mind. 2 &#8211; 3 Wochen gut feucht gehalten werden.<br \/>\nDiese Aussaathilfe besteht aus Maiskolbenschrot und kann bedenkenlos im Garten ausgebracht werden.<\/p>\n","protected":false},"excerpt":{"rendered":"<p>Aussaathilfen erleichtern das gleichm\u00e4ssige Auss\u00e4en auf einer Fl\u00e4che.<\/p>\n","protected":false},"featured_media":52134,"template":"","meta":[],"product_brand":[],"product_cat":[110,1089,1088,34,41],"product_tag":[289],"woo-feed-brand":[],"class_list":{"0":"post-52135","1":"product","2":"type-product","3":"status-publish","4":"has-post-thumbnail","6":"product_cat-samen","7":"product_cat-hobbygaertner","8":"product_cat-vatertag","9":"product_cat-garten-balkon","10":"product_cat-outdoorpflanzen","11":"product_tag-blumengarten-kung-ag","13":"first","14":"instock","15":"taxable","16":"shipping-taxable","17":"purchasable","18":"product-type-simple"},"_links":{"self":[{"href":"https:\/\/www.fleurop-home.ch\/de-ch\/wp-json\/wp\/v2\/product\/52135","targetHints":{"allow":["GET"]}}],"collection":[{"href":"https:\/\/www.fleurop-home.ch\/de-ch\/wp-json\/wp\/v2\/product"}],"about":[{"href":"https:\/\/www.fleurop-home.ch\/de-ch\/wp-json\/wp\/v2\/types\/product"}],"wp:featuredmedia":[{"embeddable":true,"href":"https:\/\/www.fleurop-home.ch\/de-ch\/wp-json\/wp\/v2\/media\/52134"}],"wp:attachment":[{"href":"https:\/\/www.fleurop-home.ch\/de-ch\/wp-json\/wp\/v2\/media?parent=52135"}],"wp:term":[{"taxonomy":"product_brand","embeddable":true,"href":"https:\/\/www.fleurop-home.ch\/de-ch\/wp-json\/wp\/v2\/product_brand?post=52135"},{"taxonomy":"product_cat","embeddable":true,"href":"https:\/\/www.fleurop-home.ch\/de-ch\/wp-json\/wp\/v2\/product_cat?post=52135"},{"taxonomy":"product_tag","embeddable":true,"href":"https:\/\/www.fleurop-home.ch\/de-ch\/wp-json\/wp\/v2\/product_tag?post=52135"},{"taxonomy":"woo-feed-brand","embeddable":true,"href":"https:\/\/www.fleurop-home.ch\/de-ch\/wp-json\/wp\/v2\/woo-feed-brand?post=52135"}],"curies":[{"name":"wp","href":"https:\/\/api.w.org\/{rel}","templated":true}]}}