{"id":52129,"date":"2025-02-26T17:39:38","date_gmt":"2025-02-26T16:39:38","guid":{"rendered":"https:\/\/www.fleurop-home.ch\/de-ch\/p\/bodensee-bluetentraeume-butterflys-garden-100gr"},"modified":"2025-04-01T03:44:20","modified_gmt":"2025-04-01T01:44:20","slug":"bodensee-bluetentraeume-butterflys-garden-100gr","status":"publish","type":"product","link":"https:\/\/www.fleurop-home.ch\/de-ch\/p\/bodensee-bluetentraeume-butterflys-garden-100gr","title":{"rendered":"Bodensee Bl\u00fctentr\u00e4ume &#8218;Butterfly&#8217;s Garden&#8216; 100gr"},"content":{"rendered":"<p>Verwandle langweilige Rabatten und pflegeintensive Rasenfl\u00e4chen in ein zauberhaftes Bl\u00fctenmeer.<br \/>\nEine Wohltat f\u00fcr jeden Betrachter und die Insekten!<\/p>\n<p>\u00abButterfly\u2019s Garden\u00bb<br \/>\nNektar und \u00abWeide\u00bb f\u00fcr diverse Insekten.<br \/>\n\u2022 Wuchsh\u00f6he: 50 \u2013 80 cm<br \/>\n\u2022 Kornblume, Wegwarte, Margerite, Bisam-Malve, Echte<br \/>\nKamille, Klatschmohn, Kornrade, Acker-Rittersporn, Wiesen-Labkraut, Weisser Honigklee, Acker-Schwarz- k\u00fcmmel, Pastinake, Gelbe Reseda, Kuhnelke, Ackersalat, Grossbl\u00fctige K\u00f6nigskerze uvm.<br \/>\n\u2022 Aussaatmenge: ca. 8 g\/m2<\/p>\n<p>Wildkr\u00e4utermischung mit bis zu 23 ein- und zweij\u00e4hrigen Arten:<br \/>\nKornblume, Wegwarte, Margerite, Bisam-Malve, Echte Kamille, Klatschmohn, Konrade, Acker-Rittersporn, Wilde M\u00f6hre, Wiesen-Labkraut, Weisser Honigklee, Acker-Schwarz-k\u00fcmmel, Gelbe Reseda, Kuhnelke, Ackersalat, Grossbl\u00fctige K\u00f6nigskerze und viele mehr.<br \/>\nSchweizer Inland \u00d6kotypen aus biologischer Vermehrung. Spenden viel Nektar und Futter f\u00fcr Bienen und andere n\u00fctzliche Insekten.<br \/>\nWuchsh\u00f6he: 50-80 cm<br \/>\nAussaat: Die Aussaat erfolgt im Fr\u00fchjahr &#8211; je nach Witterung von Mitte April bis etwa Mitte Juni. Ausges\u00e4t werden kann in jeden gelockerten Gartenboden, gr\u00f6ssere Schalen, T\u00f6pfe oder auch Balkonk\u00e4sten. Ein sonniger Standort wird bevorzugt.<br \/>\nAussaatmenge: ca. 8 Gramm\/m? inkl. Saathelfer zur besseren Streugenauigkeit.<br \/>\nBl\u00fctezeit: ab Mitte Mai bis zum ersten Frost.<br \/>\nSonstiges: Die Fl\u00e4che sollte ca. 5-10 cm tief gelockert sein. Am besten kann dies bereits im Herbst des Voriahres vorbereitet werden oder im Abstand von 2 Wochen 1-2 Mal oberfl\u00e4chlich bearbeiten, um keimendes Unkraut zu eliminieren. Auf fruchtbarem Boden ist keine D\u00fcngung erforderlich. Vor der Aussaat den Boden fein ausplanieren.<br \/>\nGrobe Steine und Wurzelunkr\u00e4uter dabei beseitigen. Die Samenmenge kann durch Beigabe von S\u00e4gemehl oder Quarzsand auf das 3- bis 5-fache des Volumens gestreckt werden. Dadurch wird eine bessere Verteilung der Samen auf die Fl\u00e4che gew\u00e4hrleistet.<br \/>\nDie optimale Aussaattiefe betr\u00e4gt zwischen 0,5 und 1,5 cm. Bis zur Keimung feucht halten. Keimzeit: 1-3 Wochen.<\/p>\n","protected":false},"excerpt":{"rendered":"<p>Verwandle langweilige Rabatten und pflegeintensive Rasenfl\u00e4chen in ein zauberhaftes Bl\u00fctenmeer.<\/p>\n","protected":false},"featured_media":52128,"template":"","meta":[],"product_brand":[],"product_cat":[110,34,41],"product_tag":[289],"woo-feed-brand":[],"class_list":{"0":"post-52129","1":"product","2":"type-product","3":"status-publish","4":"has-post-thumbnail","6":"product_cat-samen","7":"product_cat-garten-balkon","8":"product_cat-outdoorpflanzen","9":"product_tag-blumengarten-kung-ag","11":"first","12":"instock","13":"taxable","14":"shipping-taxable","15":"purchasable","16":"product-type-simple"},"_links":{"self":[{"href":"https:\/\/www.fleurop-home.ch\/de-ch\/wp-json\/wp\/v2\/product\/52129","targetHints":{"allow":["GET"]}}],"collection":[{"href":"https:\/\/www.fleurop-home.ch\/de-ch\/wp-json\/wp\/v2\/product"}],"about":[{"href":"https:\/\/www.fleurop-home.ch\/de-ch\/wp-json\/wp\/v2\/types\/product"}],"wp:featuredmedia":[{"embeddable":true,"href":"https:\/\/www.fleurop-home.ch\/de-ch\/wp-json\/wp\/v2\/media\/52128"}],"wp:attachment":[{"href":"https:\/\/www.fleurop-home.ch\/de-ch\/wp-json\/wp\/v2\/media?parent=52129"}],"wp:term":[{"taxonomy":"product_brand","embeddable":true,"href":"https:\/\/www.fleurop-home.ch\/de-ch\/wp-json\/wp\/v2\/product_brand?post=52129"},{"taxonomy":"product_cat","embeddable":true,"href":"https:\/\/www.fleurop-home.ch\/de-ch\/wp-json\/wp\/v2\/product_cat?post=52129"},{"taxonomy":"product_tag","embeddable":true,"href":"https:\/\/www.fleurop-home.ch\/de-ch\/wp-json\/wp\/v2\/product_tag?post=52129"},{"taxonomy":"woo-feed-brand","embeddable":true,"href":"https:\/\/www.fleurop-home.ch\/de-ch\/wp-json\/wp\/v2\/woo-feed-brand?post=52129"}],"curies":[{"name":"wp","href":"https:\/\/api.w.org\/{rel}","templated":true}]}}