{"id":52120,"date":"2025-02-26T17:39:05","date_gmt":"2025-02-26T16:39:05","guid":{"rendered":"https:\/\/www.fleurop-home.ch\/de-ch\/p\/bodensee-bluetentraeume-schattenpracht-100gr"},"modified":"2025-05-12T14:35:04","modified_gmt":"2025-05-12T12:35:04","slug":"bodensee-bluetentraeume-schattenpracht-100gr","status":"publish","type":"product","link":"https:\/\/www.fleurop-home.ch\/de-ch\/p\/bodensee-bluetentraeume-schattenpracht-100gr","title":{"rendered":"Bodensee Bl\u00fctentr\u00e4ume &#8218;Schattenpracht&#8216; 100gr"},"content":{"rendered":"<p>Verwandle langweilige Rabatten und pflegeintensive Rasenfl\u00e4chen in ein zauberhaftes Bl\u00fctenmeer.<br \/>\nEine Wohltat f\u00fcr jeden Betrachter und die Insekten!<\/p>\n<p>Schattig. Blumig. Farbenfroh.<br \/>\n\u2022 Wuchsh\u00f6he: 30 \u2013 50 cm<br \/>\n\u2022 Feuer-Salbei, Kapuzinerkresse, Fleissige Lieschen, Vanilleblume, Browallia, M\u00e4nnertreu, Leberbalsam, Elfenspiegel, Rosen-Balsamine und Buntnessel.<br \/>\n\u2022 Aussaatmenge: 16 g\/m2<\/p>\n<p>Unsere einj\u00e4hrige Bl\u00fchmischung enth\u00e4lt 10 Arten:<br \/>\nFeuer-Salbei, Kapuzinerkresse, Fleissige Lieschen, Vanilleblume, Browallia, ivi\u00e4rmertreu, Leberbalsam, Elfenspiegel, Rosen-Balsamine und Buntnessel.<br \/>\nWuchsh\u00f6he: 30 &#8211; 50 cm<br \/>\nAussaatzeitpunkt: Die Aussaat kann je nach Witterung von Anfang April bis Juni erfolgen. Ausges\u00e4t werden kann in jeden gelockerten Gartenboden.<br \/>\nEin schattiger Standort wird bevorzugt.<br \/>\nAussaatmenge: 16 g\/m?<br \/>\nBl\u00fctezeit: Anfang Juni bis zum ersten Frost<br \/>\nSonstiges: Unsere Schattenpracht wurde speziell f\u00fcr schattige, eher feuchte Lagen konzipiert.<br \/>\nDiese besondere Mischung ben\u00f6tigt auf fruchtbarem Boden keinerlei D\u00fcngung. Die Fl\u00e4che zur Einsaat sollte ca. 5 cm tief gelockert sein. Die Samenmenge kann durch<br \/>\nBeigabe von S\u00e4gemehl oder Quarzsand auf das 3- bis 5-fache des Volumens aufgemischt werden. Dadurch wird eine bessere Verteilung der Samen auf die Fl\u00e4che gew\u00e4hrleistet.<br \/>\nDie optimale Aussaattiefe betr\u00e4gt zwischen 0,5 und 1,5 cm. Die ersten 3 &#8211; 4 Wochen sollte auf gen\u00fcgend Feuchtigkeit geachtet werden.<\/p>\n","protected":false},"excerpt":{"rendered":"<p>Verwandle langweilige Rabatten und pflegeintensive Rasenfl\u00e4chen in ein zauberhaftes Bl\u00fctenmeer.<\/p>\n","protected":false},"featured_media":52119,"template":"","meta":[],"product_brand":[],"product_cat":[110,1089,1088,34,41],"product_tag":[289],"woo-feed-brand":[],"class_list":{"0":"post-52120","1":"product","2":"type-product","3":"status-publish","4":"has-post-thumbnail","6":"product_cat-samen","7":"product_cat-hobbygaertner","8":"product_cat-vatertag","9":"product_cat-garten-balkon","10":"product_cat-outdoorpflanzen","11":"product_tag-blumengarten-kung-ag","13":"first","14":"instock","15":"taxable","16":"shipping-taxable","17":"purchasable","18":"product-type-simple"},"_links":{"self":[{"href":"https:\/\/www.fleurop-home.ch\/de-ch\/wp-json\/wp\/v2\/product\/52120","targetHints":{"allow":["GET"]}}],"collection":[{"href":"https:\/\/www.fleurop-home.ch\/de-ch\/wp-json\/wp\/v2\/product"}],"about":[{"href":"https:\/\/www.fleurop-home.ch\/de-ch\/wp-json\/wp\/v2\/types\/product"}],"wp:featuredmedia":[{"embeddable":true,"href":"https:\/\/www.fleurop-home.ch\/de-ch\/wp-json\/wp\/v2\/media\/52119"}],"wp:attachment":[{"href":"https:\/\/www.fleurop-home.ch\/de-ch\/wp-json\/wp\/v2\/media?parent=52120"}],"wp:term":[{"taxonomy":"product_brand","embeddable":true,"href":"https:\/\/www.fleurop-home.ch\/de-ch\/wp-json\/wp\/v2\/product_brand?post=52120"},{"taxonomy":"product_cat","embeddable":true,"href":"https:\/\/www.fleurop-home.ch\/de-ch\/wp-json\/wp\/v2\/product_cat?post=52120"},{"taxonomy":"product_tag","embeddable":true,"href":"https:\/\/www.fleurop-home.ch\/de-ch\/wp-json\/wp\/v2\/product_tag?post=52120"},{"taxonomy":"woo-feed-brand","embeddable":true,"href":"https:\/\/www.fleurop-home.ch\/de-ch\/wp-json\/wp\/v2\/woo-feed-brand?post=52120"}],"curies":[{"name":"wp","href":"https:\/\/api.w.org\/{rel}","templated":true}]}}