{"id":52114,"date":"2025-02-26T17:38:44","date_gmt":"2025-02-26T16:38:44","guid":{"rendered":"https:\/\/www.fleurop-home.ch\/de-ch\/p\/bodensee-bluetentraeume-mohnwiese-100gr"},"modified":"2025-05-12T14:35:06","modified_gmt":"2025-05-12T12:35:06","slug":"bodensee-bluetentraeume-mohnwiese-100gr","status":"publish","type":"product","link":"https:\/\/www.fleurop-home.ch\/de-ch\/p\/bodensee-bluetentraeume-mohnwiese-100gr","title":{"rendered":"Bodensee Bl\u00fctentr\u00e4ume &#8218;Mohnwiese&#8216; 100gr"},"content":{"rendered":"<p>Verwandle langweilige Rabatten und pflegeintensive Rasenfl\u00e4chen in ein zauberhaftes Bl\u00fctenmeer.<br \/>\nEine Wohltat f\u00fcr jeden Betrachter und die Insekten!<\/p>\n<p>Inspiriert von Claude Monet und nicht nur f\u00fcr Maler!<br \/>\n\u2022 Wuchsh\u00f6he: 60 \u2013 90 cm<br \/>\n\u2022 Klatschmohn, Seidenmohn, Kornblumen, ung. Rittersporn, Nachtviole und roter Lein uvm.<br \/>\n\u2022 Aussaatmenge: ca. 5 g\/m2<\/p>\n<p>Unsere einj\u00e4hrige Bl\u00fchmischung enth\u00e4lt bis zu 20 Arten:<br \/>\nKlatschmohn, Seidenmohn, Kornblumen, ung. Rittersporn, Nachtviole, Seifenkraut und roter Lein uvm.<br \/>\nWuchsh\u00f6he: 60 &#8211; 90 cm<br \/>\nAussaatzeitpunkt: Die Aussaat kann sowohl im Sp\u00e4tsommer (August-September) oder bereits im Februar bis Ende April erfolgen. Unsere Bl\u00fchmischung gedeiht am besten auf 5 cm tief gelockertem Garten- oder Ackerboden. Ein sonniger Standort wird bevorzugt.<br \/>\nAussaatmenge: ca. 5 g\/m?<br \/>\nBl\u00fctezeit: Mitte Mai bis Ende Juni ca. 3 &#8211; 4 Wochen<br \/>\nSonstiges: Das Volumen der Saatgutmenge sollte durch Beigabe von S\u00e4gemehl oder Quarzsand auf das 3- bis 5fache gestreckt werden. Dadurch wird eine bessere Verteilung der Samen auf die Fl\u00e4che gew\u00e4hrleistet. Die optimale Aussaat-Tiefe betr\u00e4gt 0,5 cm. Nach der Aussaat mit einem Rechen durchplanieren, etwas andr\u00fccken oder walzen und in der Keimphase auf gen\u00fcgend Feuchtigkeit achten.<br \/>\nUnter guten Voraussetzungen keimen die meisten Samen in 1 &#8211; 3 Wochen.<br \/>\nNach Abbl\u00fchen der Mohnwiese, etwa Ende Juni, kann die Pflanzfl\u00e4che aufs neue gelockert und f\u00fcr eine weitere Ansaat vorbereitet werden. Durch diese so genannte<br \/>\n\u00abSommersaat\u00bb erhalten Sie noch eine sch\u00f6ne Sp\u00e4tsommerbl\u00fcte.<\/p>\n","protected":false},"excerpt":{"rendered":"<p>Verwandle langweilige Rabatten und pflegeintensive Rasenfl\u00e4chen in ein zauberhaftes Bl\u00fctenmeer.<\/p>\n","protected":false},"featured_media":52113,"template":"","meta":[],"product_brand":[],"product_cat":[110,1089,1088,34,41],"product_tag":[289],"woo-feed-brand":[],"class_list":{"0":"post-52114","1":"product","2":"type-product","3":"status-publish","4":"has-post-thumbnail","6":"product_cat-samen","7":"product_cat-hobbygaertner","8":"product_cat-vatertag","9":"product_cat-garten-balkon","10":"product_cat-outdoorpflanzen","11":"product_tag-blumengarten-kung-ag","13":"first","14":"instock","15":"taxable","16":"shipping-taxable","17":"purchasable","18":"product-type-simple"},"_links":{"self":[{"href":"https:\/\/www.fleurop-home.ch\/de-ch\/wp-json\/wp\/v2\/product\/52114","targetHints":{"allow":["GET"]}}],"collection":[{"href":"https:\/\/www.fleurop-home.ch\/de-ch\/wp-json\/wp\/v2\/product"}],"about":[{"href":"https:\/\/www.fleurop-home.ch\/de-ch\/wp-json\/wp\/v2\/types\/product"}],"wp:featuredmedia":[{"embeddable":true,"href":"https:\/\/www.fleurop-home.ch\/de-ch\/wp-json\/wp\/v2\/media\/52113"}],"wp:attachment":[{"href":"https:\/\/www.fleurop-home.ch\/de-ch\/wp-json\/wp\/v2\/media?parent=52114"}],"wp:term":[{"taxonomy":"product_brand","embeddable":true,"href":"https:\/\/www.fleurop-home.ch\/de-ch\/wp-json\/wp\/v2\/product_brand?post=52114"},{"taxonomy":"product_cat","embeddable":true,"href":"https:\/\/www.fleurop-home.ch\/de-ch\/wp-json\/wp\/v2\/product_cat?post=52114"},{"taxonomy":"product_tag","embeddable":true,"href":"https:\/\/www.fleurop-home.ch\/de-ch\/wp-json\/wp\/v2\/product_tag?post=52114"},{"taxonomy":"woo-feed-brand","embeddable":true,"href":"https:\/\/www.fleurop-home.ch\/de-ch\/wp-json\/wp\/v2\/woo-feed-brand?post=52114"}],"curies":[{"name":"wp","href":"https:\/\/api.w.org\/{rel}","templated":true}]}}